{"id":3444,"date":"2020-09-11T14:08:18","date_gmt":"2020-09-11T12:08:18","guid":{"rendered":"https:\/\/www.unmz.gov.cz\/?page_id=3444"},"modified":"2022-05-16T14:44:53","modified_gmt":"2022-05-16T12:44:53","slug":"pavus-a-s","status":"publish","type":"page","link":"https:\/\/unmz.gov.cz\/en\/statni-zkusebnictvi\/autorizovane-osoby-oznamene-subjekty\/seznam-ao-os-a-uno\/pavus-a-s\/","title":{"rendered":"PAVUS, a.s."},"content":{"rendered":"<p><strong>PAVUS, a.s.<\/strong><em><br \/>\n(The Fire Institute Prague)<\/em><br \/>\nProseck\u00e1 412\/74, 190 00 Prague 9 - Prosek<u><br \/>\n<a href=\"http:\/\/www.pavus.cz\/\">www.pavus.cz<\/a><\/u><\/p>\n<p>Identification number of the notified person -\u00a0<strong>1391<\/strong><br \/>\nthe activities of a notified body under Regulation (EU) No.\u00a0<strong>305\/11<\/strong><br \/>\nthe activities of an authorised person under the NV: <strong>173\/97 <\/strong>(+174\/98+78\/99+323\/00+329\/02+88\/10+450\/16)<strong>, 163\/02 <\/strong>(+312\/05+215\/16)<\/p>\n<p>statutory representative: Ing. Ji\u0159\u00ed Studni\u010dka, Chairman of the Board of Directors<br \/>\nExecutive Director of PAVUS a.s.: Ing. Jan Tripes, tel.: 286 019 586, e-mail: tripes@pavus.cz<br \/>\nHead of the Prague - 1 branch: Ing. Jaroslav Kope\u010dn\u00fd, tel.: 420 286 019 407, e-mail: <a href=\"mailto:kopecny@pavus.cz\">kopecny@pavus.cz <\/a><\/p>\n<p>telephone switchboard: 286 019 587<br \/>\nfax: 286 019 590<br \/>\ne-mail:\u00a0<u><a href=\"mailto:mail@pavus.cz\">mail@pavus.cz<\/a><\/u><\/p>","protected":false},"excerpt":{"rendered":"<p>PAVUS, a.s. (The Fire Institute Prague) Proseck\u00e1 412\/74, 190 00 Praha 9 \u2013 Prosek www.pavus.cz Identifika\u010dn\u00ed \u010d\u00edslo notifikovan\u00e9 osoby \u2013\u00a01391 \u010dinnost ozn\u00e1men\u00e9ho subjektu podle na\u0159\u00edzen\u00ed Evropsk\u00e9ho parlamentu a Rady (EU) \u010d.\u00a0305\/11 \u010dinnost autorizovan\u00e9 osoby podle NV: 173\/97 (+174\/98+78\/99+323\/00+329\/02+88\/10+450\/16), 163\/02 (+312\/05+215\/16) statut\u00e1rn\u00ed z\u00e1stupce: Ing. Ji\u0159\u00ed Studni\u010dka, p\u0159edseda p\u0159edstavenstva v\u00fdkonn\u00fd \u0159editel PAVUS a.s.: Ing. Jan Tripes, tel.: [&hellip;]<\/p>\n","protected":false},"author":5,"featured_media":0,"parent":3339,"menu_order":0,"comment_status":"closed","ping_status":"closed","template":"","meta":{"_acf_changed":false,"_seopress_robots_primary_cat":"","_seopress_titles_title":"","_seopress_titles_desc":"","_seopress_robots_index":"","_lmt_disableupdate":"","_lmt_disable":"","footnotes":""},"class_list":["post-3444","page","type-page","status-publish","hentry"],"acf":[],"_links":{"self":[{"href":"https:\/\/unmz.gov.cz\/en\/wp-json\/wp\/v2\/pages\/3444","targetHints":{"allow":["GET"]}}],"collection":[{"href":"https:\/\/unmz.gov.cz\/en\/wp-json\/wp\/v2\/pages"}],"about":[{"href":"https:\/\/unmz.gov.cz\/en\/wp-json\/wp\/v2\/types\/page"}],"author":[{"embeddable":true,"href":"https:\/\/unmz.gov.cz\/en\/wp-json\/wp\/v2\/users\/5"}],"replies":[{"embeddable":true,"href":"https:\/\/unmz.gov.cz\/en\/wp-json\/wp\/v2\/comments?post=3444"}],"version-history":[{"count":0,"href":"https:\/\/unmz.gov.cz\/en\/wp-json\/wp\/v2\/pages\/3444\/revisions"}],"up":[{"embeddable":true,"href":"https:\/\/unmz.gov.cz\/en\/wp-json\/wp\/v2\/pages\/3339"}],"wp:attachment":[{"href":"https:\/\/unmz.gov.cz\/en\/wp-json\/wp\/v2\/media?parent=3444"}],"curies":[{"name":"wp","href":"https:\/\/api.w.org\/{rel}","templated":true}]}}