{"id":3446,"date":"2020-09-11T14:08:56","date_gmt":"2020-09-11T12:08:56","guid":{"rendered":"https:\/\/www.unmz.gov.cz\/?page_id=3446"},"modified":"2020-09-17T12:21:34","modified_gmt":"2020-09-17T10:21:34","slug":"qualiform-a-s","status":"publish","type":"page","link":"https:\/\/unmz.gov.cz\/en\/statni-zkusebnictvi\/autorizovane-osoby-oznamene-subjekty\/seznam-ao-os-a-uno\/qualiform-a-s\/","title":{"rendered":"QUALIFORM, a.s."},"content":{"rendered":"<p><strong>QUALIFORM, a.s.<\/strong><em><br \/>\n(QUALIFORM, a. s.)<\/em><br \/>\nMlaty 672\/8, 642 00 Brno-Bosonohy<br \/>\n<u><a href=\"http:\/\/www.qualiform.cz\/\">www.qualiform.cz<\/a><\/u><\/p>\n<p>Identification number of the notified person -\u00a0<strong>1544<\/strong><br \/>\nthe activities of the notified body under the NV:\u00a0<strong>219\/16<\/strong><br \/>\nthe activities of a notified body under Regulation (EU) No.<strong>\u00a0305\/11<\/strong><br \/>\nthe activities of an authorised person under the NV: <strong>163\/02 <\/strong>(+312\/05+215\/16)<\/p>\n<p>statutory representative: Ing. Michal \u0160enk\u00fd\u0159, statutory director, mobile: +420 606 660 977, e-mail:\u00a0<a href=\"mailto:reditel@qualiform.cz\">reditel@qualiform.cz<\/a><br \/>\nRepresentative: Ing. Alan Malec, tel.: 547 422 516, mobile: 606 618 515, e-mail:\u00a0<a href=\"mailto:malec@qualiform.cz\">malec@qualiform.cz<\/a><\/p>\n<p>telephone switchboard: 547 422 511<br \/>\ne-mail:\u00a0<u><a href=\"mailto:info@qualiform.cz\">info@qualiform.cz<\/a><\/u><\/p>","protected":false},"excerpt":{"rendered":"<p>QUALIFORM, a.s. (QUALIFORM, a. s.) Mlaty 672\/8, 642 00 Brno-Bosonohy www.qualiform.cz Identifika\u010dn\u00ed \u010d\u00edslo notifikovan\u00e9 osoby\u00a0\u2013\u00a01544 \u010dinnost ozn\u00e1men\u00e9ho subjektu podle NV:\u00a0219\/16 \u010dinnost ozn\u00e1men\u00e9ho subjektu podle na\u0159\u00edzen\u00ed Evropsk\u00e9ho parlamentu a Rady (EU) \u010d.\u00a0305\/11 \u010dinnost autorizovan\u00e9 osoby podle NV: 163\/02 (+312\/05+215\/16) statut\u00e1rn\u00ed z\u00e1stupce: Ing. Michal \u0160enk\u00fd\u0159, statut\u00e1rn\u00ed \u0159editel, mobil: +420 606 660 977, e-mail:\u00a0reditel@qualiform.cz z\u00e1stupce: Ing. Alan Malec, [&hellip;]<\/p>\n","protected":false},"author":5,"featured_media":0,"parent":3339,"menu_order":0,"comment_status":"closed","ping_status":"closed","template":"","meta":{"_acf_changed":false,"_seopress_robots_primary_cat":"","_seopress_titles_title":"","_seopress_titles_desc":"","_seopress_robots_index":"","_lmt_disableupdate":"","_lmt_disable":"","footnotes":""},"class_list":["post-3446","page","type-page","status-publish","hentry"],"acf":[],"_links":{"self":[{"href":"https:\/\/unmz.gov.cz\/en\/wp-json\/wp\/v2\/pages\/3446","targetHints":{"allow":["GET"]}}],"collection":[{"href":"https:\/\/unmz.gov.cz\/en\/wp-json\/wp\/v2\/pages"}],"about":[{"href":"https:\/\/unmz.gov.cz\/en\/wp-json\/wp\/v2\/types\/page"}],"author":[{"embeddable":true,"href":"https:\/\/unmz.gov.cz\/en\/wp-json\/wp\/v2\/users\/5"}],"replies":[{"embeddable":true,"href":"https:\/\/unmz.gov.cz\/en\/wp-json\/wp\/v2\/comments?post=3446"}],"version-history":[{"count":0,"href":"https:\/\/unmz.gov.cz\/en\/wp-json\/wp\/v2\/pages\/3446\/revisions"}],"up":[{"embeddable":true,"href":"https:\/\/unmz.gov.cz\/en\/wp-json\/wp\/v2\/pages\/3339"}],"wp:attachment":[{"href":"https:\/\/unmz.gov.cz\/en\/wp-json\/wp\/v2\/media?parent=3446"}],"curies":[{"name":"wp","href":"https:\/\/api.w.org\/{rel}","templated":true}]}}