{"id":3448,"date":"2020-09-11T14:09:28","date_gmt":"2020-09-11T12:09:28","guid":{"rendered":"https:\/\/www.unmz.gov.cz\/?page_id=3448"},"modified":"2021-01-22T09:41:01","modified_gmt":"2021-01-22T08:41:01","slug":"railtest-a-s","status":"publish","type":"page","link":"https:\/\/unmz.gov.cz\/en\/statni-zkusebnictvi\/autorizovane-osoby-oznamene-subjekty\/seznam-ao-os-a-uno\/railtest-a-s\/","title":{"rendered":"RAILTEST, a.s."},"content":{"rendered":"<table class=\"table\" border=\"0\" width=\"97%\" cellspacing=\"0\" cellpadding=\"0\">\n<tbody>\n<tr>\n<td width=\"81%\"><strong>RAILTEST, a.s.<\/strong><br \/>\n(<em>RAILTEST JsC)<\/em><br \/>\nD\u011blnick\u00e1 1408\/29, 40502 D\u011b\u010d\u00edn VI<br \/>\n<a href=\"http:\/\/www.railtest.cz\/\">www.railtest.cz<\/a>Identification number of the notified person -\u00a0<strong>2420<\/strong><br \/>\nthe activity of a notified person under the NV: <strong>208\/11<\/strong><\/p>\n<p>statutory representative: Ing. Jan Zem\u010d\u00edk, Statutory Director,tel.: 736 506 098, e-mail:\u00a0<a href=\"mailto:j.zemcik@railtest.cz\">j.zemcik@railtest.cz<\/a><\/p>\n<p>telephone switchboard: 412 598 225<br \/>\nfax: 412 598 221<\/td>\n<\/tr>\n<\/tbody>\n<\/table>","protected":false},"excerpt":{"rendered":"<p>RAILTEST, a.s. (RAILTEST JsC) D\u011blnick\u00e1 1408\/29, 40502 D\u011b\u010d\u00edn VI www.railtest.czIdentifika\u010dn\u00ed Notified person number - 2420 Notified person activity according to NV: 208\/11 Statutory representative: Ing. Jan Zem\u010d\u00edk, statutory director, tel.: 736 506 098, e-mail: j.zemcik@railtest.cz telephone switchboard: 412 598 225 fax: 412 598 221<\/p>","protected":false},"author":5,"featured_media":0,"parent":3339,"menu_order":0,"comment_status":"closed","ping_status":"closed","template":"","meta":{"_acf_changed":false,"_seopress_robots_primary_cat":"","_seopress_titles_title":"","_seopress_titles_desc":"","_seopress_robots_index":"","_lmt_disableupdate":"","_lmt_disable":"","footnotes":""},"class_list":["post-3448","page","type-page","status-publish","hentry"],"acf":[],"_links":{"self":[{"href":"https:\/\/unmz.gov.cz\/en\/wp-json\/wp\/v2\/pages\/3448","targetHints":{"allow":["GET"]}}],"collection":[{"href":"https:\/\/unmz.gov.cz\/en\/wp-json\/wp\/v2\/pages"}],"about":[{"href":"https:\/\/unmz.gov.cz\/en\/wp-json\/wp\/v2\/types\/page"}],"author":[{"embeddable":true,"href":"https:\/\/unmz.gov.cz\/en\/wp-json\/wp\/v2\/users\/5"}],"replies":[{"embeddable":true,"href":"https:\/\/unmz.gov.cz\/en\/wp-json\/wp\/v2\/comments?post=3448"}],"version-history":[{"count":0,"href":"https:\/\/unmz.gov.cz\/en\/wp-json\/wp\/v2\/pages\/3448\/revisions"}],"up":[{"embeddable":true,"href":"https:\/\/unmz.gov.cz\/en\/wp-json\/wp\/v2\/pages\/3339"}],"wp:attachment":[{"href":"https:\/\/unmz.gov.cz\/en\/wp-json\/wp\/v2\/media?parent=3448"}],"curies":[{"name":"wp","href":"https:\/\/api.w.org\/{rel}","templated":true}]}}