{"id":3452,"date":"2020-09-11T14:12:09","date_gmt":"2020-09-11T12:12:09","guid":{"rendered":"https:\/\/www.unmz.gov.cz\/?page_id=3452"},"modified":"2020-09-17T09:31:56","modified_gmt":"2020-09-17T07:31:56","slug":"road-development-zdz-spol-s-r-o","status":"publish","type":"page","link":"https:\/\/unmz.gov.cz\/en\/statni-zkusebnictvi\/autorizovane-osoby-oznamene-subjekty\/seznam-ao-os-a-uno\/silnicni-vyvoj-zdz-spol-s-r-o\/","title":{"rendered":"Road development - ZDZ spol.s r.o."},"content":{"rendered":"<p><strong>Road development - ZDZ spol.s r.o.<\/strong><br \/>\n(<em>Road Research Institute - Testing of Traffic Signs)<br \/>\n<\/em>J\u00edlkova 76, 615 00 Brno<br \/>\n<u><a href=\"http:\/\/www.silvyvoj.cz\/\">www.silvyvoj.cz<\/a><\/u><\/p>\n<p>Identification number of the notified person -\u00a0<strong>1388<\/strong><br \/>\nthe activities of a notified body under Regulation (EU) No.\u00a0<strong>305\/11<\/strong><br \/>\nthe activities of an authorised person under the NV: <strong>163\/02 <\/strong>(+312\/05+215\/16)<\/p>\n<p>statutory representative: Ing. Irena \u0160a\u0161inkov\u00e1, CSc., Executive Director, tel.: 548 424 211<br \/>\nRepresentative: Ing. Martin T\u00f3th, MBA, tel.: 548 424 211<\/p>\n<p>fax: 548 424 210<br \/>\ne-mail:\u00a0<u><a href=\"mailto:svzdz@seznam.cz\">svzdz@seznam.cz<\/a><\/u><\/p>","protected":false},"excerpt":{"rendered":"<p>Silni\u010dn\u00ed v\u00fdvoj \u2013 ZDZ spol.s\u00a0r.o. (Road Research Institute \u2013 Testing of Traffic Signs) J\u00edlkova 76, 615 00\u00a0 Brno www.silvyvoj.cz Identifika\u010dn\u00ed \u010d\u00edslo notifikovan\u00e9 osoby\u00a0\u2013\u00a01388 \u010dinnost ozn\u00e1men\u00e9ho subjektu podle na\u0159\u00edzen\u00ed Evropsk\u00e9ho parlamentu a Rady (EU) \u010d.\u00a0305\/11 \u010dinnost autorizovan\u00e9 osoby podle NV: 163\/02 (+312\/05+215\/16) statut\u00e1rn\u00ed z\u00e1stupce: Ing. Irena \u0160a\u0161inkov\u00e1, CSc., jednatelka, tel.: 548 424 211 z\u00e1stupce: Ing. Martin [&hellip;]<\/p>\n","protected":false},"author":5,"featured_media":0,"parent":3339,"menu_order":0,"comment_status":"closed","ping_status":"closed","template":"","meta":{"_acf_changed":false,"_seopress_robots_primary_cat":"","_seopress_titles_title":"","_seopress_titles_desc":"","_seopress_robots_index":"","_lmt_disableupdate":"","_lmt_disable":"","footnotes":""},"class_list":["post-3452","page","type-page","status-publish","hentry"],"acf":[],"_links":{"self":[{"href":"https:\/\/unmz.gov.cz\/en\/wp-json\/wp\/v2\/pages\/3452","targetHints":{"allow":["GET"]}}],"collection":[{"href":"https:\/\/unmz.gov.cz\/en\/wp-json\/wp\/v2\/pages"}],"about":[{"href":"https:\/\/unmz.gov.cz\/en\/wp-json\/wp\/v2\/types\/page"}],"author":[{"embeddable":true,"href":"https:\/\/unmz.gov.cz\/en\/wp-json\/wp\/v2\/users\/5"}],"replies":[{"embeddable":true,"href":"https:\/\/unmz.gov.cz\/en\/wp-json\/wp\/v2\/comments?post=3452"}],"version-history":[{"count":0,"href":"https:\/\/unmz.gov.cz\/en\/wp-json\/wp\/v2\/pages\/3452\/revisions"}],"up":[{"embeddable":true,"href":"https:\/\/unmz.gov.cz\/en\/wp-json\/wp\/v2\/pages\/3339"}],"wp:attachment":[{"href":"https:\/\/unmz.gov.cz\/en\/wp-json\/wp\/v2\/media?parent=3452"}],"curies":[{"name":"wp","href":"https:\/\/api.w.org\/{rel}","templated":true}]}}