{"id":3454,"date":"2020-09-11T14:12:54","date_gmt":"2020-09-11T12:12:54","guid":{"rendered":"https:\/\/www.unmz.gov.cz\/?page_id=3454"},"modified":"2020-09-17T13:04:49","modified_gmt":"2020-09-17T11:04:49","slug":"static-classroom-room-and-s","status":"publish","type":"page","link":"https:\/\/unmz.gov.cz\/en\/statni-zkusebnictvi\/autorizovane-osoby-oznamene-subjekty\/seznam-ao-os-a-uno\/statni-zkusebna-stroju-a-s\/","title":{"rendered":"State Machine Testing Plant, a.s."},"content":{"rendered":"<p><strong>State Machine Testing Plant, a.s.<br \/>\n<\/strong>(<em>The Government Testing Laboratory of Machines, joint-stock company)<\/em><br \/>\nT\u0159anovsk\u00e9ho 622\/11, 163 04 Prague 6 - \u0158epy<br \/>\n<a href=\"http:\/\/www.statnizkusebna.cz\/\">www.statnizkusebna.cz<\/a><\/p>\n<p>Identification number of the notified person -\u00a0<strong>1016<\/strong><br \/>\nthe activity of a notified person under the NV: <strong>9\/02<\/strong> (+342\/03+198\/06)<strong>, 176\/08 <\/strong>(+170\/11+229\/12+320\/17)<\/p>\n<p>statutory representative: chairman of the board of directors, director: Ing. Zbyn\u011bk Je\u0159\u00e1bek, MBA, tel.: 235 018 235<br \/>\nRepresentative: Ing. Ivan \u010cerm\u00e1k, tel.: 235 018 238<\/p>\n<p>telephone switchboard: 235 018 276<br \/>\nfax: 235 315 226,<br \/>\ne-mail:\u00a0<a href=\"mailto:info@statnizkusebna.cz\">info@statnizkusebna.cz<\/a><\/p>","protected":false},"excerpt":{"rendered":"<p>St\u00e1tn\u00ed zku\u0161ebna\u00a0stroj\u016f, a.s (The Government Testing Laboratory of Machines, joint-stock company) T\u0159anovsk\u00e9ho 622\/11, 163 04 Praha 6 \u2013 \u0158epy www.statnizkusebna.cz Identifika\u010dn\u00ed \u010d\u00edslo notifikovan\u00e9 osoby \u2013\u00a01016 \u010dinnost notifikovan\u00e9 osoby podle NV: 9\/02 (+342\/03+198\/06), 176\/08 (+170\/11+229\/12+320\/17) statut\u00e1rn\u00ed z\u00e1stupce: p\u0159edseda p\u0159edstavenstva, \u0159editel: Ing. Zbyn\u011bk Je\u0159\u00e1bek, MBA, tel.: 235 018 235 z\u00e1stupce: Ing. Ivan \u010cerm\u00e1k, tel.: 235 018 238 [&hellip;]<\/p>\n","protected":false},"author":5,"featured_media":0,"parent":3339,"menu_order":0,"comment_status":"closed","ping_status":"closed","template":"","meta":{"_acf_changed":false,"_seopress_robots_primary_cat":"","_seopress_titles_title":"","_seopress_titles_desc":"","_seopress_robots_index":"","_lmt_disableupdate":"","_lmt_disable":"","footnotes":""},"class_list":["post-3454","page","type-page","status-publish","hentry"],"acf":[],"_links":{"self":[{"href":"https:\/\/unmz.gov.cz\/en\/wp-json\/wp\/v2\/pages\/3454","targetHints":{"allow":["GET"]}}],"collection":[{"href":"https:\/\/unmz.gov.cz\/en\/wp-json\/wp\/v2\/pages"}],"about":[{"href":"https:\/\/unmz.gov.cz\/en\/wp-json\/wp\/v2\/types\/page"}],"author":[{"embeddable":true,"href":"https:\/\/unmz.gov.cz\/en\/wp-json\/wp\/v2\/users\/5"}],"replies":[{"embeddable":true,"href":"https:\/\/unmz.gov.cz\/en\/wp-json\/wp\/v2\/comments?post=3454"}],"version-history":[{"count":0,"href":"https:\/\/unmz.gov.cz\/en\/wp-json\/wp\/v2\/pages\/3454\/revisions"}],"up":[{"embeddable":true,"href":"https:\/\/unmz.gov.cz\/en\/wp-json\/wp\/v2\/pages\/3339"}],"wp:attachment":[{"href":"https:\/\/unmz.gov.cz\/en\/wp-json\/wp\/v2\/media?parent=3454"}],"curies":[{"name":"wp","href":"https:\/\/api.w.org\/{rel}","templated":true}]}}