{"id":3465,"date":"2020-09-11T14:16:58","date_gmt":"2020-09-11T12:16:58","guid":{"rendered":"https:\/\/www.unmz.gov.cz\/?page_id=3465"},"modified":"2021-10-14T08:47:20","modified_gmt":"2021-10-14T06:47:20","slug":"building-concert-lease-societies-of-legal-persons","status":"publish","type":"page","link":"https:\/\/unmz.gov.cz\/en\/statni-zkusebnictvi\/autorizovane-osoby-oznamene-subjekty\/seznam-ao-os-a-uno\/stavcert-zajmove-sdruzeni-pravnickych-osob\/","title":{"rendered":"STAVCERT, interest association of legal persons"},"content":{"rendered":"<p><strong>STAVCERT, interest association of legal persons<\/strong><br \/>\n<em>(STAVCERT)<\/em><br \/>\nJablonsk\u00e9ho 640\/2, 170 00 Prague 7<br \/>\n<a href=\"https:\/\/www.stavcert.cz\/cs\/uvod\">www.stavcert.cz<\/a><\/p>\n<p>Identification number of the notified person -\u00a0<strong>1517<\/strong><br \/>\nthe activities of a notified body under Regulation (EU) No.<strong> 305\/11<br \/>\n<\/strong>the activities of an authorised person under the NV: <strong>163\/02 <\/strong>(+312\/05+215\/16)<br \/>\nthe activities of a recognised independent organisation under the NV:\u00a0 <strong>219\/16<\/strong> (point 3. 1. 2)<\/p>\n<p>Representative: Ing. Pavel Florian, tel.: 541 218 127, cell.: 602 809 761, e-mail:\u00a0<a href=\"mailto:brno@stavcert.cz\">brno@stavcert.cz<\/a><\/p>\n<p>fax: 220 878 741<br \/>\ne-mail:\u00a0<a href=\"mailto:stavcert@stavcert.cz\">stavcert@stavcert.cz<\/a><\/p>","protected":false},"excerpt":{"rendered":"<p>STAVCERT, z\u00e1jmov\u00e9 sdru\u017een\u00ed pr\u00e1vnick\u00fdch osob (STAVCERT) Jablonsk\u00e9ho 640\/2, 170 00 Praha 7 www.stavcert.cz Identifika\u010dn\u00ed \u010d\u00edslo notifikovan\u00e9 osoby\u00a0\u2013\u00a01517 \u010dinnost ozn\u00e1men\u00e9ho subjektu podle na\u0159\u00edzen\u00ed Evropsk\u00e9ho parlamentu a Rady (EU) \u010d. 305\/11 \u010dinnost autorizovan\u00e9 osoby podle NV: 163\/02 (+312\/05+215\/16) \u010dinnost uznan\u00e9 nez\u00e1visl\u00e9 organizace podle NV:\u00a0 219\/16 (bod 3. 1. 2) z\u00e1stupce: Ing. Pavel Florian, tel.: 541\u00a0218 127, mob.: [&hellip;]<\/p>\n","protected":false},"author":5,"featured_media":0,"parent":3339,"menu_order":0,"comment_status":"closed","ping_status":"closed","template":"","meta":{"_acf_changed":false,"_seopress_robots_primary_cat":"","_seopress_titles_title":"","_seopress_titles_desc":"","_seopress_robots_index":"","_lmt_disableupdate":"","_lmt_disable":"","footnotes":""},"class_list":["post-3465","page","type-page","status-publish","hentry"],"acf":[],"_links":{"self":[{"href":"https:\/\/unmz.gov.cz\/en\/wp-json\/wp\/v2\/pages\/3465","targetHints":{"allow":["GET"]}}],"collection":[{"href":"https:\/\/unmz.gov.cz\/en\/wp-json\/wp\/v2\/pages"}],"about":[{"href":"https:\/\/unmz.gov.cz\/en\/wp-json\/wp\/v2\/types\/page"}],"author":[{"embeddable":true,"href":"https:\/\/unmz.gov.cz\/en\/wp-json\/wp\/v2\/users\/5"}],"replies":[{"embeddable":true,"href":"https:\/\/unmz.gov.cz\/en\/wp-json\/wp\/v2\/comments?post=3465"}],"version-history":[{"count":0,"href":"https:\/\/unmz.gov.cz\/en\/wp-json\/wp\/v2\/pages\/3465\/revisions"}],"up":[{"embeddable":true,"href":"https:\/\/unmz.gov.cz\/en\/wp-json\/wp\/v2\/pages\/3339"}],"wp:attachment":[{"href":"https:\/\/unmz.gov.cz\/en\/wp-json\/wp\/v2\/media?parent=3465"}],"curies":[{"name":"wp","href":"https:\/\/api.w.org\/{rel}","templated":true}]}}