{"id":3467,"date":"2020-09-11T14:18:23","date_gmt":"2020-09-11T12:18:23","guid":{"rendered":"https:\/\/www.unmz.gov.cz\/?page_id=3467"},"modified":"2021-12-27T08:21:57","modified_gmt":"2021-12-27T07:21:57","slug":"engineering-experimental-establishment-s-p","status":"publish","type":"page","link":"https:\/\/unmz.gov.cz\/en\/statni-zkusebnictvi\/autorizovane-osoby-oznamene-subjekty\/seznam-ao-os-a-uno\/strojirensky-zkusebni-ustav-s-p\/","title":{"rendered":"Engineering Testing Institute, s.p."},"content":{"rendered":"<p><strong>Engineering Testing Institute, s.p.<\/strong><br \/>\n<em>(Engineering Test Institute)<\/em><br \/>\nHudcova 56b, 621 00 Brno<br \/>\n<a href=\"http:\/\/www.szutest.cz\">www.szutest.cz<\/a><\/p>\n<p>Identification number of the notified person -\u00a0<strong>1015<\/strong><br \/>\nthe activities of the notified body under the NV: <strong>117\/16, 119\/16, 122\/16, 219\/16<\/strong><br \/>\nthe activity of a notified person under the NV: <strong>9\/02<\/strong> (+342\/03+198\/06), <strong>25\/03<\/strong> (+126\/04+42\/06), <strong>176\/08<\/strong> (+170\/11+229\/12+320\/17), <strong>86\/11<\/strong> (+24\/13+339\/13+151\/15+97\/17+86\/18+222\/19), <strong>208\/11<\/strong><br \/>\nthe activities of a notified body under Regulation (EU) of the European Parliament and of the Council \u00a0<strong>305\/11, 426\/16, 425\/16<\/strong><br \/>\nthe activities of an authorised person under the NV: <strong>173\/97 <\/strong>(+174\/98+78\/99+323\/00+329\/02+88\/10+450\/16), <strong>163\/02<\/strong> (+312\/05+215\/16)<br \/>\nthe activity of an authorised person according to the Decree: <strong>358\/16<\/strong><br \/>\nthe activities of a recognised independent organisation under the NV: <strong>219\/16<\/strong> (points 3.1.2 and 3.1.3 of Annex 1)<\/p>\n<p>statutory representative: Ing. Tom\u00e1\u0161 Hru\u0161ka, Director, tel.: 541 120 100 e-mail:\u00a0<a href=\"mailto:hruska@szutest.cz\">hruska@szutest.cz<\/a><br \/>\nRepresentative: Ing. Ale\u0161 Onderek, tel.: 541 120 507, e-mail: <a href=\"mailto:onderek@szutest.cz\">onderek@szutest.cz<\/a><\/p>\n<p>telephone switchboard: 541 120 111<br \/>\nfax: 541 211 225<br \/>\ne-mail:\u00a0<a href=\"mailto:info@szutest.cz\">info@szutest.cz<\/a><\/p>","protected":false},"excerpt":{"rendered":"<p>Stroj\u00edrensk\u00fd zku\u0161ebn\u00ed \u00fastav, s.p. (Engineering Test Institute) Hudcova 56b, 621 00 Brno www.szutest.cz Identifika\u010dn\u00ed \u010d\u00edslo notifikovan\u00e9 osoby \u2013\u00a01015 \u010dinnost ozn\u00e1men\u00e9ho subjektu podle NV: 117\/16, 119\/16, 122\/16, 219\/16 \u010dinnost notifikovan\u00e9 osoby podle NV: 9\/02 (+342\/03+198\/06), 25\/03 (+126\/04+42\/06), 176\/08 (+170\/11+229\/12+320\/17), 86\/11 (+24\/13+339\/13+151\/15+97\/17+86\/18+222\/19), 208\/11 \u010dinnost ozn\u00e1men\u00e9ho subjektu podle na\u0159\u00edzen\u00ed Evropsk\u00e9ho parlamentu a Rady (EU) \u00a0305\/11, 426\/16, 425\/16 \u010dinnost [&hellip;]<\/p>\n","protected":false},"author":5,"featured_media":0,"parent":3339,"menu_order":0,"comment_status":"closed","ping_status":"closed","template":"","meta":{"_acf_changed":false,"_seopress_robots_primary_cat":"","_seopress_titles_title":"","_seopress_titles_desc":"","_seopress_robots_index":"","_lmt_disableupdate":"","_lmt_disable":"","footnotes":""},"class_list":["post-3467","page","type-page","status-publish","hentry"],"acf":[],"_links":{"self":[{"href":"https:\/\/unmz.gov.cz\/en\/wp-json\/wp\/v2\/pages\/3467","targetHints":{"allow":["GET"]}}],"collection":[{"href":"https:\/\/unmz.gov.cz\/en\/wp-json\/wp\/v2\/pages"}],"about":[{"href":"https:\/\/unmz.gov.cz\/en\/wp-json\/wp\/v2\/types\/page"}],"author":[{"embeddable":true,"href":"https:\/\/unmz.gov.cz\/en\/wp-json\/wp\/v2\/users\/5"}],"replies":[{"embeddable":true,"href":"https:\/\/unmz.gov.cz\/en\/wp-json\/wp\/v2\/comments?post=3467"}],"version-history":[{"count":0,"href":"https:\/\/unmz.gov.cz\/en\/wp-json\/wp\/v2\/pages\/3467\/revisions"}],"up":[{"embeddable":true,"href":"https:\/\/unmz.gov.cz\/en\/wp-json\/wp\/v2\/pages\/3339"}],"wp:attachment":[{"href":"https:\/\/unmz.gov.cz\/en\/wp-json\/wp\/v2\/media?parent=3467"}],"curies":[{"name":"wp","href":"https:\/\/api.w.org\/{rel}","templated":true}]}}