{"id":3469,"date":"2020-09-11T14:19:06","date_gmt":"2020-09-11T12:19:06","guid":{"rendered":"https:\/\/www.unmz.gov.cz\/?page_id=3469"},"modified":"2021-05-27T09:20:58","modified_gmt":"2021-05-27T07:20:58","slug":"tds-brno-section-materials-and-welding-p-s","status":"publish","type":"page","link":"https:\/\/unmz.gov.cz\/en\/statni-zkusebnictvi\/autorizovane-osoby-oznamene-subjekty\/seznam-ao-os-a-uno\/tds-brno-sekce-materialu-a-svarovani-p-s\/","title":{"rendered":"TDS Brno - Section of Materials and Welding, p. s."},"content":{"rendered":"<p><strong>TDS Brno - Section of Materials and Welding, p. s.<br \/>\n<\/strong><em>(TDS-SMS)<br \/>\n<\/em>U vle\u010dky 29\/5, 617 00 Brno<em><br \/>\n<a href=\"http:\/\/www.tdssms.cz\/\">www.tdssms.cz<\/a><\/em><\/p>\n<p>the activities of a recognised independent organisation under the NV:<strong> 219\/16<\/strong> (points 3.1.2 and 3.1.3 of Annex 1)<\/p>\n<p>statutory representative: Ing. Lucie Kub\u00ed\u010dkov\u00e1, tel. 605 298 514, <a href=\"mailto:kubickova@tdsbrno.cz\">kubickova@tdsbrno.cz<\/a><br \/>\nHead of the certifying authority: Ing. Petr Sl\u00e1ma, tel.: +420 545 423 047; +420 604 223 010, e-mail: <a href=\"mailto:slama@tdsbrno.cz\">slama@tdsbrno.cz<\/a><\/p>\n<p>fax: 545 423 049<\/p>","protected":false},"excerpt":{"rendered":"<p>TDS Brno \u2013 Sekce materi\u00e1l\u016f a sva\u0159ov\u00e1n\u00ed, p. s. (TDS-SMS) U vle\u010dky 29\/5, 617 00 Brno www.tdssms.cz \u010dinnost uznan\u00e9 nez\u00e1visl\u00e9 organizace podle NV: 219\/16 (bod 3. 1. 2. a 3. 1. 3 p\u0159\u00edlohy \u010d. 1) statut\u00e1rn\u00ed z\u00e1stupce: Ing. Lucie Kub\u00ed\u010dkov\u00e1, tel. 605 298 514, kubickova@tdsbrno.cz vedouc\u00ed certifika\u010dn\u00edho org\u00e1nu: Ing. Petr Sl\u00e1ma, tel.: +420 545 423 [&hellip;]<\/p>\n","protected":false},"author":5,"featured_media":0,"parent":3339,"menu_order":0,"comment_status":"closed","ping_status":"closed","template":"","meta":{"_acf_changed":false,"_seopress_robots_primary_cat":"","_seopress_titles_title":"","_seopress_titles_desc":"","_seopress_robots_index":"","_lmt_disableupdate":"","_lmt_disable":"","footnotes":""},"class_list":["post-3469","page","type-page","status-publish","hentry"],"acf":[],"_links":{"self":[{"href":"https:\/\/unmz.gov.cz\/en\/wp-json\/wp\/v2\/pages\/3469","targetHints":{"allow":["GET"]}}],"collection":[{"href":"https:\/\/unmz.gov.cz\/en\/wp-json\/wp\/v2\/pages"}],"about":[{"href":"https:\/\/unmz.gov.cz\/en\/wp-json\/wp\/v2\/types\/page"}],"author":[{"embeddable":true,"href":"https:\/\/unmz.gov.cz\/en\/wp-json\/wp\/v2\/users\/5"}],"replies":[{"embeddable":true,"href":"https:\/\/unmz.gov.cz\/en\/wp-json\/wp\/v2\/comments?post=3469"}],"version-history":[{"count":0,"href":"https:\/\/unmz.gov.cz\/en\/wp-json\/wp\/v2\/pages\/3469\/revisions"}],"up":[{"embeddable":true,"href":"https:\/\/unmz.gov.cz\/en\/wp-json\/wp\/v2\/pages\/3339"}],"wp:attachment":[{"href":"https:\/\/unmz.gov.cz\/en\/wp-json\/wp\/v2\/media?parent=3469"}],"curies":[{"name":"wp","href":"https:\/\/api.w.org\/{rel}","templated":true}]}}