{"id":3471,"date":"2020-09-11T14:19:48","date_gmt":"2020-09-11T12:19:48","guid":{"rendered":"https:\/\/www.unmz.gov.cz\/?page_id=3471"},"modified":"2020-09-17T12:57:38","modified_gmt":"2020-09-17T10:57:38","slug":"technical-laborator-opava-a-s","status":"publish","type":"page","link":"https:\/\/unmz.gov.cz\/en\/statni-zkusebnictvi\/autorizovane-osoby-oznamene-subjekty\/seznam-ao-os-a-uno\/technicke-laboratore-opava-a-s\/","title":{"rendered":"Technical Laboratories Opava, a.s."},"content":{"rendered":"<p><strong>Technical Laboratories Opava, a.s.<\/strong><em><br \/>\n(Technical Laboratories Opava)<br \/>\n<\/em>T\u011b\u0161\u00ednsk\u00e1 2962\/79B, 746 41 Opava<br \/>\n<u><a href=\"http:\/\/www.tlo.cz\/\">www.tlo.cz<\/a><\/u><\/p>\n<p>Identification number of the notified person -\u00a0<strong>1384<\/strong><br \/>\nthe activity of a notified person under the NV:\u00a0<strong>176\/08 <\/strong>(+170\/11+229\/12+320\/17)<br \/>\nthe activities of the notified body under the NV:\u00a0<strong>122\/16<\/strong><\/p>\n<p>statutory representative: Ing. Jan Byrtus, Director, e-mail:\u00a0<a href=\"mailto:jan.byrtus@tlo.cz\">jan.byrtus@tlo.cz<\/a><br \/>\nRepresentative:Jan Klos<\/p>\n<p>telephone switchboard: 553 759 840<br \/>\nfax: 553 759 845<\/p>","protected":false},"excerpt":{"rendered":"<p>Technick\u00e9 laborato\u0159e Opava, a.s. (Technical Laboratories Opava) T\u011b\u0161\u00ednsk\u00e1 2962\/79B, 746 41 Opava www.tlo.cz Identification number of notified body - 1384 activity of notified body according to NV: 176\/08 (+170\/11+229\/12+320\/17) activity of notified body according to NV: 122\/16 statutory representative: Ing. Jan Byrtus, Director, e-mail: jan.byrtus@tlo.cz representative: Jan Klos telephone switchboard: 553 759 840 fax: 553 759 845<\/p>","protected":false},"author":5,"featured_media":0,"parent":3339,"menu_order":0,"comment_status":"closed","ping_status":"closed","template":"","meta":{"_acf_changed":false,"_seopress_robots_primary_cat":"","_seopress_titles_title":"","_seopress_titles_desc":"","_seopress_robots_index":"","_lmt_disableupdate":"","_lmt_disable":"","footnotes":""},"class_list":["post-3471","page","type-page","status-publish","hentry"],"acf":[],"_links":{"self":[{"href":"https:\/\/unmz.gov.cz\/en\/wp-json\/wp\/v2\/pages\/3471","targetHints":{"allow":["GET"]}}],"collection":[{"href":"https:\/\/unmz.gov.cz\/en\/wp-json\/wp\/v2\/pages"}],"about":[{"href":"https:\/\/unmz.gov.cz\/en\/wp-json\/wp\/v2\/types\/page"}],"author":[{"embeddable":true,"href":"https:\/\/unmz.gov.cz\/en\/wp-json\/wp\/v2\/users\/5"}],"replies":[{"embeddable":true,"href":"https:\/\/unmz.gov.cz\/en\/wp-json\/wp\/v2\/comments?post=3471"}],"version-history":[{"count":0,"href":"https:\/\/unmz.gov.cz\/en\/wp-json\/wp\/v2\/pages\/3471\/revisions"}],"up":[{"embeddable":true,"href":"https:\/\/unmz.gov.cz\/en\/wp-json\/wp\/v2\/pages\/3339"}],"wp:attachment":[{"href":"https:\/\/unmz.gov.cz\/en\/wp-json\/wp\/v2\/media?parent=3471"}],"curies":[{"name":"wp","href":"https:\/\/api.w.org\/{rel}","templated":true}]}}