{"id":3473,"date":"2020-09-11T14:20:48","date_gmt":"2020-09-11T12:20:48","guid":{"rendered":"https:\/\/www.unmz.gov.cz\/?page_id=3473"},"modified":"2020-11-04T11:17:09","modified_gmt":"2020-11-04T10:17:09","slug":"technical-and-experimental-construction-building-prague-s-p","status":"publish","type":"page","link":"https:\/\/unmz.gov.cz\/en\/statni-zkusebnictvi\/autorizovane-osoby-oznamene-subjekty\/seznam-ao-os-a-uno\/technicky-a-zkusebni-ustav-stavebni-praha-s-p\/","title":{"rendered":"Technical and Testing Institute of Construction Prague, s.p."},"content":{"rendered":"<p><strong>Technical and Testing Institute of Construction Prague, s.p.<\/strong><br \/>\n<em>(Technical and Test Institute for Construction Prague)<\/em><br \/>\nProseck\u00e1 811\/76a, 190 00 Prague 9 - Prosek<br \/>\n<a href=\"https:\/\/www.tzus.cz\/\">www.tzus.cz<\/a><\/p>\n<p>Identification number of the notified person - <strong>1020<br \/>\n<\/strong>the activities of the notified body under the NV: <strong>122\/16<\/strong><br \/>\nthe activity of a notified person under the NV: <strong>9\/02 <\/strong>(+342\/03+198\/06)<strong>, 86\/11 <\/strong>(+24\/13+339\/13+151\/15+97\/17+86\/18+222\/19)<br \/>\nthe activities of a notified body under Regulation (EU) No.\u00a0<strong>305\/11<\/strong><br \/>\nthe activities of an authorised person under the NV: <strong>173\/97 <\/strong>(+174\/98+78\/99+323\/00+329\/02+88\/10+450\/16), <strong>163\/02 <\/strong>(+312\/05+215\/16)<\/p>\n<p>statutory representative: Ing. Alexander \u0160afa\u0159\u00edk-P\u0161trosz, Director, tel.: 286 019 418, 286 887 292, mob.: 720 312 664, e-mail:\u00a0<a href=\"mailto:safarik@tzus.cz\">safarik@tzus.cz<\/a><br \/>\nRepresentative: Ing. Pavel Rub\u00e1\u0161 Ph. D., tel.: 417 719 026, mob.: 602 115 450, e-mail:\u00a0<a href=\"mailto:rubas@tzus.cz\">rubas@tzus.cz<\/a><\/p>\n<p>telephone switchboard: 286 019 400<br \/>\nfax: 286 891 393<\/p>","protected":false},"excerpt":{"rendered":"<p>Technick\u00fd a zku\u0161ebn\u00ed \u00fastav stavebn\u00ed Praha, s.p. (Technical and Test Institute for Construction Prague) Proseck\u00e1 811\/76a, 190 00 Praha 9 \u2013 Prosek www.tzus.cz Identifika\u010dn\u00ed \u010d\u00edslo notifikovan\u00e9 osoby \u2013 1020 \u010dinnost ozn\u00e1men\u00e9ho subjektu podle NV: 122\/16 \u010dinnost notifikovan\u00e9 osoby podle NV: 9\/02 (+342\/03+198\/06), 86\/11 (+24\/13+339\/13+151\/15+97\/17+86\/18+222\/19) \u010dinnost ozn\u00e1men\u00e9ho subjektu podle na\u0159\u00edzen\u00ed Evropsk\u00e9ho parlamentu a Rady (EU) \u010d.\u00a0305\/11 [&hellip;]<\/p>\n","protected":false},"author":5,"featured_media":0,"parent":3339,"menu_order":0,"comment_status":"closed","ping_status":"closed","template":"","meta":{"_acf_changed":false,"_seopress_robots_primary_cat":"","_seopress_titles_title":"","_seopress_titles_desc":"","_seopress_robots_index":"","_lmt_disableupdate":"","_lmt_disable":"","footnotes":""},"class_list":["post-3473","page","type-page","status-publish","hentry"],"acf":[],"_links":{"self":[{"href":"https:\/\/unmz.gov.cz\/en\/wp-json\/wp\/v2\/pages\/3473","targetHints":{"allow":["GET"]}}],"collection":[{"href":"https:\/\/unmz.gov.cz\/en\/wp-json\/wp\/v2\/pages"}],"about":[{"href":"https:\/\/unmz.gov.cz\/en\/wp-json\/wp\/v2\/types\/page"}],"author":[{"embeddable":true,"href":"https:\/\/unmz.gov.cz\/en\/wp-json\/wp\/v2\/users\/5"}],"replies":[{"embeddable":true,"href":"https:\/\/unmz.gov.cz\/en\/wp-json\/wp\/v2\/comments?post=3473"}],"version-history":[{"count":0,"href":"https:\/\/unmz.gov.cz\/en\/wp-json\/wp\/v2\/pages\/3473\/revisions"}],"up":[{"embeddable":true,"href":"https:\/\/unmz.gov.cz\/en\/wp-json\/wp\/v2\/pages\/3339"}],"wp:attachment":[{"href":"https:\/\/unmz.gov.cz\/en\/wp-json\/wp\/v2\/media?parent=3473"}],"curies":[{"name":"wp","href":"https:\/\/api.w.org\/{rel}","templated":true}]}}