{"id":3475,"date":"2020-09-11T14:21:20","date_gmt":"2020-09-11T12:21:20","guid":{"rendered":"https:\/\/www.unmz.gov.cz\/?page_id=3475"},"modified":"2020-09-18T10:57:42","modified_gmt":"2020-09-18T08:57:42","slug":"tesydo-s-r-o","status":"publish","type":"page","link":"https:\/\/unmz.gov.cz\/en\/statni-zkusebnictvi\/autorizovane-osoby-oznamene-subjekty\/seznam-ao-os-a-uno\/tesydo-s-r-o\/","title":{"rendered":"TESYDO, s.r.o."},"content":{"rendered":"<p><strong>TESYDO, s.r.o.<\/strong><br \/>\n<em>(Tesydo, Ltd.)<\/em><br \/>\nMari\u00e1nsk\u00e9 n\u00e1m\u011bst\u00ed, 617\/1, 617 00 Brno<br \/>\n<a href=\"http:\/\/www.tesydo.cz\/\">www.tesydo.cz<\/a><\/p>\n<p>Identification number of the notified person -\u00a0<strong>2378<\/strong><br \/>\nthe activities of the notified body under the NV: <strong>219\/16, 119\/16<\/strong><br \/>\nthe activities of a notified body under Regulation (EU) No. <strong>305\/11<\/strong><br \/>\nthe activities of a recognised independent organisation under the NV: <strong>219\/16 <\/strong>(points 3.1.2 and 3.1.3 of Annex 1)<\/p>\n<p>statutory representative: Ing. Vladim\u00edr Kud\u011blka, Ph. 511 188 901, 603 474 225, e-mail:\u00a0<a href=\"mailto:kudelka@tesydo.cz\">kudelka@tesydo.cz<\/a><br \/>\nRepresentative: Ing. Zden\u011bk Balej, tel.: 603 277 898<\/p>\n<p>telephone switchboard: 511 188 901<br \/>\nfax: 511 188 910<\/p>","protected":false},"excerpt":{"rendered":"<p>TESYDO, s.r.o. (Tesydo, Ltd.) Mari\u00e1nsk\u00e9 n\u00e1m\u011bst\u00ed, 617\/1, 617 00 Brno www.tesydo.cz Identifika\u010dn\u00ed \u010d\u00edslo notifikovan\u00e9 osoby \u2013\u00a02378 \u010dinnost ozn\u00e1men\u00e9ho subjektu podle NV: 219\/16, 119\/16 \u010dinnost ozn\u00e1men\u00e9ho subjektu podle na\u0159\u00edzen\u00ed Evropsk\u00e9ho parlamentu a Rady (EU) \u010d. 305\/11 \u010dinnost uznan\u00e9 nez\u00e1visl\u00e9 organizace podle NV: 219\/16 (bod 3. 1. 2 a 3. 1. 3 p\u0159\u00edlohy \u010d. 1) statut\u00e1rn\u00ed z\u00e1stupce: [&hellip;]<\/p>\n","protected":false},"author":5,"featured_media":0,"parent":3339,"menu_order":0,"comment_status":"closed","ping_status":"closed","template":"","meta":{"_acf_changed":false,"_seopress_robots_primary_cat":"","_seopress_titles_title":"","_seopress_titles_desc":"","_seopress_robots_index":"","_lmt_disableupdate":"","_lmt_disable":"","footnotes":""},"class_list":["post-3475","page","type-page","status-publish","hentry"],"acf":[],"_links":{"self":[{"href":"https:\/\/unmz.gov.cz\/en\/wp-json\/wp\/v2\/pages\/3475","targetHints":{"allow":["GET"]}}],"collection":[{"href":"https:\/\/unmz.gov.cz\/en\/wp-json\/wp\/v2\/pages"}],"about":[{"href":"https:\/\/unmz.gov.cz\/en\/wp-json\/wp\/v2\/types\/page"}],"author":[{"embeddable":true,"href":"https:\/\/unmz.gov.cz\/en\/wp-json\/wp\/v2\/users\/5"}],"replies":[{"embeddable":true,"href":"https:\/\/unmz.gov.cz\/en\/wp-json\/wp\/v2\/comments?post=3475"}],"version-history":[{"count":0,"href":"https:\/\/unmz.gov.cz\/en\/wp-json\/wp\/v2\/pages\/3475\/revisions"}],"up":[{"embeddable":true,"href":"https:\/\/unmz.gov.cz\/en\/wp-json\/wp\/v2\/pages\/3339"}],"wp:attachment":[{"href":"https:\/\/unmz.gov.cz\/en\/wp-json\/wp\/v2\/media?parent=3475"}],"curies":[{"name":"wp","href":"https:\/\/api.w.org\/{rel}","templated":true}]}}