{"id":3479,"date":"2020-09-11T14:22:34","date_gmt":"2020-09-11T12:22:34","guid":{"rendered":"https:\/\/www.unmz.gov.cz\/?page_id=3479"},"modified":"2020-09-17T13:44:42","modified_gmt":"2020-09-17T11:44:42","slug":"tuv-austria-czech-spol-s-r-o","status":"publish","type":"page","link":"https:\/\/unmz.gov.cz\/en\/statni-zkusebnictvi\/autorizovane-osoby-oznamene-subjekty\/seznam-ao-os-a-uno\/tuv-austria-czech-spol-s-r-o\/","title":{"rendered":"T\u00dcV AUSTRIA CZECH spol.s r.o."},"content":{"rendered":"<p><strong>T\u00dcV AUSTRIA CZECH spol.s r.o.<\/strong><em><br \/>\n(Integrated Technical Inspection)<br \/>\n<\/em>Zelen\u00fd lane 1560\/99, 140 02 Prague 4 - Branik<br \/>\n<u><a href=\"http:\/\/www.itiv.cz\/\">www.itiv.cz<\/a><\/u><\/p>\n<p>Identification number of the notified person -\u00a0<strong>1735<\/strong><br \/>\nthe activities of the notified body under the NV: <strong>219\/16<\/strong><br \/>\nthe activities of a notified body under Regulation (EU) No. <strong>305\/11<\/strong><\/p>\n<p>Statutory representative: Mag. Wolfgang Markaritzer, Managing Director<br \/>\nContact person: Ing. Franti\u0161ek Kozub\u00edk, e-mail: <a href=\"mailto:kozubik@tuvaustria.cz\">kozubik@tuvaustria.cz<\/a><\/p>\n<p>telephone switchboard: 296 374 851<u><br \/>\n<\/u>fax: 296 374 855<br \/>\ne-mail: <a href=\"mailto:pha@tuvaustria.cz\">pha@tuvaustria.cz<\/a><\/p>","protected":false},"excerpt":{"rendered":"<p>T\u00dcV AUSTRIA CZECH\u00a0spol.s r.o. (Integrated Technical Inspection) Zelen\u00fd pruh 1560\/99, 140 02 Praha 4 \u2013 Bran\u00edk www.itiv.cz Identifika\u010dn\u00ed \u010d\u00edslo notifikovan\u00e9 osoby \u2013\u00a01735 \u010dinnost ozn\u00e1men\u00e9ho subjektu podle NV: 219\/16 \u010dinnost ozn\u00e1men\u00e9ho subjektu podle na\u0159\u00edzen\u00ed Evropsk\u00e9ho parlamentu a Rady (EU) \u010d. 305\/11 statut\u00e1rn\u00ed z\u00e1stupce: Mag. Wolfgang Markaritzer, jednatel kontaktn\u00ed osoba: Ing. Franti\u0161ek Kozub\u00edk, e-mail: kozubik@tuvaustria.cz telefon \u00fast\u0159edna: [&hellip;]<\/p>\n","protected":false},"author":5,"featured_media":0,"parent":3339,"menu_order":0,"comment_status":"closed","ping_status":"closed","template":"","meta":{"_acf_changed":false,"_seopress_robots_primary_cat":"","_seopress_titles_title":"","_seopress_titles_desc":"","_seopress_robots_index":"","_lmt_disableupdate":"","_lmt_disable":"","footnotes":""},"class_list":["post-3479","page","type-page","status-publish","hentry"],"acf":[],"_links":{"self":[{"href":"https:\/\/unmz.gov.cz\/en\/wp-json\/wp\/v2\/pages\/3479","targetHints":{"allow":["GET"]}}],"collection":[{"href":"https:\/\/unmz.gov.cz\/en\/wp-json\/wp\/v2\/pages"}],"about":[{"href":"https:\/\/unmz.gov.cz\/en\/wp-json\/wp\/v2\/types\/page"}],"author":[{"embeddable":true,"href":"https:\/\/unmz.gov.cz\/en\/wp-json\/wp\/v2\/users\/5"}],"replies":[{"embeddable":true,"href":"https:\/\/unmz.gov.cz\/en\/wp-json\/wp\/v2\/comments?post=3479"}],"version-history":[{"count":0,"href":"https:\/\/unmz.gov.cz\/en\/wp-json\/wp\/v2\/pages\/3479\/revisions"}],"up":[{"embeddable":true,"href":"https:\/\/unmz.gov.cz\/en\/wp-json\/wp\/v2\/pages\/3339"}],"wp:attachment":[{"href":"https:\/\/unmz.gov.cz\/en\/wp-json\/wp\/v2\/media?parent=3479"}],"curies":[{"name":"wp","href":"https:\/\/api.w.org\/{rel}","templated":true}]}}