{"id":3485,"date":"2020-09-11T14:24:23","date_gmt":"2020-09-11T12:24:23","guid":{"rendered":"https:\/\/www.unmz.gov.cz\/?page_id=3485"},"modified":"2021-12-27T10:06:58","modified_gmt":"2021-12-27T09:06:58","slug":"tuv-sud-czech-s-r-o","status":"publish","type":"page","link":"https:\/\/unmz.gov.cz\/en\/statni-zkusebnictvi\/autorizovane-osoby-oznamene-subjekty\/seznam-ao-os-a-uno\/tuv-sud-czech-s-r-o\/","title":{"rendered":"T\u00dcV S\u00dcD Czech s.r.o."},"content":{"rendered":"<p><strong>T\u00dcV S\u00dcD Czech s.r.o.<\/strong><br \/>\n<em>(T\u00dcV S\u00dcD Czech s. r. o.)<\/em><br \/>\nNovodvorsk\u00e1 994\/138, 142 21 Prague 4<br \/>\n<a href=\"http:\/\/www.tuv-sud.cz\/\">www.tuvsud.com\/cz<\/a><\/p>\n<p>Identification number of the notified person -\u00a0<strong>1017<\/strong><br \/>\nthe activities of the notified body under the NV:\u00a0<strong>117\/16, 119\/16,\u00a0122\/16, 219\/16<\/strong><br \/>\nthe activity of a notified person under the NV:<strong> 9\/02 <\/strong>(+342\/03+198\/06)<strong>,\u00a0\u00a0176\/08 <\/strong>(+170\/11+229\/12+320\/17)<strong>, 208\/11<\/strong><br \/>\nthe activities of a notified body under Regulation (EU) No.\u00a0<strong>305\/11, \u010d. 424\/16<\/strong><br \/>\nthe activity of an authorised person according to the NV : <strong>173\/97 <\/strong>(+174\/98+78\/99+323\/00+329\/02+88\/10+450\/16),<strong> 163\/02 <\/strong>(+312\/05+215\/16)<br \/>\nthe activity of an authorised person according to the Decree: <strong>358\/16<\/strong><br \/>\nthe activities of a recognised independent organisation under the NV: <strong>219\/16 <\/strong>(points 3.1.2 and 3.1.3 of Annex 1)<\/p>\n<p>statutory representative: Ing. Oleg Spru\u017eina, Managing Director, tel.: 239 046 901, e-mail: <a href=\"mailto:oleg.spruzina@tuv-sud.cz\">oleg.spruzina@tuvsud.com<\/a><br \/>\nIng. Michaela Stru\u017ekov\u00e1, Managing Director<br \/>\nRepresentative: Ing. Jana Ba\u010dinov\u00e1, tel.: 239 046 859, e-mail: <a href=\"mailto:jana.bacinova@tuv-sud.cz\">jana.bacinova@tuvsud.com<\/a>,<\/p>\n<p>telephone switchboard: 239 046 700<br \/>\ne-mail: <u><a href=\"mailto:info@tuv-sud.cz\">info.cz@tuvsud.com<\/a><\/u><\/p>","protected":false},"excerpt":{"rendered":"<p>T\u00dcV S\u00dcD Czech s.r.o. (T\u00dcV S\u00dcD Czech s. r. o.) Novodvorsk\u00e1 994\/138, 142 21 Praha 4 www.tuvsud.com\/cz Identifika\u010dn\u00ed \u010d\u00edslo notifikovan\u00e9 osoby\u00a0\u2013\u00a01017 \u010dinnost ozn\u00e1men\u00e9ho subjektu podle NV:\u00a0117\/16, 119\/16,\u00a0122\/16, 219\/16 \u010dinnost notifikovan\u00e9 osoby podle NV: 9\/02 (+342\/03+198\/06),\u00a0\u00a0176\/08 (+170\/11+229\/12+320\/17), 208\/11 \u010dinnost ozn\u00e1men\u00e9ho subjektu podle na\u0159\u00edzen\u00ed Evropsk\u00e9ho parlamentu a Rady (EU) \u010d.\u00a0305\/11, \u010d. 424\/16 \u010dinnost autorizovan\u00e9 osoby podle NV [&hellip;]<\/p>\n","protected":false},"author":5,"featured_media":0,"parent":3339,"menu_order":0,"comment_status":"closed","ping_status":"closed","template":"","meta":{"_acf_changed":false,"_seopress_robots_primary_cat":"","_seopress_titles_title":"","_seopress_titles_desc":"","_seopress_robots_index":"","_lmt_disableupdate":"","_lmt_disable":"","footnotes":""},"class_list":["post-3485","page","type-page","status-publish","hentry"],"acf":[],"_links":{"self":[{"href":"https:\/\/unmz.gov.cz\/en\/wp-json\/wp\/v2\/pages\/3485","targetHints":{"allow":["GET"]}}],"collection":[{"href":"https:\/\/unmz.gov.cz\/en\/wp-json\/wp\/v2\/pages"}],"about":[{"href":"https:\/\/unmz.gov.cz\/en\/wp-json\/wp\/v2\/types\/page"}],"author":[{"embeddable":true,"href":"https:\/\/unmz.gov.cz\/en\/wp-json\/wp\/v2\/users\/5"}],"replies":[{"embeddable":true,"href":"https:\/\/unmz.gov.cz\/en\/wp-json\/wp\/v2\/comments?post=3485"}],"version-history":[{"count":0,"href":"https:\/\/unmz.gov.cz\/en\/wp-json\/wp\/v2\/pages\/3485\/revisions"}],"up":[{"embeddable":true,"href":"https:\/\/unmz.gov.cz\/en\/wp-json\/wp\/v2\/pages\/3339"}],"wp:attachment":[{"href":"https:\/\/unmz.gov.cz\/en\/wp-json\/wp\/v2\/media?parent=3485"}],"curies":[{"name":"wp","href":"https:\/\/api.w.org\/{rel}","templated":true}]}}