{"id":3498,"date":"2020-09-11T14:28:53","date_gmt":"2020-09-11T12:28:53","guid":{"rendered":"https:\/\/www.unmz.gov.cz\/?page_id=3498"},"modified":"2021-12-27T09:49:42","modified_gmt":"2021-12-27T08:49:42","slug":"military-technical-establishment-s-p","status":"publish","type":"page","link":"https:\/\/unmz.gov.cz\/en\/statni-zkusebnictvi\/autorizovane-osoby-oznamene-subjekty\/seznam-ao-os-a-uno\/vojensky-technicky-ustav-s-p\/","title":{"rendered":"Military Technical Institute, s.p.\u00a0"},"content":{"rendered":"<p><strong>Military Technical Institute, s.p.\u00a0<\/strong><br \/>\n<em>(Military Technical Institute, state enterprise)<\/em><br \/>\nMladoboleslavsk\u00e1 944, 197 06 Prague 9 - Kbely<br \/>\n<a href=\"https:\/\/unmz.gov.cz\/en\/state-owned-journalism\/authorised-persons-as-designated-entities\/ao-os-uno-aktualni-seznam\/www.vtusp.cz\/\">www.vtusp.cz<\/a><\/p>\n<p>Identification number of the notified person -\u00a0<strong>2452<\/strong><br \/>\nthe activity of a notified person under the NV: <strong>117\/16, 345\/16<\/strong><br \/>\nthe activities of a notified body under Regulation (EU) No. <strong>425\/16, 305\/11<br \/>\n<\/strong><\/p>\n<p>statutory representative: Ing. Petr Novotn\u00fd, Director, tel.: 910 105 100, e-mail:\u00a0<a href=\"\/en\/petr.novotny@vtusp.cz\/\">petr.novotny@vtusp.cz<\/a><br \/>\nrepresentative for conformity assessment: Ing. J\u00e1n Dzurenda, tel.: 910 105 510, e-mail:\u00a0<a href=\"mailto:jan.dzurenda@vtusp.cz\">jan.dzurenda@vtusp.cz<\/a><\/p>\n<p><em>Branch plant VT\u00daPV<\/em><br \/>\nRepresentative: Ing. Jaroslav \u0160trupl, Head of the VT\u00daPV branch plant, tel. 910 105 500, e-mail: j<a href=\"mailto:jaroslav.strupl@vtusp.cz\">aroslav.strupl@vtusp.cz<\/a><br \/>\nContact person: Ing. Milan Bezd\u011bk, tel.: 910 105 517, e-mail:\u00a0<a href=\"mailto:milan.bezdek@vtusp.cz\">milan.bezdek@vtusp.cz<\/a><br \/>\nV\u00edta Nejedl\u00e9ho 691, 682 01 Vy\u0161kov,<br \/>\ntel.: 910 105 510<br \/>\nfax: 910 105 499<\/p>\n<p>telephone switchboard: 910 105 111<br \/>\ne-mail:\u00a0<a href=\"mailto:info@vtusp.cz\">info@vtusp.cz<\/a><br \/>\nfax: 910105199<\/p>","protected":false},"excerpt":{"rendered":"<p>Vojensk\u00fd technick\u00fd \u00fastav, s.p.\u00a0 (Military Technical Institute, state enterprise) Mladoboleslavsk\u00e1 944, 197 06 Praha 9 \u2013 Kbely www.vtusp.cz Identifika\u010dn\u00ed \u010d\u00edslo notifikovan\u00e9 osoby \u2013\u00a02452 \u010dinnost notifikovan\u00e9 osoby podle NV: 117\/16, 345\/16 \u010dinnost ozn\u00e1men\u00e9ho subjektu podle na\u0159\u00edzen\u00ed Evropsk\u00e9ho parlamentu a Rady (EU) \u010d. 425\/16, 305\/11 statut\u00e1rn\u00ed z\u00e1stupce: Ing. Petr Novotn\u00fd, \u0159editel, tel.: 910 105 100, e-mail:\u00a0petr.novotny@vtusp.cz z\u00e1stupce [&hellip;]<\/p>\n","protected":false},"author":5,"featured_media":0,"parent":3339,"menu_order":0,"comment_status":"closed","ping_status":"closed","template":"","meta":{"_acf_changed":false,"_seopress_robots_primary_cat":"","_seopress_titles_title":"","_seopress_titles_desc":"","_seopress_robots_index":"","_lmt_disableupdate":"","_lmt_disable":"","footnotes":""},"class_list":["post-3498","page","type-page","status-publish","hentry"],"acf":[],"_links":{"self":[{"href":"https:\/\/unmz.gov.cz\/en\/wp-json\/wp\/v2\/pages\/3498","targetHints":{"allow":["GET"]}}],"collection":[{"href":"https:\/\/unmz.gov.cz\/en\/wp-json\/wp\/v2\/pages"}],"about":[{"href":"https:\/\/unmz.gov.cz\/en\/wp-json\/wp\/v2\/types\/page"}],"author":[{"embeddable":true,"href":"https:\/\/unmz.gov.cz\/en\/wp-json\/wp\/v2\/users\/5"}],"replies":[{"embeddable":true,"href":"https:\/\/unmz.gov.cz\/en\/wp-json\/wp\/v2\/comments?post=3498"}],"version-history":[{"count":0,"href":"https:\/\/unmz.gov.cz\/en\/wp-json\/wp\/v2\/pages\/3498\/revisions"}],"up":[{"embeddable":true,"href":"https:\/\/unmz.gov.cz\/en\/wp-json\/wp\/v2\/pages\/3339"}],"wp:attachment":[{"href":"https:\/\/unmz.gov.cz\/en\/wp-json\/wp\/v2\/media?parent=3498"}],"curies":[{"name":"wp","href":"https:\/\/api.w.org\/{rel}","templated":true}]}}