{"id":3500,"date":"2020-09-11T14:29:22","date_gmt":"2020-09-11T12:29:22","guid":{"rendered":"https:\/\/www.unmz.gov.cz\/?page_id=3500"},"modified":"2020-09-17T10:18:10","modified_gmt":"2020-09-17T08:18:10","slug":"vvuu-a-s","status":"publish","type":"page","link":"https:\/\/unmz.gov.cz\/en\/statni-zkusebnictvi\/autorizovane-osoby-oznamene-subjekty\/seznam-ao-os-a-uno\/vvuu-a-s\/","title":{"rendered":"VVUU, a.s."},"content":{"rendered":"<p><strong>VVUU, a.s.<\/strong><em><br \/>\n(VVUU)<br \/>\n<\/em>Pikartsk\u00e1 1337\/7, 716 07 Ostrava - Radvanice<u><br \/>\n<a href=\"http:\/\/www.vvuu.cz\/\">www.vvuu.cz<\/a><\/u><\/p>\n<p>Identification number of the notified person -\u00a0<strong>1019<\/strong><br \/>\nthe activity of a notified person under the NV: <strong>97\/16<\/strong><br \/>\nthe activity of a notified person under the NV: <strong>176\/08 <\/strong>(+170\/11+229\/12+312\/17)<br \/>\nthe activities of a notified body under Regulation (EU) No. <strong>425\/16<\/strong><\/p>\n<p>statutory representative: doc. Ing. Petr \u0160troch, Ph.D., Chairman of the Board of Directors,tel.: 596 252 200,e-mail:\u00a0<a href=\"mailto:asistentka@vvuu.cz\">asistentka@vvuu.cz<\/a><br \/>\nRepresentative: Ing. Tom\u00e1\u0161 Dorazil, tel.: 596 252 268, e-mail:\u00a0<a href=\"mailto:dorazilt@vvuu.cz\">dorazilt@vvuu.cz<\/a><\/p>\n<p>telephone switchboard: 596 252 111<br \/>\nfax: 596 232 098<br \/>\ne-mail:\u00a0<a href=\"mailto:vvuu@vvuu.cz\">vvuu@vvuu.cz<\/a><\/p>","protected":false},"excerpt":{"rendered":"<p>VVU\u00da, a.s. (VVUU) Pikartsk\u00e1 1337\/7, 716 07 Ostrava \u2013 Radvanice www.vvuu.cz Identifika\u010dn\u00ed \u010d\u00edslo notifikovan\u00e9 osoby \u2013\u00a01019 \u010dinnost notifikovan\u00e9 osoby podle NV: 97\/16 \u010dinnost notifikovan\u00e9 osoby podle NV: 176\/08 (+170\/11+229\/12+312\/17) \u010dinnost ozn\u00e1men\u00e9ho subjektu podle na\u0159\u00edzen\u00ed Evropsk\u00e9ho parlamentu a Rady (EU) \u010d. 425\/16 statut\u00e1rn\u00ed z\u00e1stupce: doc. Ing. Petr \u0160troch, Ph.D., p\u0159edseda p\u0159edstavenstva,tel.: 596 252 200,e-mail:\u00a0asistentka@vvuu.cz z\u00e1stupce: Ing. [&hellip;]<\/p>\n","protected":false},"author":5,"featured_media":0,"parent":3339,"menu_order":0,"comment_status":"closed","ping_status":"closed","template":"","meta":{"_acf_changed":false,"_seopress_robots_primary_cat":"","_seopress_titles_title":"","_seopress_titles_desc":"","_seopress_robots_index":"","_lmt_disableupdate":"","_lmt_disable":"","footnotes":""},"class_list":["post-3500","page","type-page","status-publish","hentry"],"acf":[],"_links":{"self":[{"href":"https:\/\/unmz.gov.cz\/en\/wp-json\/wp\/v2\/pages\/3500","targetHints":{"allow":["GET"]}}],"collection":[{"href":"https:\/\/unmz.gov.cz\/en\/wp-json\/wp\/v2\/pages"}],"about":[{"href":"https:\/\/unmz.gov.cz\/en\/wp-json\/wp\/v2\/types\/page"}],"author":[{"embeddable":true,"href":"https:\/\/unmz.gov.cz\/en\/wp-json\/wp\/v2\/users\/5"}],"replies":[{"embeddable":true,"href":"https:\/\/unmz.gov.cz\/en\/wp-json\/wp\/v2\/comments?post=3500"}],"version-history":[{"count":0,"href":"https:\/\/unmz.gov.cz\/en\/wp-json\/wp\/v2\/pages\/3500\/revisions"}],"up":[{"embeddable":true,"href":"https:\/\/unmz.gov.cz\/en\/wp-json\/wp\/v2\/pages\/3339"}],"wp:attachment":[{"href":"https:\/\/unmz.gov.cz\/en\/wp-json\/wp\/v2\/media?parent=3500"}],"curies":[{"name":"wp","href":"https:\/\/api.w.org\/{rel}","templated":true}]}}