{"id":3502,"date":"2020-09-11T14:31:09","date_gmt":"2020-09-11T12:31:09","guid":{"rendered":"https:\/\/www.unmz.gov.cz\/?page_id=3502"},"modified":"2020-09-18T10:51:39","modified_gmt":"2020-09-18T08:51:39","slug":"high-school-basic-technical-university-island","status":"publish","type":"page","link":"https:\/\/unmz.gov.cz\/en\/statni-zkusebnictvi\/autorizovane-osoby-oznamene-subjekty\/seznam-ao-os-a-uno\/vysoka-skola-banska-technicka-universita-ostrava\/","title":{"rendered":"University of Mining and Metallurgy - Technical University of Ostrava"},"content":{"rendered":"<p><strong>University of Mining and Metallurgy - Technical University of Ostrava<\/strong><br \/>\n<em>(V\u0160B-Technical University of Ostrava)<\/em><br \/>\n17. listopadu 15\/2172, 708 33 Ostrava - Poruba<br \/>\n<a href=\"https:\/\/www.vsb.cz\/\">https:\/\/www.vsb.cz<\/a><\/p>\n<p>Identification number of the notified person -\u00a0<strong>2078<\/strong><br \/>\nthe activities of a notified body under Regulation (EU) No.\u00a0<strong>305\/11<\/strong><br \/>\nthe activities of an authorised person under the NV:<strong> 163\/02 <\/strong>(+312\/05+215\/16)<\/p>\n<p>Statutory representative: prof. RNDr. V\u00e1clav Sn\u00e1\u0161el, CSc., tel.: +420 597 325 279, e-mail: <a href=\"mailto:vaclav.snasel@vsb.cz\">vaclav.snasel@vsb.cz<\/a><br \/>\nContact person: Ing. Jan Koloni\u010dn\u00fd, Ph.D.<br \/>\nTel: +420 597 323 847, +420 603 565 924<br \/>\nEmail: <a href=\"mailto:jan.kolonicny@vsb.cz\">jan.kolonicny@vsb.cz<\/a><\/p>","protected":false},"excerpt":{"rendered":"<p>Vysok\u00e1 \u0161kola b\u00e1\u0148sk\u00e1 \u2013 Technick\u00e1 universita Ostrava (V\u0160B-Technical University of Ostrava) 17. listopadu 15\/2172, 708 33 Ostrava \u2013 Poruba https:\/\/www.vsb.cz Identifika\u010dn\u00ed \u010d\u00edslo notifikovan\u00e9 osoby \u2013\u00a02078 \u010dinnost ozn\u00e1men\u00e9ho subjektu podle na\u0159\u00edzen\u00ed Evropsk\u00e9ho parlamentu a Rady (EU) \u010d.\u00a0305\/11 \u010dinnost autorizovan\u00e9 osoby podle NV: 163\/02 (+312\/05+215\/16) Statut\u00e1rn\u00ed z\u00e1stupce: prof. RNDr. V\u00e1clav Sn\u00e1\u0161el, CSc., tel.: +420 597 325 279, [&hellip;]<\/p>\n","protected":false},"author":5,"featured_media":0,"parent":3339,"menu_order":0,"comment_status":"closed","ping_status":"closed","template":"","meta":{"_acf_changed":false,"_seopress_robots_primary_cat":"","_seopress_titles_title":"","_seopress_titles_desc":"","_seopress_robots_index":"","_lmt_disableupdate":"","_lmt_disable":"","footnotes":""},"class_list":["post-3502","page","type-page","status-publish","hentry"],"acf":[],"_links":{"self":[{"href":"https:\/\/unmz.gov.cz\/en\/wp-json\/wp\/v2\/pages\/3502","targetHints":{"allow":["GET"]}}],"collection":[{"href":"https:\/\/unmz.gov.cz\/en\/wp-json\/wp\/v2\/pages"}],"about":[{"href":"https:\/\/unmz.gov.cz\/en\/wp-json\/wp\/v2\/types\/page"}],"author":[{"embeddable":true,"href":"https:\/\/unmz.gov.cz\/en\/wp-json\/wp\/v2\/users\/5"}],"replies":[{"embeddable":true,"href":"https:\/\/unmz.gov.cz\/en\/wp-json\/wp\/v2\/comments?post=3502"}],"version-history":[{"count":0,"href":"https:\/\/unmz.gov.cz\/en\/wp-json\/wp\/v2\/pages\/3502\/revisions"}],"up":[{"embeddable":true,"href":"https:\/\/unmz.gov.cz\/en\/wp-json\/wp\/v2\/pages\/3339"}],"wp:attachment":[{"href":"https:\/\/unmz.gov.cz\/en\/wp-json\/wp\/v2\/media?parent=3502"}],"curies":[{"name":"wp","href":"https:\/\/api.w.org\/{rel}","templated":true}]}}