{"id":3504,"date":"2020-09-11T14:36:20","date_gmt":"2020-09-11T12:36:20","guid":{"rendered":"https:\/\/www.unmz.gov.cz\/?page_id=3504"},"modified":"2020-09-17T10:41:45","modified_gmt":"2020-09-17T08:41:45","slug":"vyzkumny-a-vyvojovy-ustav-drevarsky-praha-s-p","status":"publish","type":"page","link":"https:\/\/unmz.gov.cz\/en\/statni-zkusebnictvi\/autorizovane-osoby-oznamene-subjekty\/seznam-ao-os-a-uno\/vyzkumny-a-vyvojovy-ustav-drevarsky-praha-s-p\/","title":{"rendered":"Wood Research and Development Institute, Prague, s.p."},"content":{"rendered":"<p><strong>Wood Research and Development Institute, Prague, s.p.<\/strong><em><br \/>\n(Timber Institute s. e.)<br \/>\n<\/em>Na Florenci 7-9, 111 71 Prague 1<br \/>\n<u><a href=\"http:\/\/www.vvud.cz\/\">www.vvud.cz<\/a><\/u><\/p>\n<p>Identification number of the notified person -\u00a0<strong>1393<\/strong><br \/>\nthe activities of a notified body under Regulation (EU) No. <strong>305\/11<\/strong><br \/>\nthe activities of an authorised person under the NV:<strong> 163\/02 <\/strong>(+312\/05+215\/16)<\/p>\n<p>statutory representative: Ing. Jitka Ber\u00e1nkov\u00e1, Ph.D., responsible for the management of the institute,tel.: 221 773 718, e-mail: <a href=\"mailto:berankova@vvud.cz\">berankova@vvud.cz<\/a><br \/>\nRepresentative: Ing. Ludmila Kotenov\u00e1, tel.: 221 773 718, e-mail: <a href=\"mailto:kotenova@vvud.cz\">kotenova@vvud.cz<\/a><\/p>\n<p>switchboard phone: 221 773 711,<br \/>\nfax: 224 222 844,<br \/>\ne-mail:\u00a0<u><a href=\"mailto:ao222@vvud.cz\">ao222@vvud.cz<\/a><\/u><\/p>","protected":false},"excerpt":{"rendered":"<p>V\u00fdzkumn\u00fd a v\u00fdvojov\u00fd \u00fastav d\u0159eva\u0159sk\u00fd, Praha, s.p. (Timber\u00a0Institute s. e.) Na Florenci 7-9, 111 71 Praha 1 www.vvud.cz Identifika\u010dn\u00ed \u010d\u00edslo notifikovan\u00e9 osoby \u2013\u00a01393 \u010dinnost ozn\u00e1men\u00e9ho subjektu podle na\u0159\u00edzen\u00ed Evropsk\u00e9ho parlamentu a Rady (EU) \u010d. 305\/11 \u010dinnost autorizovan\u00e9 osoby podle NV: 163\/02 (+312\/05+215\/16) statut\u00e1rn\u00ed z\u00e1stupce: Ing. Jitka Ber\u00e1nkov\u00e1, Ph.D., pov\u011b\u0159en\u00e1 \u0159\u00edzen\u00edm \u00fastavu,tel.: 221 773 718, e-mail: [&hellip;]<\/p>\n","protected":false},"author":5,"featured_media":0,"parent":3339,"menu_order":0,"comment_status":"closed","ping_status":"closed","template":"","meta":{"_acf_changed":false,"_seopress_robots_primary_cat":"","_seopress_titles_title":"","_seopress_titles_desc":"","_seopress_robots_index":"","_lmt_disableupdate":"","_lmt_disable":"","footnotes":""},"class_list":["post-3504","page","type-page","status-publish","hentry"],"acf":[],"_links":{"self":[{"href":"https:\/\/unmz.gov.cz\/en\/wp-json\/wp\/v2\/pages\/3504","targetHints":{"allow":["GET"]}}],"collection":[{"href":"https:\/\/unmz.gov.cz\/en\/wp-json\/wp\/v2\/pages"}],"about":[{"href":"https:\/\/unmz.gov.cz\/en\/wp-json\/wp\/v2\/types\/page"}],"author":[{"embeddable":true,"href":"https:\/\/unmz.gov.cz\/en\/wp-json\/wp\/v2\/users\/5"}],"replies":[{"embeddable":true,"href":"https:\/\/unmz.gov.cz\/en\/wp-json\/wp\/v2\/comments?post=3504"}],"version-history":[{"count":0,"href":"https:\/\/unmz.gov.cz\/en\/wp-json\/wp\/v2\/pages\/3504\/revisions"}],"up":[{"embeddable":true,"href":"https:\/\/unmz.gov.cz\/en\/wp-json\/wp\/v2\/pages\/3339"}],"wp:attachment":[{"href":"https:\/\/unmz.gov.cz\/en\/wp-json\/wp\/v2\/media?parent=3504"}],"curies":[{"name":"wp","href":"https:\/\/api.w.org\/{rel}","templated":true}]}}