{"id":3506,"date":"2020-09-11T14:36:50","date_gmt":"2020-09-11T12:36:50","guid":{"rendered":"https:\/\/www.unmz.gov.cz\/?page_id=3506"},"modified":"2020-09-17T12:19:22","modified_gmt":"2020-09-17T10:19:22","slug":"research-establishment-safety-working-in-it","status":"publish","type":"page","link":"https:\/\/unmz.gov.cz\/en\/statni-zkusebnictvi\/autorizovane-osoby-oznamene-subjekty\/seznam-ao-os-a-uno\/vyzkumny-ustav-bezpecnosti-prace-v-v-i\/","title":{"rendered":"Research Institute of Occupational Safety, v.v.i."},"content":{"rendered":"<p><strong>Research Institute of Occupational Safety, v.v.i.<br \/>\n<\/strong>(<em>Occupational Safety Research Institute)<br \/>\n<\/em>Jerusalemsk\u00e1 9, 116 52 Prague 1<br \/>\n<u><a href=\"http:\/\/www.vubp.cz\/\">www.vubp.cz<\/a><\/u><\/p>\n<p>Identification number of the notified person -\u00a0<strong>1024<\/strong><br \/>\nthe activities of a notified body under Regulation (EU) No. <strong>425\/16<\/strong><\/p>\n<p>statutory representative: PhDr. David Michal\u00edk, Ph.D., Director, tel.: 221 015 844, e-mail: <a href=\"mailto:michalik@vubp-praha.cz\">michalik@vubp-praha.cz<\/a><br \/>\nRepresentative: Ing. Karel \u0160kr\u00e9ta, tel.: 221 015 827, 224 211 426, e-mail:\u00a0<u><a href=\"mailto:skreta@vubp-praha.cz\">skreta@vubp-praha.cz<\/a><\/u><\/p>\n<p>telephone switchboard: 221 015 811,<br \/>\nfax: 224 238 550, 222 242 394,<br \/>\ne-mail:\u00a0<a href=\"mailto:%20ao235@vubp-praha.cz\">ao235@vubp-praha.cz<\/a><\/p>","protected":false},"excerpt":{"rendered":"<p>V\u00fdzkumn\u00fd \u00fastav bezpe\u010dnosti pr\u00e1ce, v.v.i. (Occupational Safety Research Institute) Jeruzal\u00e9msk\u00e1 9, 116 52 Praha 1 www.vubp.cz Identifika\u010dn\u00ed \u010d\u00edslo notifikovan\u00e9 osoby \u2013\u00a01024 \u010dinnost ozn\u00e1men\u00e9ho subjektu podle na\u0159\u00edzen\u00ed Evropsk\u00e9ho parlamentu a Rady (EU) \u010d. 425\/16 statut\u00e1rn\u00ed z\u00e1stupce: PhDr. David Michal\u00edk, Ph.D., \u0159editel, tel.: 221 015 844, e-mail: michalik@vubp-praha.cz z\u00e1stupce: Ing. Karel \u0160kr\u00e9ta, tel.: 221 015 827, 224 [&hellip;]<\/p>\n","protected":false},"author":5,"featured_media":0,"parent":3339,"menu_order":0,"comment_status":"closed","ping_status":"closed","template":"","meta":{"_acf_changed":false,"_seopress_robots_primary_cat":"","_seopress_titles_title":"","_seopress_titles_desc":"","_seopress_robots_index":"","_lmt_disableupdate":"","_lmt_disable":"","footnotes":""},"class_list":["post-3506","page","type-page","status-publish","hentry"],"acf":[],"_links":{"self":[{"href":"https:\/\/unmz.gov.cz\/en\/wp-json\/wp\/v2\/pages\/3506","targetHints":{"allow":["GET"]}}],"collection":[{"href":"https:\/\/unmz.gov.cz\/en\/wp-json\/wp\/v2\/pages"}],"about":[{"href":"https:\/\/unmz.gov.cz\/en\/wp-json\/wp\/v2\/types\/page"}],"author":[{"embeddable":true,"href":"https:\/\/unmz.gov.cz\/en\/wp-json\/wp\/v2\/users\/5"}],"replies":[{"embeddable":true,"href":"https:\/\/unmz.gov.cz\/en\/wp-json\/wp\/v2\/comments?post=3506"}],"version-history":[{"count":0,"href":"https:\/\/unmz.gov.cz\/en\/wp-json\/wp\/v2\/pages\/3506\/revisions"}],"up":[{"embeddable":true,"href":"https:\/\/unmz.gov.cz\/en\/wp-json\/wp\/v2\/pages\/3339"}],"wp:attachment":[{"href":"https:\/\/unmz.gov.cz\/en\/wp-json\/wp\/v2\/media?parent=3506"}],"curies":[{"name":"wp","href":"https:\/\/api.w.org\/{rel}","templated":true}]}}