{"id":3512,"date":"2020-09-11T14:38:24","date_gmt":"2020-09-11T12:38:24","guid":{"rendered":"https:\/\/www.unmz.gov.cz\/?page_id=3512"},"modified":"2022-03-02T08:15:40","modified_gmt":"2022-03-02T07:15:40","slug":"research-establishment-railroad-a-s","status":"publish","type":"page","link":"https:\/\/unmz.gov.cz\/en\/statni-zkusebnictvi\/autorizovane-osoby-oznamene-subjekty\/seznam-ao-os-a-uno\/vyzkumny-ustav-zeleznicni-a-s\/","title":{"rendered":"Railway Research Institute, a.s."},"content":{"rendered":"<p><strong>Railway Research Institute, a.s.<\/strong><br \/>\n<em>(Railway Research Institute, j.s.c.)<br \/>\n<\/em>Praha 4, Bran\u00edk, Novodvorsk\u00e1 1698, Postal code 142 01<br \/>\n<u><a href=\"http:\/\/www.cdvuz.cz\/\">www.cdvuz.cz<\/a><\/u><\/p>\n<p>Identification number of the notified person -\u00a0<strong>1714<\/strong><br \/>\nthe activities of a notified body under the EU Directive: <strong>2016\/797<br \/>\n<\/strong>the activities of a designated body under the EU Directive:<strong> 2016\/797<br \/>\n<\/strong><\/p>\n<p>statutory representative: Ing. Martin B\u011bl\u010d\u00edk, Chairman of the Board of Directors and CEO, tel. 972 223 401, e-mail:\u00a0<a href=\"mailto:PotuckovaB@cdvuz.cz\">PotuckovaB@cdvuz.cz<\/a><br \/>\nRepresentative: Ing. Ond\u0159ej Fanta, Ph.D., Member of the Board of Directors, Technical Director, Head of Authorized Person, tel. 972 223 411, e-mail: <a href=\"mailto:fantaO@cdvuz.cz\">fantaO@cdvuz.cz<\/a><\/p>\n<p>DS ID: m37gziu<\/p>","protected":false},"excerpt":{"rendered":"<p>V\u00fdzkumn\u00fd \u00dastav \u017delezni\u010dn\u00ed, a.s. (Railway Research Institute, j.s.c.) Praha 4, Bran\u00edk, Novodvorsk\u00e1 1698, PS\u010c 142 01 www.cdvuz.cz Identifika\u010dn\u00ed \u010d\u00edslo notifikovan\u00e9 osoby \u2013\u00a01714 \u010dinnost ozn\u00e1men\u00e9ho subjektu podle sm\u011brnice EU: 2016\/797 \u010dinnost ur\u010den\u00e9ho subjektu podle sm\u011brnice EU: 2016\/797 statut\u00e1rn\u00ed z\u00e1stupce: Ing. Martin B\u011bl\u010d\u00edk, p\u0159edseda p\u0159edstavenstva a gener\u00e1ln\u00ed \u0159editel, tel. 972 223 401, e-mail:\u00a0PotuckovaB@cdvuz.cz z\u00e1stupce: Ing. Ond\u0159ej Fanta, [&hellip;]<\/p>\n","protected":false},"author":5,"featured_media":0,"parent":3339,"menu_order":0,"comment_status":"closed","ping_status":"closed","template":"","meta":{"_acf_changed":false,"_seopress_robots_primary_cat":"","_seopress_titles_title":"","_seopress_titles_desc":"","_seopress_robots_index":"","_lmt_disableupdate":"","_lmt_disable":"","footnotes":""},"class_list":["post-3512","page","type-page","status-publish","hentry"],"acf":[],"_links":{"self":[{"href":"https:\/\/unmz.gov.cz\/en\/wp-json\/wp\/v2\/pages\/3512","targetHints":{"allow":["GET"]}}],"collection":[{"href":"https:\/\/unmz.gov.cz\/en\/wp-json\/wp\/v2\/pages"}],"about":[{"href":"https:\/\/unmz.gov.cz\/en\/wp-json\/wp\/v2\/types\/page"}],"author":[{"embeddable":true,"href":"https:\/\/unmz.gov.cz\/en\/wp-json\/wp\/v2\/users\/5"}],"replies":[{"embeddable":true,"href":"https:\/\/unmz.gov.cz\/en\/wp-json\/wp\/v2\/comments?post=3512"}],"version-history":[{"count":0,"href":"https:\/\/unmz.gov.cz\/en\/wp-json\/wp\/v2\/pages\/3512\/revisions"}],"up":[{"embeddable":true,"href":"https:\/\/unmz.gov.cz\/en\/wp-json\/wp\/v2\/pages\/3339"}],"wp:attachment":[{"href":"https:\/\/unmz.gov.cz\/en\/wp-json\/wp\/v2\/media?parent=3512"}],"curies":[{"name":"wp","href":"https:\/\/api.w.org\/{rel}","templated":true}]}}