{"id":364,"date":"2019-07-08T09:55:07","date_gmt":"2019-07-08T07:55:07","guid":{"rendered":"http:\/\/unmz-wp.e-bs.cz\/?page_id=364"},"modified":"2022-03-25T07:18:14","modified_gmt":"2022-03-25T06:18:14","slug":"links-and-contacts","status":"publish","type":"page","link":"https:\/\/unmz.gov.cz\/en\/metrologie\/mezinarodni-organizace\/odkazy-a-kontakty\/","title":{"rendered":"Links and contacts"},"content":{"rendered":"<ul>\n<li style=\"list-style-type: none;\">\n<ul>\n<li>\n<h1>Links and contacts<\/h1>\n<p><strong>European Commission<\/strong><\/p>\n<ul>\n<li style=\"list-style-type: none;\">\n<ul>\n<li><span style=\"color: aqua;\"><span style=\"color: #576879;\">the European Commission's website dedicated to\u00a0<a href=\"https:\/\/ec.europa.eu\/growth\/single-market\/goods\/building-blocks\/legal-metrology_en\" target=\"_blank\" rel=\"noopener noreferrer\">metrology, prepackaged goods and units of measurement<\/a><\/span><\/span><\/li>\n<\/ul>\n<\/li>\n<\/ul>\n<p>&nbsp;<\/p>\n<p>&nbsp;<\/p>\n<p><strong>Links to the websites of international metrology organisations<\/strong><\/p>\n<p>&nbsp;<\/p>\n<p>International Bureau of Weights and Measures -\u00a0<a href=\"http:\/\/www.bipm.org\/en\/home\/\" target=\"_blank\" rel=\"noopener noreferrer\">BIPM<\/a><\/p>\n<p>&nbsp;<\/p>\n<p>International Organization for Legal Metrology -\u00a0<a href=\"http:\/\/www.oiml.org\/en?set_language=en\" target=\"_blank\" rel=\"noopener noreferrer\">OIML<\/a><\/p>\n<ul>\n<li style=\"list-style-type: none;\">\n<ul>\n<li><a href=\"http:\/\/www.oiml.org\/en\/structure\/members\/memberslist_view?varMember=1\" target=\"_blank\" rel=\"noopener noreferrer\">Contact<\/a>\u00a0to the representatives of the member states<\/li>\n<\/ul>\n<\/li>\n<\/ul>\n<p>&nbsp;<\/p>\n<p>European Cooperation for Legal Metrology -\u00a0<a href=\"http:\/\/www.welmec.org\/\" target=\"_blank\" rel=\"noopener noreferrer\">WELMEC<\/a><\/p>\n<ul>\n<li style=\"list-style-type: none;\">\n<ul>\n<li><a href=\"https:\/\/www.welmec.org\/about-welmec\/secretariat\/\" target=\"_blank\" rel=\"noopener noreferrer\">Contact<\/a> to the WELMEC Secretariat<\/li>\n<li><a href=\"https:\/\/www.welmec.org\/guides-and-publications\/guides\/\" target=\"_blank\" rel=\"noopener noreferrer\">instruction documents<\/a>\u00a0WELMEC download<\/li>\n<li><a href=\"https:\/\/www.welmec.org\/working-groups\/\" target=\"_blank\" rel=\"noopener noreferrer\">working groups<\/a>\u00a0WELMEC<\/li>\n<li><a href=\"https:\/\/www.welmec.org\/legal-metrology-information\/country-information\/\" target=\"_blank\" rel=\"noopener noreferrer\">information<\/a>\u00a0on legal metrology in the Member States<\/li>\n<li>links to\u00a0<a href=\"https:\/\/www.welmec.org\/legal-metrology-information\/mid-and-nawid-certificates\/\" target=\"_blank\" rel=\"noopener noreferrer\">Database<\/a>\u00a0certificates issued under the MID<\/li>\n<\/ul>\n<\/li>\n<\/ul>\n<p>&nbsp;<\/p>\n<p>European cooperation of notified bodies in the field of legal metrology -\u00a0<a href=\"https:\/\/www.nobomet.org\/\" target=\"_blank\" rel=\"noopener noreferrer\">NoBoMet<\/a><\/p>\n<ul>\n<li style=\"list-style-type: none;\">\n<ul>\n<li>links to\u00a0<a href=\"https:\/\/sites.google.com\/site\/portalnobomet\/certificate-database\" target=\"_blank\" rel=\"noopener noreferrer\">Database<\/a>\u00a0EC type-examination certificates according to MID<\/li>\n<\/ul>\n<\/li>\n<\/ul>\n<p>&nbsp;<\/p>\n<p>&nbsp;<\/p>\n<p><strong>Professional publications<\/strong><\/p>\n<ul>\n<li style=\"list-style-type: none;\">\n<ul>\n<li><span style=\"color: aqua;\"><span style=\"color: #576879;\"><a href=\"https:\/\/www.oiml.org\/en\/publications\/bulletin\" target=\"_blank\" rel=\"noopener noreferrer\">OIML Bulletin<\/a><\/span><\/span><\/li>\n<li><a href=\"http:\/\/iopscience.iop.org\/journal\/0026-1394\" target=\"_blank\" rel=\"noopener noreferrer\">BIPM: Metrology<\/a><\/li>\n<\/ul>\n<\/li>\n<\/ul>\n<\/li>\n<\/ul>\n<\/li>\n<\/ul>","protected":false},"excerpt":{"rendered":"<p>Odkazy a kontakty Evropsk\u00e1 komise webov\u00e9 str\u00e1nky Evropsk\u00e9 komise v\u011bnovan\u00e9\u00a0metrologii, hotov\u011b balen\u00e9mu zbo\u017e\u00ed a jednotk\u00e1m m\u011b\u0159en\u00ed &nbsp; &nbsp; Odkazy na webov\u00e9 str\u00e1nky mezin\u00e1rodn\u00edch metrologick\u00fdch organizac\u00ed &nbsp; Mezin\u00e1rodn\u00ed \u00fa\u0159ad pro v\u00e1hy a m\u00edry\u00a0-\u00a0BIPM &nbsp; Mezin\u00e1rodn\u00ed organizace pro leg\u00e1ln\u00ed metrologii -\u00a0OIML kontakty\u00a0na z\u00e1stupce \u010dlensk\u00fdch st\u00e1t\u016f &nbsp; Evropsk\u00e1 spolupr\u00e1ce pro leg\u00e1ln\u00ed metrologii -\u00a0WELMEC kontakt na sekretari\u00e1t WELMEC n\u00e1vodov\u00e9 [&hellip;]<\/p>\n","protected":false},"author":5,"featured_media":0,"parent":153,"menu_order":0,"comment_status":"closed","ping_status":"closed","template":"","meta":{"_acf_changed":false,"_seopress_robots_primary_cat":"","_seopress_titles_title":"","_seopress_titles_desc":"","_seopress_robots_index":"","_lmt_disableupdate":"","_lmt_disable":"","footnotes":""},"class_list":["post-364","page","type-page","status-publish","hentry"],"acf":[],"_links":{"self":[{"href":"https:\/\/unmz.gov.cz\/en\/wp-json\/wp\/v2\/pages\/364","targetHints":{"allow":["GET"]}}],"collection":[{"href":"https:\/\/unmz.gov.cz\/en\/wp-json\/wp\/v2\/pages"}],"about":[{"href":"https:\/\/unmz.gov.cz\/en\/wp-json\/wp\/v2\/types\/page"}],"author":[{"embeddable":true,"href":"https:\/\/unmz.gov.cz\/en\/wp-json\/wp\/v2\/users\/5"}],"replies":[{"embeddable":true,"href":"https:\/\/unmz.gov.cz\/en\/wp-json\/wp\/v2\/comments?post=364"}],"version-history":[{"count":0,"href":"https:\/\/unmz.gov.cz\/en\/wp-json\/wp\/v2\/pages\/364\/revisions"}],"up":[{"embeddable":true,"href":"https:\/\/unmz.gov.cz\/en\/wp-json\/wp\/v2\/pages\/153"}],"wp:attachment":[{"href":"https:\/\/unmz.gov.cz\/en\/wp-json\/wp\/v2\/media?parent=364"}],"curies":[{"name":"wp","href":"https:\/\/api.w.org\/{rel}","templated":true}]}}