{"id":416,"date":"2024-05-28T10:51:42","date_gmt":"2024-05-28T08:51:42","guid":{"rendered":"http:\/\/unmz-wp.e-bs.cz\/?page_id=416"},"modified":"2025-11-13T14:34:36","modified_gmt":"2025-11-13T13:34:36","slug":"participation-in-working-agreements-2","status":"publish","type":"page","link":"https:\/\/unmz.gov.cz\/en\/mezinarodni-vztahy\/ramcove-vztahy-eu\/evropska-komise\/ucast-na-jednanich-pracovnich-organu-ek\/","title":{"rendered":"Participation in meetings of EC working bodies"},"content":{"rendered":"<div class=\"entry-content col-12\">\n<p><strong><u>Working bodies of the European Commission<\/u><\/strong><\/p>\n<p>\u00daNMZ ensures <strong>representation of the Czech Republic in the working bodies of the European Commission<\/strong> - comitology committees and expert groups established by European legislation which fall within the remit of the Authority. A list of these working bodies, including contact persons, is given in the table below.<\/p>\n<p>For more detailed information on the meetings of the EC working bodies, please visit <a href=\"mailto:radaeu@unmz.gov.cz\">radaeu@unmz.gov.cz<\/a>.<\/p>\n<p><b><u>Membership and priorities of the European Commission<\/u><\/b><\/p>\n<p>Aktu\u00e1ln\u00ed sbor Evropsk\u00e9 komise byl schv\u00e1len Evropsk\u00fdm parlamentem 27. listopadu 2024 a sv\u00e9ho mand\u00e1tu se ujal 1. prosince 2024 a t\u00edm zah\u00e1jil sv\u00e9 p\u011btilet\u00e9 funk\u010dn\u00ed obdob\u00ed. P\u0159edsedkyn\u011b kolegia Ursula von der Leyenov\u00e1 provedla zm\u011bny v\u00a0organiza\u010dn\u00edm \u010dlen\u011bn\u00ed EK a jednotliv\u00e9 komisa\u0159e stanovila vedouc\u00edmi projektov\u00fdch t\u00fdm\u016f zodpov\u00eddaj\u00edch za ur\u010dit\u00e9 t\u00e9matick\u00e9 portfolio. Obchodn\u00ed a ekonomick\u00e9 z\u00e1le\u017eitosti v\u00a0r\u00e1mci Komise povede Valdis Dombrovskis (Loty\u0161sko), energetickou politiku a ot\u00e1zky bydlen\u00ed Dan J\u00f8rgensen (D\u00e1nsko) a v\u00fdkonnou m\u00edstop\u0159edsedkyn\u00ed pro technickou suverenitu, bezpe\u010dnost a demokracii je Henna Virkunnen (Finsko). Agendu vnit\u0159n\u00edho trhu vede St\u00e9phane S\u00e9journ\u00e9 (Francie). \u010cesk\u00fd eurokomisa\u0159, Josef S\u00edkela, jen\u017e v\u00a0leto\u0161n\u00edm roce vyst\u0159\u00eddal V\u011bru Jourovou, bude m\u00edt na starosti agendu mezin\u00e1rodn\u00edho partnerstv\u00ed. Podrobnosti o person\u00e1ln\u00edm slo\u017een\u00ed EK, jej\u00edm zp\u016fsobu pr\u00e1ce i rozd\u011blen\u00ed portfoli\u00ed mezi jednotliv\u00e9 komisa\u0159e jsou pops\u00e1ny na <a href=\"https:\/\/commission.europa.eu\/about\/organisation\/college-commissioners_en?prefLang=cs\">the EC website<\/a>.<\/p>\n<p>On 21 October 2025, the European Commission published its <strong>Work programme for 2026 entitled \u201eEurope\u2019s Independence Moment\u201c<\/strong>, which focuses on building a stronger and more sovereign EU with an emphasis on security and competitiveness.<\/p>\n<p>The main objectives of the EC's work programme for 2026 are as follows:<\/p>\n<ul>\n<li>Sustainable prosperity and competitiveness<\/li>\n<li>Defence and security<\/li>\n<li>Social model and innovation<\/li>\n<li>Quality of life<\/li>\n<li>Democracy and the rule of law<\/li>\n<li>Global engagement<\/li>\n<\/ul>\n<p>For more information on the European Commission programme, please visit <a href=\"https:\/\/commission.europa.eu\/strategy-and-policy\/strategy-documents\/commission-work-programme\/commission-work-programme-2026_en\">Commission work programme 2026 - European Commission<\/a><\/p>\n<\/div>\n\n<h2 class=\"wp-block-heading\" id=\"zastoupeni-na-jednanich-pracovnich-organu-ek\">Representation at meetings of EC working bodies<\/h2>\n\n\n<p><strong>1. Representation in EC committees, working\/expert groups<\/strong><\/p>\n\n\n\n<p><strong><a href=\"https:\/\/unmz.gov.cz\/wp-content\/uploads\/zastoupeni-unmz-v-pracovnich-organech-ek_7.11.2025_1a.docx\">a) Sectors under the responsibility of the IOMH<\/a><\/strong><\/p>\n\n\n\n<p><strong><a href=\"https:\/\/unmz.gov.cz\/wp-content\/uploads\/zastoupeni-unmz-v-pracovnich-organech-ek_13.11.2025_1b.docx\">b) Sectors for which \u00daNMZ has a co-responsibility for the authorisation\/notification of conformity assessment bodies<\/a><\/strong><\/p>\n\n\n\n<p><strong><a href=\"https:\/\/unmz.gov.cz\/wp-content\/uploads\/zastoupeni-unmz-v-pracovnich-organech-ek_7.11.2025_1c.docx\">c) Contact persons for other New Approach Directives (MIT responsibility)<\/a><\/strong><\/p>\n\n\n\n<p><em>(Indicated because of the necessary interaction with the regulations that are under the responsibility of the Ministry of Health.)<\/em><\/p>\n\n\n\n<p><strong><a href=\"https:\/\/unmz.gov.cz\/wp-content\/uploads\/zastoupeni-unmz-v-pracovnich-organech-ek_7.11.2025_2.docx\">2. Representation on EC working bodies on cross-cutting EU legislation<\/a><\/strong><\/p>\n\n\n\n<p><strong><a href=\"https:\/\/unmz.gov.cz\/wp-content\/uploads\/zastoupeni-unmz-v-pracovnich-organech-ek_7.11.2025_3.docx\">3. Representation on other EC working bodies<\/a><\/strong><\/p>","protected":false},"excerpt":{"rendered":"<p>Pracovn\u00ed org\u00e1ny Evropsk\u00e9 komise \u00daNMZ zaji\u0161\u0165uje zastoupen\u00ed \u010cR v\u00a0pracovn\u00edch org\u00e1nech Evropsk\u00e9 komise \u2013 komitologick\u00fdch v\u00fdborech a expertn\u00edch skupin\u00e1ch z\u0159\u00edzen\u00fdch evropsk\u00fdmi pr\u00e1vn\u00edmi p\u0159edpisy, kter\u00e9 spadaj\u00ed do p\u016fsobnosti \u00da\u0159adu. Seznam t\u011bchto pracovn\u00edch org\u00e1n\u016f v\u010detn\u011b kontaktn\u00edch osob je uveden v\u00a0tabulce n\u00ed\u017ee. Podrobn\u011bj\u0161\u00ed informace o jedn\u00e1n\u00edch pracovn\u00edch org\u00e1n\u016f EK je mo\u017en\u00e9 z\u00edskat na adrese radaeu@unmz.gov.cz. Slo\u017een\u00ed Evropsk\u00e9 komise a [&hellip;]<\/p>\n","protected":false},"author":3,"featured_media":0,"parent":398,"menu_order":0,"comment_status":"closed","ping_status":"closed","template":"","meta":{"_acf_changed":false,"_seopress_robots_primary_cat":"","_seopress_titles_title":"","_seopress_titles_desc":"","_seopress_robots_index":"","_lmt_disableupdate":"no","_lmt_disable":"","footnotes":""},"class_list":["post-416","page","type-page","status-publish","hentry"],"acf":[],"_links":{"self":[{"href":"https:\/\/unmz.gov.cz\/en\/wp-json\/wp\/v2\/pages\/416","targetHints":{"allow":["GET"]}}],"collection":[{"href":"https:\/\/unmz.gov.cz\/en\/wp-json\/wp\/v2\/pages"}],"about":[{"href":"https:\/\/unmz.gov.cz\/en\/wp-json\/wp\/v2\/types\/page"}],"author":[{"embeddable":true,"href":"https:\/\/unmz.gov.cz\/en\/wp-json\/wp\/v2\/users\/3"}],"replies":[{"embeddable":true,"href":"https:\/\/unmz.gov.cz\/en\/wp-json\/wp\/v2\/comments?post=416"}],"version-history":[{"count":5,"href":"https:\/\/unmz.gov.cz\/en\/wp-json\/wp\/v2\/pages\/416\/revisions"}],"predecessor-version":[{"id":11859,"href":"https:\/\/unmz.gov.cz\/en\/wp-json\/wp\/v2\/pages\/416\/revisions\/11859"}],"up":[{"embeddable":true,"href":"https:\/\/unmz.gov.cz\/en\/wp-json\/wp\/v2\/pages\/398"}],"wp:attachment":[{"href":"https:\/\/unmz.gov.cz\/en\/wp-json\/wp\/v2\/media?parent=416"}],"curies":[{"name":"wp","href":"https:\/\/api.w.org\/{rel}","templated":true}]}}