{"id":561,"date":"2024-05-29T08:13:08","date_gmt":"2024-05-29T06:13:08","guid":{"rendered":"http:\/\/unmz-wp.e-bs.cz\/?page_id=561"},"modified":"2026-04-20T11:42:05","modified_gmt":"2026-04-20T09:42:05","slug":"current-notification-of-priority-countries","status":"publish","type":"page","link":"https:\/\/unmz.gov.cz\/en\/mezinarodni-vztahy\/wto-tbt\/aktualni-notifikace-prioritnich-zemi\/","title":{"rendered":"Current notifications of priority countries"},"content":{"rendered":"<p><a href=\"https:\/\/unmz.gov.cz\/wp-content\/uploads\/wtotbt-t16-2026-pz-web.pdf\">Notifikace prioritn\u00edch zem\u00ed 16. t\u00fdden 2026<\/a><\/p>\n<p>&nbsp;<\/p>","protected":false},"excerpt":{"rendered":"<p>Notifikace prioritn\u00edch zem\u00ed 16. t\u00fdden 2026 &nbsp;<\/p>","protected":false},"author":3,"featured_media":0,"parent":555,"menu_order":0,"comment_status":"closed","ping_status":"closed","template":"","meta":{"_acf_changed":false,"_seopress_robots_primary_cat":"","_seopress_titles_title":"","_seopress_titles_desc":"","_seopress_robots_index":"","_lmt_disableupdate":"no","_lmt_disable":"","footnotes":""},"class_list":["post-561","page","type-page","status-publish","hentry"],"acf":[],"_links":{"self":[{"href":"https:\/\/unmz.gov.cz\/en\/wp-json\/wp\/v2\/pages\/561","targetHints":{"allow":["GET"]}}],"collection":[{"href":"https:\/\/unmz.gov.cz\/en\/wp-json\/wp\/v2\/pages"}],"about":[{"href":"https:\/\/unmz.gov.cz\/en\/wp-json\/wp\/v2\/types\/page"}],"author":[{"embeddable":true,"href":"https:\/\/unmz.gov.cz\/en\/wp-json\/wp\/v2\/users\/3"}],"replies":[{"embeddable":true,"href":"https:\/\/unmz.gov.cz\/en\/wp-json\/wp\/v2\/comments?post=561"}],"version-history":[{"count":5,"href":"https:\/\/unmz.gov.cz\/en\/wp-json\/wp\/v2\/pages\/561\/revisions"}],"predecessor-version":[{"id":12540,"href":"https:\/\/unmz.gov.cz\/en\/wp-json\/wp\/v2\/pages\/561\/revisions\/12540"}],"up":[{"embeddable":true,"href":"https:\/\/unmz.gov.cz\/en\/wp-json\/wp\/v2\/pages\/555"}],"wp:attachment":[{"href":"https:\/\/unmz.gov.cz\/en\/wp-json\/wp\/v2\/media?parent=561"}],"curies":[{"name":"wp","href":"https:\/\/api.w.org\/{rel}","templated":true}]}}