{"id":5641,"date":"2021-10-14T09:57:59","date_gmt":"2021-10-14T07:57:59","guid":{"rendered":"https:\/\/www.unmz.gov.cz\/?page_id=5641"},"modified":"2021-12-27T10:09:17","modified_gmt":"2021-12-27T09:09:17","slug":"united-registrar-of-systems-czech-s-r-o","status":"publish","type":"page","link":"https:\/\/unmz.gov.cz\/en\/statni-zkusebnictvi\/autorizovane-osoby-oznamene-subjekty\/seznam-ao-os-a-uno\/united-registrar-of-systems-czech-s-r-o\/","title":{"rendered":"United Registrar of Systems Czech, s.r.o."},"content":{"rendered":"<p><strong>United Registrar of Systems Czech, s.r.o.<\/strong><br \/>\n<em>(United Registrar of Systems Czech s.r.o.)<\/em><br \/>\nRybn\u00e1 678\/9, 110 00 Prague<br \/>\n<a href=\"https:\/\/www.urs-czech.cz\/\">https:\/\/www.urs-czech.cz\/<\/a><\/p>\n<p>Identification number of the notified person - 2912<br \/>\nthe activities of the notified body under the NV: <strong>219\/16<br \/>\n<\/strong>the activity of a notified person under the NV:<strong> 208\/11<br \/>\n<\/strong>the activities of a notified body under Regulation (EU) of the European Parliament and of the Council \u00a0<strong>305\/11<\/strong><\/p>\n<p>Statutory representative: Bartosz Marcin Ratowski, Managing Director, tel.: 266 314 892 e-mail:\u00a0<a href=\"\/en\/info@urs-czech.cz\/\">info@urs-czech.cz<\/a><br \/>\nRepresentative: Jan Ondrouch, tel.: 778 750 152, e-mail:\u00a0<a href=\"\/en\/jan.ondrouch@urs-czech.cz\/\">jan.ondrouch@urs-czech.cz<\/a><\/p>\n<p>telephone switchboard: 266 778 892<br \/>\ne-mail:\u00a0<a href=\"\/en\/info@urs-czech.cz\/\">info@urs-czech.cz<\/a><\/p>","protected":false},"excerpt":{"rendered":"<p>United Registrar of Systems Czech, s.r.o. (United Registrar of Systems Czech s.r.o.) Rybn\u00e1 678\/9, 110 00 Praha https:\/\/www.urs-czech.cz\/ Identifika\u010dn\u00ed \u010d\u00edslo notifikovan\u00e9 osoby \u2013 2912 \u010dinnost ozn\u00e1men\u00e9ho subjektu podle NV: 219\/16 \u010dinnost notifikovan\u00e9 osoby podle NV: 208\/11 \u010dinnost ozn\u00e1men\u00e9ho subjektu podle na\u0159\u00edzen\u00ed Evropsk\u00e9ho parlamentu a Rady (EU) \u00a0305\/11 statut\u00e1rn\u00ed z\u00e1stupce: Bartosz Marcin Ratowski, jednatel, tel.: 266 [&hellip;]<\/p>\n","protected":false},"author":4,"featured_media":0,"parent":3339,"menu_order":0,"comment_status":"closed","ping_status":"closed","template":"","meta":{"_acf_changed":false,"_seopress_robots_primary_cat":"","_seopress_titles_title":"","_seopress_titles_desc":"","_seopress_robots_index":"","_lmt_disableupdate":"","_lmt_disable":"","footnotes":""},"class_list":["post-5641","page","type-page","status-publish","hentry"],"acf":[],"_links":{"self":[{"href":"https:\/\/unmz.gov.cz\/en\/wp-json\/wp\/v2\/pages\/5641","targetHints":{"allow":["GET"]}}],"collection":[{"href":"https:\/\/unmz.gov.cz\/en\/wp-json\/wp\/v2\/pages"}],"about":[{"href":"https:\/\/unmz.gov.cz\/en\/wp-json\/wp\/v2\/types\/page"}],"author":[{"embeddable":true,"href":"https:\/\/unmz.gov.cz\/en\/wp-json\/wp\/v2\/users\/4"}],"replies":[{"embeddable":true,"href":"https:\/\/unmz.gov.cz\/en\/wp-json\/wp\/v2\/comments?post=5641"}],"version-history":[{"count":0,"href":"https:\/\/unmz.gov.cz\/en\/wp-json\/wp\/v2\/pages\/5641\/revisions"}],"up":[{"embeddable":true,"href":"https:\/\/unmz.gov.cz\/en\/wp-json\/wp\/v2\/pages\/3339"}],"wp:attachment":[{"href":"https:\/\/unmz.gov.cz\/en\/wp-json\/wp\/v2\/media?parent=5641"}],"curies":[{"name":"wp","href":"https:\/\/api.w.org\/{rel}","templated":true}]}}