{"id":5667,"date":"2021-10-19T10:31:38","date_gmt":"2021-10-19T08:31:38","guid":{"rendered":"https:\/\/www.unmz.gov.cz\/?page_id=5667"},"modified":"2021-10-19T13:30:56","modified_gmt":"2021-10-19T11:30:56","slug":"fertilisers","status":"publish","type":"page","link":"https:\/\/unmz.gov.cz\/en\/statni-zkusebnictvi\/stanovene-vyrobky\/hnojiva\/","title":{"rendered":"Fertilisers"},"content":{"rendered":"<p>Regulation (EU) No.\u00a0<em><strong><a href=\"https:\/\/eur-lex.europa.eu\/legal-content\/EN\/TXT\/?uri=CELEX:32019R1009\">2019\/1009<\/a><\/strong><\/em>\u00a0of 5 June 2019 laying down rules for the placing on the market of EU fertiliser products and amending Regulations (EC) No 1069\/2009 and (EC) No 1107\/2009 and repealing Regulation (EC) No 2003\/2003<\/p>\n<p><strong>Notified entities<\/strong><\/p>\n<ul>\n<li>no OS yet<\/li>\n<\/ul>\n<p><strong>European Union<\/strong><\/p>\n<ul>\n<li>no page dedicated to the common market for fertiliser products yet<\/li>\n<li>none yet <em><strong><a href=\"https:\/\/ec.europa.eu\/growth\/tools-databases\/nando\/index.cfm?fuseaction=directive.notifiedbody&amp;dir_id=159361\">Notified persons in the EU\u00a0<\/a><\/strong><\/em><\/li>\n<li>none yet <em><strong><a href=\"https:\/\/ec.europa.eu\/growth\/single-market\/european-standards\/harmonised-standards_en\">Harmonised standards<\/a><\/strong><\/em> on Regulation (EU) No 2019\/1009<\/li>\n<\/ul>\n<p><strong>Information for \u00daNMZ<\/strong><\/p>\n<p>The issue of fertilizers falls under the competence of the Ministry of Agriculture of the Czech Republic and its subordinate organization, the Central Institute for Inspection and Testing of Agriculture (\u00daKZ\u00daZ). More information here: <em><strong><a href=\"http:\/\/eagri.cz\/public\/web\/ukzuz\/portal\/hnojiva-a-puda\/hnojiva\/ce-hnojiva\/\">http:\/\/eagri.cz\/public\/web\/ukzuz\/portal\/hnojiva-a-puda\/hnojiva\/ce-hnojiva\/<\/a>.<\/strong><\/em><\/p>","protected":false},"excerpt":{"rendered":"<p>Na\u0159\u00edzen\u00ed Evropsk\u00e9ho parlamentu a Rady (EU) \u010d.\u00a02019\/1009\u00a0ze dne 5. \u010dervna 2019, kter\u00fdm se stanov\u00ed pravidla pro dod\u00e1v\u00e1n\u00ed hnojiv\u00fdch v\u00fdrobk\u016f EU na trh a kter\u00fdm se m\u011bn\u00ed na\u0159\u00edzen\u00ed (ES) \u010d.\u00a01069\/2009 a (ES) \u010d. 1107\/2009 a zru\u0161uje na\u0159\u00edzen\u00ed (ES) \u010d.\u00a02003\/2003 Ozn\u00e1men\u00e9 subjekty zat\u00edm \u017e\u00e1dn\u00fd OS Evropsk\u00e1 unie zat\u00edm \u017e\u00e1dn\u00e1 str\u00e1nka v\u011bnovan\u00e1 spole\u010dn\u00e9mu trhu s hnojiv\u00fdmi v\u00fdrobky zat\u00edm [&hellip;]<\/p>\n","protected":false},"author":4,"featured_media":0,"parent":733,"menu_order":0,"comment_status":"closed","ping_status":"closed","template":"","meta":{"_acf_changed":false,"_seopress_robots_primary_cat":"","_seopress_titles_title":"","_seopress_titles_desc":"","_seopress_robots_index":"","_lmt_disableupdate":"","_lmt_disable":"","footnotes":""},"class_list":["post-5667","page","type-page","status-publish","hentry"],"acf":[],"_links":{"self":[{"href":"https:\/\/unmz.gov.cz\/en\/wp-json\/wp\/v2\/pages\/5667","targetHints":{"allow":["GET"]}}],"collection":[{"href":"https:\/\/unmz.gov.cz\/en\/wp-json\/wp\/v2\/pages"}],"about":[{"href":"https:\/\/unmz.gov.cz\/en\/wp-json\/wp\/v2\/types\/page"}],"author":[{"embeddable":true,"href":"https:\/\/unmz.gov.cz\/en\/wp-json\/wp\/v2\/users\/4"}],"replies":[{"embeddable":true,"href":"https:\/\/unmz.gov.cz\/en\/wp-json\/wp\/v2\/comments?post=5667"}],"version-history":[{"count":0,"href":"https:\/\/unmz.gov.cz\/en\/wp-json\/wp\/v2\/pages\/5667\/revisions"}],"up":[{"embeddable":true,"href":"https:\/\/unmz.gov.cz\/en\/wp-json\/wp\/v2\/pages\/733"}],"wp:attachment":[{"href":"https:\/\/unmz.gov.cz\/en\/wp-json\/wp\/v2\/media?parent=5667"}],"curies":[{"name":"wp","href":"https:\/\/api.w.org\/{rel}","templated":true}]}}