{"id":567,"date":"2024-05-29T08:14:28","date_gmt":"2024-05-29T06:14:28","guid":{"rendered":"http:\/\/unmz-wp.e-bs.cz\/?page_id=567"},"modified":"2026-04-27T12:07:55","modified_gmt":"2026-04-27T10:07:55","slug":"archive-of-previous-notifications-of-priority-countries","status":"publish","type":"page","link":"https:\/\/unmz.gov.cz\/en\/mezinarodni-vztahy\/wto-tbt\/archiv-predchozich-notifikaci-prioritnich-zemi\/","title":{"rendered":"Archive of previous Priority Country notifications"},"content":{"rendered":"<p>&nbsp;<\/p>\n<table style=\"height: 338px;\" border=\"1\" width=\"1070\" cellspacing=\"0\" cellpadding=\"0\">\n<tbody>\n<tr>\n<td colspan=\"2\" valign=\"top\"><b>2026<\/b><\/td>\n<\/tr>\n<tr>\n<td valign=\"top\">January, in a week<\/td>\n<td valign=\"top\"><a href=\"https:\/\/unmz.gov.cz\/wp-content\/uploads\/wtotbt-t1-2026-pz-web-1.pdf\">|1<\/a>| <a href=\"https:\/\/unmz.gov.cz\/wp-content\/uploads\/wtotbt-t2-2026-pz-web.pdf\">2<\/a>|\u00a0<a href=\"https:\/\/unmz.gov.cz\/wp-content\/uploads\/wtotbt-t3-2026-pz-web.pdf\">3<\/a>|\u00a0<a href=\"https:\/\/unmz.gov.cz\/wp-content\/uploads\/wtotbt-t4-2026-pz-web.pdf\">4<\/a>|\u00a0<a href=\"https:\/\/unmz.gov.cz\/wp-content\/uploads\/wtotbt-t5-2026-pz-web.pdf\">5<\/a> |<\/td>\n<\/tr>\n<tr>\n<td valign=\"top\">February, in a week<\/td>\n<td valign=\"top\">|\u00a0<a href=\"https:\/\/unmz.gov.cz\/wp-content\/uploads\/wtotbt-t6-2026-pz-web.pdf\">6<\/a>|\u00a0<a href=\"https:\/\/unmz.gov.cz\/wp-content\/uploads\/wtotbt-t7-2026-pz-web.pdf\">7<\/a>|<a href=\"https:\/\/unmz.gov.cz\/wp-content\/uploads\/wtotbt-t8-2026-pz-web.pdf\"> 8<\/a>|\u00a0<a href=\"https:\/\/unmz.gov.cz\/wp-content\/uploads\/wtotbt-t9-2026-pz-web.pdf\">9<\/a> |<\/td>\n<\/tr>\n<tr>\n<td valign=\"top\">March, in a week<\/td>\n<td valign=\"top\">|<a href=\"https:\/\/unmz.gov.cz\/wp-content\/uploads\/wtotbt-t10-2026-pz-web-1.pdf\">10<\/a>|\u00a0<a href=\"https:\/\/unmz.gov.cz\/wp-content\/uploads\/wtotbt-t11-2026-pz-web.pdf\">11<\/a>|\u00a0<a href=\"https:\/\/unmz.gov.cz\/wp-content\/uploads\/wtotbt-t12-2026-pz-web.pdf\">12<\/a>|\u00a0<a href=\"https:\/\/unmz.gov.cz\/wp-content\/uploads\/wtotbt-t13-2026-pz-web.pdf\">13<\/a>| <a href=\"https:\/\/unmz.gov.cz\/wp-content\/uploads\/wtotbt-t14-2026-pz-web.pdf\">14<\/a>|<\/td>\n<\/tr>\n<tr>\n<td valign=\"top\">April, in a week<\/td>\n<td valign=\"top\">| <a href=\"https:\/\/unmz.gov.cz\/wp-content\/uploads\/wtotbt-t15-2026-pz-web.pdf\">15<\/a>| <a href=\"https:\/\/unmz.gov.cz\/wp-content\/uploads\/wtotbt-t16-2026-pz-web.pdf\">16<\/a>| <a href=\"https:\/\/unmz.gov.cz\/wp-content\/uploads\/wtotbt-t17-2026-pz-web.pdf\">17<\/a>| 18|<\/td>\n<\/tr>\n<tr>\n<td valign=\"top\">May, in a week<\/td>\n<td valign=\"top\">| 19| 20| 21| 22|<\/td>\n<\/tr>\n<tr>\n<td valign=\"top\">June, in a week<\/td>\n<td valign=\"top\">|\u00a023|\u00a024| 25|\u00a026| 27|<\/td>\n<\/tr>\n<tr>\n<td valign=\"top\">July, in a week<\/td>\n<td valign=\"top\">| 28|\u00a029|\u00a030| 31|<\/td>\n<\/tr>\n<tr>\n<td valign=\"top\">August, in a week<\/td>\n<td valign=\"top\">|32|\u00a033|\u00a034|\u00a035|<\/td>\n<\/tr>\n<tr>\n<td valign=\"top\">September, in the week of<\/td>\n<td valign=\"top\">| 36| 37| 38| 39| 40|<\/td>\n<\/tr>\n<tr>\n<td valign=\"top\">October, in a week<\/td>\n<td valign=\"top\">| 41| 42| 43| 44|<\/td>\n<\/tr>\n<tr>\n<td valign=\"top\">November, in a week<\/td>\n<td valign=\"top\">| 45| 46 |47| 48|<\/td>\n<\/tr>\n<tr>\n<td valign=\"top\">December, in a week<\/td>\n<td valign=\"top\">|\u00a049|\u00a050| 51| 52| 53<\/td>\n<\/tr>\n<\/tbody>\n<\/table>\n<p><a href=\"https:\/\/unmz.gov.cz\/wp-content\/uploads\/archiv-notifikaci-pz-wto-tbt-2011-2025_leden-2026.docx\" target=\"_blank\" rel=\"noopener noreferrer\">Archive 2011-2025<\/a><\/p>\n<p><span style=\"font-size: 10pt;\">Note: Links to documents open in a new browser window as a DOC, DOCX document or start downloading (file size does not exceed 50 kB).<\/span><\/p>","protected":false},"excerpt":{"rendered":"<p>&nbsp; 2026 leden, v t\u00fddnu |1| 2|\u00a03|\u00a04|\u00a05 | \u00fanor, v t\u00fddnu |\u00a06|\u00a07| 8|\u00a09 | b\u0159ezen, v t\u00fddnu |10|\u00a011|\u00a012|\u00a013| 14| duben, v t\u00fddnu | 15| 16| 17| 18| kv\u011bten, v t\u00fddnu | 19| 20| 21| 22| \u010derven, v t\u00fddnu |\u00a023|\u00a024| 25|\u00a026| 27| \u010dervenec, v t\u00fddnu | 28|\u00a029|\u00a030| 31| srpen, v t\u00fddnu |32|\u00a033|\u00a034|\u00a035| z\u00e1\u0159\u00ed, v t\u00fddnu | [&hellip;]<\/p>\n","protected":false},"author":3,"featured_media":0,"parent":555,"menu_order":0,"comment_status":"closed","ping_status":"closed","template":"sitemap.php","meta":{"_acf_changed":false,"_seopress_robots_primary_cat":"","_seopress_titles_title":"","_seopress_titles_desc":"","_seopress_robots_index":"","_lmt_disableupdate":"no","_lmt_disable":"","footnotes":""},"class_list":["post-567","page","type-page","status-publish","hentry"],"acf":[],"_links":{"self":[{"href":"https:\/\/unmz.gov.cz\/en\/wp-json\/wp\/v2\/pages\/567","targetHints":{"allow":["GET"]}}],"collection":[{"href":"https:\/\/unmz.gov.cz\/en\/wp-json\/wp\/v2\/pages"}],"about":[{"href":"https:\/\/unmz.gov.cz\/en\/wp-json\/wp\/v2\/types\/page"}],"author":[{"embeddable":true,"href":"https:\/\/unmz.gov.cz\/en\/wp-json\/wp\/v2\/users\/3"}],"replies":[{"embeddable":true,"href":"https:\/\/unmz.gov.cz\/en\/wp-json\/wp\/v2\/comments?post=567"}],"version-history":[{"count":6,"href":"https:\/\/unmz.gov.cz\/en\/wp-json\/wp\/v2\/pages\/567\/revisions"}],"predecessor-version":[{"id":12573,"href":"https:\/\/unmz.gov.cz\/en\/wp-json\/wp\/v2\/pages\/567\/revisions\/12573"}],"up":[{"embeddable":true,"href":"https:\/\/unmz.gov.cz\/en\/wp-json\/wp\/v2\/pages\/555"}],"wp:attachment":[{"href":"https:\/\/unmz.gov.cz\/en\/wp-json\/wp\/v2\/media?parent=567"}],"curies":[{"name":"wp","href":"https:\/\/api.w.org\/{rel}","templated":true}]}}