{"id":573,"date":"2019-07-09T11:37:57","date_gmt":"2019-07-09T09:37:57","guid":{"rendered":"http:\/\/unmz-wp.e-bs.cz\/?page_id=573"},"modified":"2026-04-10T10:19:44","modified_gmt":"2026-04-10T08:19:44","slug":"database-notification","status":"publish","type":"page","link":"https:\/\/unmz.gov.cz\/en\/mezinarodni-vztahy\/wto-tbt\/informacni-stredisko-wto-tbt\/databaze-notifikaci\/","title":{"rendered":"Notification database"},"content":{"rendered":"<p>WTO -\u00a0<a href=\"http:\/\/www.wto.org\/\">www.wto.org<\/a>\u00a0- is the World Trade Organization, which regulates trade rules among its member countries and whose main objective is to increase production and trade in goods and services in relation to the optimal use of the world's resources in accordance with the goal of sustainable development and environmental conservation. The WTO currently has 164 member countries.<\/p>\n<p>The Office of the Minister of Foreign Trade processes notifications relating to technical barriers to trade (TBT).<br \/>\nThe MoA deals with notifications concerning sanitary and phytosanitary measures (SPS).<\/p>\n<p><b>Notification database<\/b><\/p>\n<p><a href=\"https:\/\/eping.wto.org\/\"><strong>https:\/\/eping.wto.org\/<\/strong><\/a><\/p>\n<p>WTO database that publishes WTO Members' draft technical regulations in English, French and Spanish.<\/p>\n<p>Under the \"Search notifications\" tab, which allows you to search for all documents made available to the public, you can search for notifications by various criteria such as notification number, country, topic, etc. The procedure for searching notifications is as follows, under \"Area (SPS, TBT)\" select TBT and then fill in the other fields according to your interest. To search for a specific notification, enter G\/TBT\/N\/ in the \"Notification symbol\" field.<em>the number of the specific notification, e.g. USA\/123.\u00a0<\/em><\/p>\n<hr \/>\n<p><b><a href=\"http:\/\/docsonline.wto.org\/\" target=\"_blank\" rel=\"noopener noreferrer\">http:\/\/docsonline.wto.org\/<\/a><\/b><\/p>\n<p>WTO database that publishes WTO Members' draft technical regulations in English, French and Spanish.<\/p>\n<p>Under the \"Search\" tab, which allows you to search for all documents made available to the public, you can search for notifications by various criteria such as notification number, country, topic, etc. The procedure for searching for notifications is as follows, in the \"Document symbol\" field fill in G\/TBT\/N\/ and then fill in the other fields according to your interest. To search for a specific notification, enter G\/TBT\/N\/ in the \"Document symbol\" field.<em>the number of the specific notification, e.g. USA\/123.\u00a0<\/em><\/p>\n<hr \/>\n<p><a href=\"https:\/\/technical-barriers-trade.ec.europa.eu\/en\/search\"><strong>http:\/\/ec.europa.eu\/growth\/tools-databases\/tbt\/en\/search\/<\/strong><\/a><\/p>\n<p>The European Commission's database that publishes all draft technical regulations published by WTO members of the TBT Agreement. It also allows searches by various criteria such as document number, country, date<strong>\u00a0<\/strong>etc. But it also allows\u00a0<strong>search for comments<\/strong>\u00a0members of the Agreement on individual draft technical regulations, which the EC publishes here in a clear manner.<\/p>\n<p>To search for a specific notification, fill in only the number of the specific notification in the \"Document number\" field, and only fill in the country in the next field.<\/p>","protected":false},"excerpt":{"rendered":"<p>WTO \u2013\u00a0www.wto.org\u00a0- je Sv\u011btov\u00e1 obchodn\u00ed organizace, kter\u00e1 upravuje obchodn\u00ed pravidla mezi jednotliv\u00fdmi \u010dlensk\u00fdmi st\u00e1ty a\u00a0jej\u00edm\u017e hlavn\u00edm c\u00edlem je zv\u00fd\u0161en\u00ed v\u00fdroby a\u00a0obchodu se zbo\u017e\u00edm a\u00a0slu\u017ebami v\u00a0n\u00e1vaznosti na optim\u00e1ln\u00ed vyu\u017eit\u00ed sv\u011btov\u00fdch zdroj\u016f v\u00a0souladu s\u00a0c\u00edlem trval\u00e9ho rozvoje a\u00a0zachov\u00e1n\u00ed \u017eivotn\u00edho prost\u0159ed\u00ed. WTO sdru\u017euje v\u00a0sou\u010dasn\u00e9 dob\u011b 164 \u010dlensk\u00fdch st\u00e1t\u016f. \u00daNMZ zpracov\u00e1v\u00e1 notifikace, kter\u00e9 se t\u00fdkaj\u00ed technick\u00fdch p\u0159ek\u00e1\u017eek obchodu (TBT). MZe [&hellip;]<\/p>\n","protected":false},"author":3,"featured_media":0,"parent":558,"menu_order":0,"comment_status":"closed","ping_status":"closed","template":"","meta":{"_acf_changed":false,"_seopress_robots_primary_cat":"","_seopress_titles_title":"","_seopress_titles_desc":"","_seopress_robots_index":"","_lmt_disableupdate":"no","_lmt_disable":"","footnotes":""},"class_list":["post-573","page","type-page","status-publish","hentry"],"acf":[],"_links":{"self":[{"href":"https:\/\/unmz.gov.cz\/en\/wp-json\/wp\/v2\/pages\/573","targetHints":{"allow":["GET"]}}],"collection":[{"href":"https:\/\/unmz.gov.cz\/en\/wp-json\/wp\/v2\/pages"}],"about":[{"href":"https:\/\/unmz.gov.cz\/en\/wp-json\/wp\/v2\/types\/page"}],"author":[{"embeddable":true,"href":"https:\/\/unmz.gov.cz\/en\/wp-json\/wp\/v2\/users\/3"}],"replies":[{"embeddable":true,"href":"https:\/\/unmz.gov.cz\/en\/wp-json\/wp\/v2\/comments?post=573"}],"version-history":[{"count":1,"href":"https:\/\/unmz.gov.cz\/en\/wp-json\/wp\/v2\/pages\/573\/revisions"}],"predecessor-version":[{"id":12503,"href":"https:\/\/unmz.gov.cz\/en\/wp-json\/wp\/v2\/pages\/573\/revisions\/12503"}],"up":[{"embeddable":true,"href":"https:\/\/unmz.gov.cz\/en\/wp-json\/wp\/v2\/pages\/558"}],"wp:attachment":[{"href":"https:\/\/unmz.gov.cz\/en\/wp-json\/wp\/v2\/media?parent=573"}],"curies":[{"name":"wp","href":"https:\/\/api.w.org\/{rel}","templated":true}]}}