{"id":5770,"date":"2021-11-11T13:26:44","date_gmt":"2021-11-11T12:26:44","guid":{"rendered":"https:\/\/www.unmz.gov.cz\/?page_id=5770"},"modified":"2026-01-29T14:38:16","modified_gmt":"2026-01-29T13:38:16","slug":"koncepce-rozvoje-metrologie-2022-2026","status":"publish","type":"page","link":"https:\/\/unmz.gov.cz\/en\/rozvoj-v-metrologii\/koncepce-rozvoje-metrologie-2022-2026\/","title":{"rendered":"Metrology Development Conception 2022-2026"},"content":{"rendered":"<h1>Metrology Development Conception 2022-2026<\/h1>\n<p><a href=\"https:\/\/www.unmz.gov.cz\/wp-content\/uploads\/UV-c.-961_2021.pdf\">Government Resolution No 961 of 5 November 2021<\/a> (PDF 205 kB)<\/p>\n<p><a href=\"https:\/\/www.unmz.gov.cz\/wp-content\/uploads\/Koncepce-rozvoje-NMS-2022-2026.pdf\">NMS Development Concept 2022-2026<\/a> (PDF 662 kB)<\/p>\n<p><a href=\"https:\/\/www.unmz.gov.cz\/wp-content\/uploads\/priloha-1.pdf\">Development of the technical base of the NMS according to individual disciplines<\/a> (PDF 197 kB)<\/p>\n<h1>Evaluation of the NMS Development Concept 2022 - 2026<strong><br \/>\n<\/strong><\/h1>\n<p><a href=\"https:\/\/www.unmz.gov.cz\/wp-content\/uploads\/vyhodnoceni-Koncepce-NMS-k-31.12.2022_web.pdf\">Evaluation of the NMS Development Concept 2022-2026 as of 31 December 2022<\/a> (PDF 984 kB)<\/p>\n<p><a href=\"https:\/\/www.unmz.gov.cz\/wp-content\/uploads\/vyhodnoceni-konc-NMS-31122023.pdf\">Evaluation of the NMS Development Concept 2022-2026 as of 31 December 2023<\/a> (PDF 2 200 kB)<\/p>\n<p><a href=\"https:\/\/unmz.gov.cz\/wp-content\/uploads\/vyhodnoceni-koncepce-nms-k-31122024-web.pdf\">Evaluation of the NMS Development Concept 2022-2026 as of 31 December 2024<\/a> (PDF 1 654 kB)<\/p>\n<p><a href=\"https:\/\/unmz.gov.cz\/wp-content\/uploads\/vyhodnoceni-koncepce-nms-k-31.12.2025_web.pdf\">Evaluation of the development concept of the NMS 2022-2026 as of 31.12.2025<\/a> (PDF 1096 kB)<\/p>\n<p>&nbsp;<\/p>\n<p>&nbsp;<\/p>","protected":false},"excerpt":{"rendered":"<p>Koncepce rozvoje metrologie 2022-2026 Usnesen\u00ed vl\u00e1dy \u010d. 961 ze dne 5. listopadu 2021 (PDF 205 kB) Koncepce rozvoje NMS 2022-2026 (PDF 662 kB) Rozvoj technick\u00e9 z\u00e1kladny NMS podle jednotliv\u00fdch obor\u016f (PDF 197 kB) Vyhodnocen\u00ed koncepce rozvoje NMS 2022 - 2026 Vyhodnocen\u00ed koncepce rozvoje NMS 2022-2026 k 31. 12. 2022 (PDF 984 kB) Vyhodnocen\u00ed koncepce rozvoje [&hellip;]<\/p>\n","protected":false},"author":4,"featured_media":0,"parent":204,"menu_order":0,"comment_status":"closed","ping_status":"closed","template":"","meta":{"_acf_changed":false,"_seopress_robots_primary_cat":"","_seopress_titles_title":"","_seopress_titles_desc":"","_seopress_robots_index":"","_lmt_disableupdate":"no","_lmt_disable":"","footnotes":""},"class_list":["post-5770","page","type-page","status-publish","hentry"],"acf":[],"_links":{"self":[{"href":"https:\/\/unmz.gov.cz\/en\/wp-json\/wp\/v2\/pages\/5770","targetHints":{"allow":["GET"]}}],"collection":[{"href":"https:\/\/unmz.gov.cz\/en\/wp-json\/wp\/v2\/pages"}],"about":[{"href":"https:\/\/unmz.gov.cz\/en\/wp-json\/wp\/v2\/types\/page"}],"author":[{"embeddable":true,"href":"https:\/\/unmz.gov.cz\/en\/wp-json\/wp\/v2\/users\/4"}],"replies":[{"embeddable":true,"href":"https:\/\/unmz.gov.cz\/en\/wp-json\/wp\/v2\/comments?post=5770"}],"version-history":[{"count":4,"href":"https:\/\/unmz.gov.cz\/en\/wp-json\/wp\/v2\/pages\/5770\/revisions"}],"predecessor-version":[{"id":12181,"href":"https:\/\/unmz.gov.cz\/en\/wp-json\/wp\/v2\/pages\/5770\/revisions\/12181"}],"up":[{"embeddable":true,"href":"https:\/\/unmz.gov.cz\/en\/wp-json\/wp\/v2\/pages\/204"}],"wp:attachment":[{"href":"https:\/\/unmz.gov.cz\/en\/wp-json\/wp\/v2\/media?parent=5770"}],"curies":[{"name":"wp","href":"https:\/\/api.w.org\/{rel}","templated":true}]}}