{"id":595,"date":"2019-07-09T11:52:30","date_gmt":"2019-07-09T09:52:30","guid":{"rendered":"http:\/\/unmz-wp.e-bs.cz\/?page_id=595"},"modified":"2021-09-01T11:04:25","modified_gmt":"2021-09-01T09:04:25","slug":"membership-in-international-organisations","status":"publish","type":"page","link":"https:\/\/unmz.gov.cz\/en\/mezinarodni-vztahy\/ktpo\/clenstvi-v-mezinarodnich-organizacich\/","title":{"rendered":"Membership in international organisations"},"content":{"rendered":"<h2>Representation of the Czech Republic in international organisations - metrology<\/h2>\n<p>&nbsp;<\/p>\n<ol>\n<li><b>Metric convention<br \/>\n<\/b>The Czech Republic is a member<br \/>\nThe General Conference on Weights and Measures (CGPM) is attended by a government-appointed delegation - a representative of the \u00daNMZ and \u010cMI<br \/>\nThe signatory of the Arrangement on mutual recognition of state standards and certificates of calibration or measurement issued by national metrology institutes (CIPM MRA) for the Czech Republic is the Director General of \u010cMI (he was authorized to do so)<br \/>\n<a href=\"http:\/\/www.bipm.org\/\">www.bipm.org<\/a><\/li>\n<li><b>OIML<br \/>\n<\/b>The Czech Republic is a member<br \/>\nThe General Conference for Legal Metrology (CGML) is attended by a delegation appointed by the Government - a representative of the \u00daNMZ and \u010cMI<br \/>\nIn the International Committee for Legal Metrology (CIML) the Czech Republic is represented by the Director General of \u010cMI<br \/>\n<a href=\"http:\/\/www.oiml.org\/\">www.oiml.org<\/a><\/li>\n<li><b>WELMEC<br \/>\n<\/b>\u00daNMZ is a member<br \/>\nThe working groups include representatives of the \u00daNMZ and \u010cMI<br \/>\n<a href=\"http:\/\/www.welmec.org\/\">www.welmec.org<\/a><\/li>\n<li><b>EURAMET e.V.<br \/>\n<\/b>\u010cMI is a member<br \/>\n<a href=\"http:\/\/www.euramet.org\/\">www.euramet.org<b><\/b><\/a><\/li>\n<\/ol>\n<h2><\/h2>\n<h2>Representation of the Czech Republic in international organisations - standardisation<\/h2>\n<p>\u00daNMZ, as a national standardization organization, is a full member of<\/p>\n<ol>\n<li>International Organization for Standardization (ISO)<br \/>\n<a href=\"http:\/\/www.iso.org\/\">www.iso.org<\/a><\/li>\n<li>International Electrotechnical Commission (IEC)<br \/>\n<a href=\"http:\/\/www.iec.ch\/\">www.iec.ch<\/a><\/li>\n<li>European Committee for Standardisation (<a href=\"https:\/\/www.cen.eu\/\" target=\"_blank\" rel=\"noopener noreferrer\">CEN<\/a>)<br \/>\n<a href=\"http:\/\/www.cen.eu\/\">www.cen.eu<\/a><\/li>\n<li>European Committee for Electrotechnical Standardization (CENELEC)<br \/>\n<a href=\"http:\/\/www.cenelec.eu\/\">www.cenelec.eu<\/a><\/li>\n<\/ol>\n<p>\u00daNMZ ensures the tasks of the national standardization organization in the European Telecommunications Standards Institute (ETSI)\u00a0<a href=\"http:\/\/www.etsi.org\/\">www.etsi.org<\/a>.<\/p>","protected":false},"excerpt":{"rendered":"<p>Zastoupen\u00ed \u010cR v\u00a0mezin\u00e1rodn\u00edch organizac\u00edch \u2013 metrologie &nbsp; Metrick\u00e1 konvence \u010clenem je \u010cR Gener\u00e1ln\u00ed konference pro v\u00e1hy a m\u00edry (CGPM) se \u00fa\u010dastn\u00ed delegace jmenovan\u00e1 vl\u00e1dou \u2013 z\u00e1stupce \u00daNMZ a \u010cMI Signat\u00e1\u0159em Ujedn\u00e1n\u00ed o vz\u00e1jemn\u00e9m uzn\u00e1v\u00e1n\u00ed st\u00e1tn\u00edch etalon\u016f a certifik\u00e1t\u016f kalibrace nebo m\u011b\u0159en\u00ed, vydan\u00fdch n\u00e1rodn\u00edmi metrologick\u00fdmi instituty (CIPM MRA) za \u010cR je gener\u00e1ln\u00ed \u0159editel \u010cMI (byl k\u00a0tomu [&hellip;]<\/p>\n","protected":false},"author":3,"featured_media":0,"parent":591,"menu_order":0,"comment_status":"closed","ping_status":"closed","template":"","meta":{"_acf_changed":false,"_seopress_robots_primary_cat":"","_seopress_titles_title":"","_seopress_titles_desc":"","_seopress_robots_index":"","_lmt_disableupdate":"","_lmt_disable":"","footnotes":""},"class_list":["post-595","page","type-page","status-publish","hentry"],"acf":[],"_links":{"self":[{"href":"https:\/\/unmz.gov.cz\/en\/wp-json\/wp\/v2\/pages\/595","targetHints":{"allow":["GET"]}}],"collection":[{"href":"https:\/\/unmz.gov.cz\/en\/wp-json\/wp\/v2\/pages"}],"about":[{"href":"https:\/\/unmz.gov.cz\/en\/wp-json\/wp\/v2\/types\/page"}],"author":[{"embeddable":true,"href":"https:\/\/unmz.gov.cz\/en\/wp-json\/wp\/v2\/users\/3"}],"replies":[{"embeddable":true,"href":"https:\/\/unmz.gov.cz\/en\/wp-json\/wp\/v2\/comments?post=595"}],"version-history":[{"count":0,"href":"https:\/\/unmz.gov.cz\/en\/wp-json\/wp\/v2\/pages\/595\/revisions"}],"up":[{"embeddable":true,"href":"https:\/\/unmz.gov.cz\/en\/wp-json\/wp\/v2\/pages\/591"}],"wp:attachment":[{"href":"https:\/\/unmz.gov.cz\/en\/wp-json\/wp\/v2\/media?parent=595"}],"curies":[{"name":"wp","href":"https:\/\/api.w.org\/{rel}","templated":true}]}}