{"id":609,"date":"2019-07-09T14:32:21","date_gmt":"2019-07-09T12:32:21","guid":{"rendered":"http:\/\/unmz-wp.e-bs.cz\/?page_id=609"},"modified":"2023-07-28T17:53:34","modified_gmt":"2023-07-28T15:53:34","slug":"o-uradu","status":"publish","type":"page","link":"https:\/\/unmz.gov.cz\/en\/obecne\/o-uradu\/","title":{"rendered":"About the Office"},"content":{"rendered":"<h4>Characteristic of the Office<\/h4>\n<p>The Czech Office for Standards, Metrology and Testing (\u00daNMZ) was established by Act No 20\/1993 Coll., on Ensuring of Exercise of the State Administration in the Field of the Technical Standardization, Metrology and Testing. \u00daNMZ is a state budgetary organization and state organizational unit under the Ministry of Industry and Trade of the Czech Republic. \u00daNMZ has been established to provide the performance of the state administration in the field of technical standardization, metrology and state testing and tasks in the area of technical regulations and standards applicable in connection with the Czech Republic\u00b4s membership in the EU. With the effect from 1 January 2018 all activities relating with development, publication and distribution of technical standards were transferred to the\u00a0<a href=\"https:\/\/www.agenturacas.gov.cz\/en\/\" target=\"_blank\" rel=\"noopener noreferrer\">Czech Standardization Agency<\/a> (CAS).<\/p>","protected":false},"excerpt":{"rendered":"<p>Charakteristika \u00fa\u0159adu \u00da\u0159ad pro technickou normalizaci, metrologii a st\u00e1tn\u00ed zku\u0161ebnictv\u00ed (\u00daNMZ) byl z\u0159\u00edzen z\u00e1konem \u010cesk\u00e9 n\u00e1rodn\u00ed rady \u010d. 20\/1993 Sb.\u00a0 o zabezpe\u010den\u00ed v\u00fdkonu st\u00e1tn\u00ed spr\u00e1vy v oblasti technick\u00e9 normalizace, metrologie a st\u00e1tn\u00edho zku\u0161ebnictv\u00ed. \u00daNMZ je organiza\u010dn\u00ed slo\u017ekou st\u00e1tu v resortu Ministerstva pr\u016fmyslu a obchodu \u010cR. Hlavn\u00edm posl\u00e1n\u00edm \u00daNMZ je zabezpe\u010dovat \u00fakoly vypl\u00fdvaj\u00edc\u00ed ze z\u00e1kon\u016f \u010cesk\u00e9 [&hellip;]<\/p>\n","protected":false},"author":1,"featured_media":1283,"parent":702,"menu_order":0,"comment_status":"closed","ping_status":"closed","template":"sitemap.php","meta":{"_acf_changed":false,"_seopress_robots_primary_cat":"","_seopress_titles_title":"","_seopress_titles_desc":"","_seopress_robots_index":"","_lmt_disableupdate":"","_lmt_disable":"","footnotes":""},"class_list":["post-609","page","type-page","status-publish","has-post-thumbnail","hentry"],"acf":[],"_links":{"self":[{"href":"https:\/\/unmz.gov.cz\/en\/wp-json\/wp\/v2\/pages\/609","targetHints":{"allow":["GET"]}}],"collection":[{"href":"https:\/\/unmz.gov.cz\/en\/wp-json\/wp\/v2\/pages"}],"about":[{"href":"https:\/\/unmz.gov.cz\/en\/wp-json\/wp\/v2\/types\/page"}],"author":[{"embeddable":true,"href":"https:\/\/unmz.gov.cz\/en\/wp-json\/wp\/v2\/users\/1"}],"replies":[{"embeddable":true,"href":"https:\/\/unmz.gov.cz\/en\/wp-json\/wp\/v2\/comments?post=609"}],"version-history":[{"count":0,"href":"https:\/\/unmz.gov.cz\/en\/wp-json\/wp\/v2\/pages\/609\/revisions"}],"up":[{"embeddable":true,"href":"https:\/\/unmz.gov.cz\/en\/wp-json\/wp\/v2\/pages\/702"}],"wp:featuredmedia":[{"embeddable":true,"href":"https:\/\/unmz.gov.cz\/en\/wp-json\/wp\/v2\/media\/1283"}],"wp:attachment":[{"href":"https:\/\/unmz.gov.cz\/en\/wp-json\/wp\/v2\/media?parent=609"}],"curies":[{"name":"wp","href":"https:\/\/api.w.org\/{rel}","templated":true}]}}