{"id":625,"date":"2019-07-09T16:03:57","date_gmt":"2019-07-09T14:03:57","guid":{"rendered":"http:\/\/unmz-wp.e-bs.cz\/?page_id=625"},"modified":"2025-07-01T07:55:49","modified_gmt":"2025-07-01T05:55:49","slug":"phone-list","status":"publish","type":"page","link":"https:\/\/unmz.gov.cz\/en\/obecne\/o-uradu\/telefonni-seznam\/","title":{"rendered":"Telephone directory"},"content":{"rendered":"<h1 class=\"wp-block-heading\" id=\"telefonni-seznam\">Contacts<\/h1>\n\n\n<figure class=\"wp-block-table\"><table><tbody><tr><td><strong>Unit<\/strong><\/td><td><strong>Name<\/strong><\/td><td><strong>Line<\/strong><\/td><td><strong>Office no.<\/strong><\/td><td><strong>Fax<\/strong><\/td><td>&nbsp;<\/td><\/tr><tr><td><strong>1000<\/strong><\/td><td colspan=\"5\"><strong>President of the Office<\/strong><\/td><\/tr><tr><td>&nbsp;<\/td><td>Kratochv\u00edl Ji\u0159\u00ed, Ing.<\/td><td>221802103<\/td><td>4.17<\/td><td>221802300<\/td><td>&nbsp;<\/td><\/tr><tr><td><strong>1001<\/strong><\/td><td colspan=\"5\"><strong>External Relations and Economy Section<\/strong><\/td><\/tr><tr><td>&nbsp;<\/td><td>Chloupek Miroslav, Ing., Section Director<\/td><td>221802104<\/td><td>4.11<\/td><td>&nbsp;<\/td><td>&nbsp;<\/td><\/tr><tr><td><strong>1100<\/strong><\/td><td><strong>Office of the President of the Office<\/strong><\/td><td>&nbsp;<\/td><td>&nbsp;<\/td><td>&nbsp;<\/td><td>&nbsp;<\/td><\/tr><tr><td>&nbsp;<\/td><td>Kytli\u010dka Milan,  Head of the Unit<\/td><td>221802124<\/td><td>3.15<\/td><td>&nbsp;<\/td><td>&nbsp;<\/td><\/tr><tr><td>&nbsp;<\/td><td>Votrubcov\u00e1 Marta<\/td><td>221802120<\/td><td>4.16<\/td><td>221802300<\/td><td>&nbsp;<\/td><\/tr><tr><td><strong>3000<\/strong><\/td><td colspan=\"5\"><strong>Metrology Department<\/strong><\/td><\/tr><tr><td>&nbsp;<\/td><td>Vesel\u00e1k Zbyn\u011bk , Ing., Director of the Department<\/td><td>221802131<\/td><td>3.10<\/td><td>&nbsp;<\/td><td>&nbsp;<\/td><\/tr><tr><td><strong>3100<\/strong><\/td><td colspan=\"5\"><strong>Development and International Cooperation Unit<\/strong><\/td><\/tr><tr><td>&nbsp;<\/td><td>Machov\u00e1 Eli\u0161ka, Head of the Unit<\/td><td>221802140<\/td><td>3.06<\/td><td>&nbsp;<\/td><td>&nbsp;<\/td><\/tr><tr><td>&nbsp;<\/td><td>Bojko Miroslav, Ing.<\/td><td>221802150<\/td><td>3.08<\/td><td>&nbsp;<\/td><td>&nbsp;<\/td><\/tr><tr><td>&nbsp;<\/td><td>Poho\u0159el\u00e1 Zde\u0148ka<\/td><td>221802122<\/td><td>3.03<\/td><td>&nbsp;<\/td><td>&nbsp;<\/td><\/tr><tr><td>&nbsp;<\/td><td>Svoboda Petr<\/td><td>221802133<\/td><td>3.05<\/td><td>&nbsp;<\/td><td>&nbsp;<\/td><\/tr><tr><td><\/td><td>Vichrov\u00e1 Martina, Bc.<\/td><td>221802145<\/td><td>3.04<\/td><td><\/td><td><\/td><\/tr><tr><td><strong>3200<\/strong><\/td><td colspan=\"5\"><strong>Legal Metrology Unit<\/strong><\/td><\/tr><tr><td>&nbsp;<\/td><td>Ma\u0161ek \u0160t\u011bp\u00e1n, Head of the Unit<\/td><td>221802153<\/td><td>3.07<\/td><td>&nbsp;<\/td><td>&nbsp;<\/td><\/tr><tr><td><\/td><td>Havl\u00ednov\u00e1 R\u016f\u017eena<\/td><td>221802128<\/td><td>3.11<\/td><td><\/td><td><\/td><\/tr><tr><td>&nbsp;<\/td><td>Krpatov\u00e1 Petra<\/td><td>221802149<\/td><td>3.03<\/td><td>&nbsp;<\/td><td>&nbsp;<\/td><\/tr><tr><td>&nbsp;<\/td><td>Bart\u00e1k Petr<\/td><td>221802148<\/td><td>3.08<\/td><td>&nbsp;<\/td><td>&nbsp;<\/td><\/tr><tr><td>&nbsp;<\/td><td>Zaj\u00edc Stanislav, Ing.<\/td><td>221802155<\/td><td>3.05<\/td><td>&nbsp;<\/td><td>&nbsp;<\/td><\/tr><tr><td><strong>4000<\/strong><\/td><td colspan=\"5\"><strong>Testing Department<\/strong><\/td><\/tr><tr><td>&nbsp;<\/td><td>Kadlec Josef, Director of the Department<\/td><td>221802163<\/td><td>3.12<\/td><td>&nbsp;<\/td><td>&nbsp;<\/td><\/tr><tr><td><\/td><td>Vedralov\u00e1 Michaela<\/td><td>221802156<\/td><td>3.11<\/td><td><\/td><td><\/td><\/tr><tr><td><strong>4100<\/strong><\/td><td colspan=\"5\"><strong>Administrative Activities Unit<\/strong><\/td><\/tr><tr><td>&nbsp;<\/td><td>Kab\u00e1tkov\u00e1 Jitka, Head of the Unit<\/td><td>221802164<\/td><td>3.14<\/td><td>&nbsp;<\/td><td>&nbsp;<\/td><\/tr><tr><td><strong>4200<\/strong><\/td><td colspan=\"5\"><strong>Professional Activities Unit<\/strong><\/td><\/tr><tr><td>&nbsp;<\/td><td>Holu\u0161ov\u00e1 V\u00e1clava, Head of the Unit<\/td><td>221802181<\/td><td>3.12<\/td><td>&nbsp;<\/td><td>&nbsp;<\/td><\/tr><tr><td><strong>5000<\/strong><\/td><td colspan=\"5\"><strong>International Relations Department<\/strong><\/td><\/tr><tr><td>&nbsp;<\/td><td>Kafkov\u00e1 Jindra, Director of the Deparment<\/td><td>221802194<\/td><td>5.17<\/td><td>&nbsp;<\/td><td>&nbsp;<\/td><\/tr><tr><td><strong>5100<\/strong><\/td><td colspan=\"5\"><strong>EU and International Cooperation Unit<\/strong><\/td><\/tr><tr><td>&nbsp;<\/td><td>Popadi\u010dov\u00e1 Kl\u00e1ra, Head of the Unit<\/td><td>221802208<\/td><td>5.08<\/td><td>&nbsp;<\/td><td>&nbsp;<\/td><\/tr><tr><td><strong>5200<\/strong><\/td><td colspan=\"5\"><strong>Technical Regulation Notification Unit<\/strong><\/td><\/tr><tr><td>&nbsp;<\/td><td>&nbsp;<\/td><td>221802212<\/td><td>5.05<\/td><td>&nbsp;<\/td><td>&nbsp;<\/td><\/tr><tr><td><strong>6000<\/strong><\/td><td colspan=\"5\"><strong>Finance and Economy Management Department<\/strong><\/td><\/tr><tr><td>&nbsp;<\/td><td>Jedli\u010dka Anton\u00edn, Director of the Department<\/td><td>221802230<\/td><td>5.34<\/td><td>&nbsp;<\/td><td>&nbsp;<\/td><\/tr><tr><td><strong>6100<\/strong><\/td><td><strong>Department of Accounting and Budget<\/strong><\/td><td>&nbsp;<\/td><td>&nbsp;<\/td><td>&nbsp;<\/td><td>&nbsp;<\/td><\/tr><tr><td>&nbsp;<\/td><td>\u0160ev\u010d\u00edkov\u00e1 Jana, Ing., Head of Department<\/td><td>221802204<\/td><td>5.35<\/td><td>&nbsp;<\/td><td>&nbsp;<\/td><\/tr><tr><td><strong>6200<\/strong><\/td><td><strong>Facility Management and Administrative Activities Unit<\/strong><\/td><td>&nbsp;<\/td><td>&nbsp;<\/td><td>&nbsp;<\/td><td>&nbsp;<\/td><\/tr><tr><td>&nbsp;<\/td><td>Vagel Patrik, Head of the Unit<\/td><td>221802229<\/td><td>4.24<\/td><td>&nbsp;<\/td><td>&nbsp;<\/td><\/tr><tr><td>&nbsp;<\/td><td>&nbsp;<\/td><td>&nbsp;<\/td><td>&nbsp;<\/td><td>&nbsp;<\/td><td>&nbsp;<\/td><\/tr><tr><td colspan=\"6\"><strong>&nbsp;&nbsp;&nbsp;&nbsp;<\/strong><\/td><\/tr><\/tbody><\/table><\/figure>\n\n\n<h1 class=\"wp-block-heading\" id=\"\">\u00a0<\/h1>","protected":false},"excerpt":{"rendered":"<p>Telefonn\u00ed\u00a0seznam \u00datvar Jm\u00e9no Linka \u010c.dv. Fax &nbsp; 1000 P\u0159edseda \u00da\u0159adu &nbsp; Kratochv\u00edl Ji\u0159\u00ed, Ing. 221802103 4.17 221802300 &nbsp; 1001 Sekce vn\u011bj\u0161\u00edch vztah\u016f a ekonomiky &nbsp; Chloupek Miroslav, Ing., \u0159editel sekce 221802104 4.11 &nbsp; &nbsp; 1100 Kancel\u00e1\u0159 p\u0159edsedy \u00da\u0159adu &nbsp; &nbsp; &nbsp; &nbsp; &nbsp; Kytli\u010dka Milan, Mgr., vedouc\u00ed odd. 221802124 3.15 &nbsp; &nbsp; &nbsp; Votrubcov\u00e1 Marta [&hellip;]<\/p>\n","protected":false},"author":1,"featured_media":0,"parent":609,"menu_order":2,"comment_status":"closed","ping_status":"closed","template":"","meta":{"_acf_changed":false,"_seopress_robots_primary_cat":"","_seopress_titles_title":"","_seopress_titles_desc":"","_seopress_robots_index":"","_lmt_disableupdate":"no","_lmt_disable":"","footnotes":""},"class_list":["post-625","page","type-page","status-publish","hentry"],"acf":[],"_links":{"self":[{"href":"https:\/\/unmz.gov.cz\/en\/wp-json\/wp\/v2\/pages\/625","targetHints":{"allow":["GET"]}}],"collection":[{"href":"https:\/\/unmz.gov.cz\/en\/wp-json\/wp\/v2\/pages"}],"about":[{"href":"https:\/\/unmz.gov.cz\/en\/wp-json\/wp\/v2\/types\/page"}],"author":[{"embeddable":true,"href":"https:\/\/unmz.gov.cz\/en\/wp-json\/wp\/v2\/users\/1"}],"replies":[{"embeddable":true,"href":"https:\/\/unmz.gov.cz\/en\/wp-json\/wp\/v2\/comments?post=625"}],"version-history":[{"count":3,"href":"https:\/\/unmz.gov.cz\/en\/wp-json\/wp\/v2\/pages\/625\/revisions"}],"predecessor-version":[{"id":11456,"href":"https:\/\/unmz.gov.cz\/en\/wp-json\/wp\/v2\/pages\/625\/revisions\/11456"}],"up":[{"embeddable":true,"href":"https:\/\/unmz.gov.cz\/en\/wp-json\/wp\/v2\/pages\/609"}],"wp:attachment":[{"href":"https:\/\/unmz.gov.cz\/en\/wp-json\/wp\/v2\/media?parent=625"}],"curies":[{"name":"wp","href":"https:\/\/api.w.org\/{rel}","templated":true}]}}