{"id":640,"date":"2019-07-09T17:16:55","date_gmt":"2019-07-09T15:16:55","guid":{"rendered":"http:\/\/unmz-wp.e-bs.cz\/?page_id=640"},"modified":"2023-11-24T11:43:01","modified_gmt":"2023-11-24T10:43:01","slug":"internal-anti-corruption-programme","status":"publish","type":"page","link":"https:\/\/unmz.gov.cz\/en\/obecne\/o-uradu\/dokumenty\/interni-protikorupcni-program\/","title":{"rendered":"Internal anti-corruption programme"},"content":{"rendered":"<p>\u00daNMZ pln\u00ed povinnosti dle\u00a0na\u0159\u00edzen\u00ed\u00a0vl\u00e1dy \u010d. 145 ze dne 15. \u010dervna 2015 a k 01. 07. 2015 z\u0159izuje emailovou schr\u00e1nku\u00a0<a href=\"mailto:protipravnijednani@unmz.gov.cz\">protipravnijednani@unmz.gov.cz<\/a>\u00a0a na pr\u016f\u010del\u00ed budovy byla um\u00edst\u011bna pevn\u00e1\u00a0schr\u00e1nka pro pod\u00e1n\u00ed ozn\u00e1men\u00ed t\u00fdkaj\u00edc\u00edch se podez\u0159en\u00ed na sp\u00e1ch\u00e1n\u00ed protipr\u00e1vn\u00edho jedn\u00e1n\u00ed, kde je mo\u017eno pod\u00e1vat podn\u011bty i anonymn\u011b.<\/p>\n<p><strong><u>Pro\u0161et\u0159ovatel:<\/u>\u00a0Mgr. Milan Kytli\u010dka (<a href=\"mailto:protipravnijednani@unmz.gov.cz\"><span style=\"font-size: small;\">protipravnijednani@unmz.gov.cz<\/span><\/a>)<\/strong><\/p>\n<p>NV \u010d. 145 ke sta\u017een\u00ed\u00a0<a href=\"https:\/\/www.unmz.gov.cz\/files\/145-2015_Narizeni_vlady_o_opatrenich_souvisejicich_s_oznamovanim_podezreni_ze_spachani_protipravniho_jednani_ve_sluzebnim_uradu[1].pdf\" target=\"_blank\" rel=\"noopener noreferrer\">zde<\/a>.<\/p>\n<h4>Intern\u00ed protikorup\u010dn\u00ed program \u00daNMZ a p\u0159\u00edlohy ke sta\u017een\u00ed (aktualizov\u00e1no k 24.11.2023)<\/h4>\n<ul>\n<li><a href=\"https:\/\/www.unmz.gov.cz\/wp-content\/uploads\/2023_Akt.-IS-37-Interni-protikorupcni-program.pdf\">IS 37 Intern\u00ed protikorup\u010dn\u00ed program<\/a><\/li>\n<li><a href=\"https:\/\/www.unmz.gov.cz\/wp-content\/uploads\/SP-01.pdf\">IS 37_SP 01 Katalog hlavn\u00edch rizikov\u00fdch oblast\u00ed<\/a><\/li>\n<li><a href=\"https:\/\/www.unmz.gov.cz\/wp-content\/uploads\/SP-02.pdf\">IS 37_SP 02 Korup\u010dn\u00ed rizika odboru XY<\/a><\/li>\n<li><a href=\"https:\/\/www.unmz.gov.cz\/wp-content\/uploads\/SP-03.pdf\">IS 37_SP 03 Korup\u010dn\u00ed rizika \u00daNMZ<\/a><\/li>\n<li><a href=\"https:\/\/www.unmz.gov.cz\/wp-content\/uploads\/SP-04.pdf\">IS 37_SP 04 Anonymn\u00ed formul\u00e1\u0159 zam\u011bstnance<\/a><\/li>\n<li><a href=\"https:\/\/www.unmz.gov.cz\/wp-content\/uploads\/SP-05.pdf\">IS 37_SP 05 Pravideln\u00e9 \u00fakoly spojen\u00e9 s IPP<\/a><\/li>\n<\/ul>\n","protected":false},"excerpt":{"rendered":"<p>\u00daNMZ pln\u00ed povinnosti dle\u00a0na\u0159\u00edzen\u00ed\u00a0vl\u00e1dy \u010d. 145 ze dne 15. \u010dervna 2015 a k 01. 07. 2015 z\u0159izuje emailovou schr\u00e1nku\u00a0protipravnijednani@unmz.gov.cz\u00a0a na pr\u016f\u010del\u00ed budovy byla um\u00edst\u011bna pevn\u00e1\u00a0schr\u00e1nka pro pod\u00e1n\u00ed ozn\u00e1men\u00ed t\u00fdkaj\u00edc\u00edch se podez\u0159en\u00ed na sp\u00e1ch\u00e1n\u00ed protipr\u00e1vn\u00edho jedn\u00e1n\u00ed, kde je mo\u017eno pod\u00e1vat podn\u011bty i anonymn\u011b. Pro\u0161et\u0159ovatel:\u00a0Mgr. Milan Kytli\u010dka (protipravnijednani@unmz.gov.cz) NV \u010d. 145 ke sta\u017een\u00ed\u00a0zde. Intern\u00ed protikorup\u010dn\u00ed program \u00daNMZ [&hellip;]<\/p>\n","protected":false},"author":1,"featured_media":0,"parent":637,"menu_order":0,"comment_status":"closed","ping_status":"closed","template":"","meta":{"_acf_changed":false,"_seopress_robots_primary_cat":"","_seopress_titles_title":"","_seopress_titles_desc":"","_seopress_robots_index":"","_lmt_disableupdate":"no","_lmt_disable":"","footnotes":""},"class_list":["post-640","page","type-page","status-publish","hentry"],"acf":[],"_links":{"self":[{"href":"https:\/\/unmz.gov.cz\/en\/wp-json\/wp\/v2\/pages\/640","targetHints":{"allow":["GET"]}}],"collection":[{"href":"https:\/\/unmz.gov.cz\/en\/wp-json\/wp\/v2\/pages"}],"about":[{"href":"https:\/\/unmz.gov.cz\/en\/wp-json\/wp\/v2\/types\/page"}],"author":[{"embeddable":true,"href":"https:\/\/unmz.gov.cz\/en\/wp-json\/wp\/v2\/users\/1"}],"replies":[{"embeddable":true,"href":"https:\/\/unmz.gov.cz\/en\/wp-json\/wp\/v2\/comments?post=640"}],"version-history":[{"count":0,"href":"https:\/\/unmz.gov.cz\/en\/wp-json\/wp\/v2\/pages\/640\/revisions"}],"up":[{"embeddable":true,"href":"https:\/\/unmz.gov.cz\/en\/wp-json\/wp\/v2\/pages\/637"}],"wp:attachment":[{"href":"https:\/\/unmz.gov.cz\/en\/wp-json\/wp\/v2\/media?parent=640"}],"curies":[{"name":"wp","href":"https:\/\/api.w.org\/{rel}","templated":true}]}}