{"id":645,"date":"2019-07-09T17:19:34","date_gmt":"2019-07-09T15:19:34","guid":{"rendered":"http:\/\/unmz-wp.e-bs.cz\/?page_id=645"},"modified":"2021-06-03T07:07:54","modified_gmt":"2021-06-03T05:07:54","slug":"domestic-contracts-unmz","status":"publish","type":"page","link":"https:\/\/unmz.gov.cz\/en\/obecne\/o-uradu\/dokumenty\/smlouvy-a-dohody-unmz\/tuzemske-smlouvy-unmz\/","title":{"rendered":"\u00daNMZ agreements with national partners"},"content":{"rendered":"<table class=\"table\">\n<thead>\n<tr>\n<td align=\"middle\"><strong>Organisation<\/strong><\/td>\n<td align=\"middle\"><strong>Title of the contractual document<\/strong><\/td>\n<td align=\"middle\">\n<p align=\"center\"><strong>Entry<br \/>\ninto force<\/strong><\/p>\n<\/td>\n<td align=\"middle\">\n<p align=\"center\"><strong>Duration<\/strong><\/p>\n<\/td>\n<td align=\"middle\">\n<p align=\"center\"><strong>Note<\/strong><\/p>\n<\/td>\n<\/tr>\n<\/thead>\n<tbody>\n<tr class=\"tr2\">\n<td colspan=\"5\" align=\"middle\">\n<p align=\"center\">\u00a0Domestic contracts<\/p>\n<\/td>\n<\/tr>\n<tr>\n<td align=\"middle\">\n<p align=\"center\">Czech Accreditation Institute (CIA)<\/p>\n<\/td>\n<td align=\"middle\">Agreement on cooperation in the field of accreditation<\/td>\n<td align=\"middle\">\u00a02. 6. 2000<\/td>\n<td align=\"middle\">\n<p align=\"center\">\u00a0for an indefinite period of time<\/p>\n<\/td>\n<td align=\"middle\"><\/td>\n<\/tr>\n<tr>\n<td align=\"middle\">Czech Trade Inspection Authority<br \/>\n(CTIA)<\/td>\n<td align=\"middle\">Cooperation agreement<\/td>\n<td align=\"middle\" width=\"96\">11. 4. 2008<\/td>\n<td align=\"middle\">for an indefinite period of time<\/td>\n<td align=\"middle\"><\/td>\n<\/tr>\n<tr>\n<td align=\"middle\">Czech Society for Technical Standardization (\u010cSTN)<\/td>\n<td align=\"middle\">Cooperation agreement<\/p>\n<p>&nbsp;<\/td>\n<td align=\"middle\">20.02.2009<\/td>\n<td align=\"middle\">for an indefinite period of time<\/td>\n<td align=\"middle\"><\/td>\n<\/tr>\n<tr>\n<td>\n<p style=\"text-align: center;\"><a href=\"https:\/\/www.unmz.gov.cz\/wp-content\/uploads\/Dohoda_o_spolupraci_unmz_Drazni_urad_5_6_2014.pdf\">Railway Authority<\/a> (SA)<\/p>\n<\/td>\n<td>\n<p style=\"text-align: center;\">Cooperation agreement<\/p>\n<\/td>\n<td align=\"middle\" width=\"96&quot;\">05. 6. 2014<\/td>\n<td align=\"middle\">for an indefinite period of time<\/td>\n<td><\/td>\n<\/tr>\n<\/tbody>\n<\/table>","protected":false},"excerpt":{"rendered":"<p>Organizace N\u00e1zev smluvn\u00edho dokumentu Vstup v platnost Trv\u00e1n\u00ed Pozn\u00e1mka \u00a0Tuzemsk\u00e9 smlouvy \u010cesk\u00fd institut pro akreditaci (\u010cIA) Dohoda o spolupr\u00e1ci v\u00a0oblasti akreditace \u00a02. 6. 2000 \u00a0na dobu neur\u010ditou \u010cesk\u00e1 obchodn\u00ed inspekce (\u010cOI) Dohoda o spolupr\u00e1ci 11. 4. 2008 na dobu neur\u010ditou \u010cesk\u00e1 spole\u010dnost pro technickou normalizaci (\u010cSTN) Dohoda o spolupr\u00e1ci &nbsp; 20.02.2009 na dobu neur\u010ditou Dr\u00e1\u017en\u00ed [&hellip;]<\/p>\n","protected":false},"author":1,"featured_media":0,"parent":643,"menu_order":0,"comment_status":"closed","ping_status":"closed","template":"fullwidth.php","meta":{"_acf_changed":false,"_seopress_robots_primary_cat":"","_seopress_titles_title":"","_seopress_titles_desc":"","_seopress_robots_index":"","_lmt_disableupdate":"","_lmt_disable":"","footnotes":""},"class_list":["post-645","page","type-page","status-publish","hentry"],"acf":[],"_links":{"self":[{"href":"https:\/\/unmz.gov.cz\/en\/wp-json\/wp\/v2\/pages\/645","targetHints":{"allow":["GET"]}}],"collection":[{"href":"https:\/\/unmz.gov.cz\/en\/wp-json\/wp\/v2\/pages"}],"about":[{"href":"https:\/\/unmz.gov.cz\/en\/wp-json\/wp\/v2\/types\/page"}],"author":[{"embeddable":true,"href":"https:\/\/unmz.gov.cz\/en\/wp-json\/wp\/v2\/users\/1"}],"replies":[{"embeddable":true,"href":"https:\/\/unmz.gov.cz\/en\/wp-json\/wp\/v2\/comments?post=645"}],"version-history":[{"count":0,"href":"https:\/\/unmz.gov.cz\/en\/wp-json\/wp\/v2\/pages\/645\/revisions"}],"up":[{"embeddable":true,"href":"https:\/\/unmz.gov.cz\/en\/wp-json\/wp\/v2\/pages\/643"}],"wp:attachment":[{"href":"https:\/\/unmz.gov.cz\/en\/wp-json\/wp\/v2\/media?parent=645"}],"curies":[{"name":"wp","href":"https:\/\/api.w.org\/{rel}","templated":true}]}}