{"id":653,"date":"2019-07-09T18:22:23","date_gmt":"2019-07-09T16:22:23","guid":{"rendered":"http:\/\/unmz-wp.e-bs.cz\/?page_id=653"},"modified":"2026-02-25T18:05:52","modified_gmt":"2026-02-25T17:05:52","slug":"news-about-office-activities","status":"publish","type":"page","link":"https:\/\/unmz.gov.cz\/en\/obecne\/o-uradu\/dokumenty\/zpravy-o-cinnosti-uradu\/","title":{"rendered":"Annual reports"},"content":{"rendered":"<p><a href=\"https:\/\/unmz.gov.cz\/wp-content\/uploads\/unmz_rocni_zprava_2026_en.pdf\"target=\"_blank\" rel=\"noopener noreferrer\">Annual report 2025<\/a><\/p>\n<p><a href=\"https:\/\/unmz.gov.cz\/wp-content\/uploads\/unmz_rocni_zprava_2025_170x170_48stran-1.pdf\"target=\"_blank\" rel=\"noopener noreferrer\">Annual report 2024<\/a><\/p>\n<p><a href=\"https:\/\/www.unmz.gov.cz\/zprava\/2023\/en\/index.html\" target=\"_blank\" rel=\"noopener noreferrer\">Annual report 2023<\/a><\/p>\n<p><a href=\"https:\/\/www.unmz.gov.cz\/zprava\/2022\/en\/index.html\" target=\"_blank\" rel=\"noopener noreferrer\">Annual report 2022<\/a><\/p>\n<p><a href=\"https:\/\/www.unmz.gov.cz\/files\/unmz-zprava-2021-en\/index.html\" target=\"_blank\" rel=\"noopener noreferrer\">Annual report 2021<\/a><\/p>\n<p><a href=\"https:\/\/www.unmz.gov.cz\/files\/unmz-zprava-2020-en\/index.html\" target=\"_blank\" rel=\"noopener noreferrer\">Annual report 2020<\/a><\/p>\n<p><a href=\"https:\/\/www.unmz.gov.cz\/zprava\/2019\/en\/HTML5\/index.html\" target=\"_blank\" rel=\"noopener noreferrer\">Annual report 2019<\/a><\/p>\n<p><a href=\"https:\/\/www.unmz.gov.cz\/zprava\/2018\/en\/mobile\/index.html\" target=\"_blank\" rel=\"noopener noreferrer\"><span class=\"vyskyt\">Annual report 2018<\/span><\/a><\/p>\n<p><a href=\"https:\/\/www.unmz.gov.cz\/zprava\/2017\/en\/index.html\" target=\"_blank\" rel=\"noopener noreferrer\"><span class=\"vyskyt\">Annual report 2017<\/span><\/a><\/p>","protected":false},"excerpt":{"rendered":"<p>Zpr\u00e1va o \u010dinnosti \u00da\u0159adu za rok 2025 Zpr\u00e1va o \u010dinnosti \u00da\u0159adu za rok 2024 Zpr\u00e1va o \u010dinnosti \u00da\u0159adu za rok 2023 Zpr\u00e1va o \u010dinnosti \u00da\u0159adu za rok 2022 Zpr\u00e1va o \u010dinnosti \u00da\u0159adu za rok 2021 Zpr\u00e1va o \u010dinnosti \u00da\u0159adu za rok 2020 Zpr\u00e1va o \u010dinnosti \u00da\u0159adu za rok 2019 Zpr\u00e1va o\u00a0\u010dinnosti\u00a0\u00da\u0159adu\u00a0za rok 2018 Zpr\u00e1va o\u00a0\u010dinnosti\u00a0\u00da\u0159adu\u00a0za [&hellip;]<\/p>\n","protected":false},"author":1,"featured_media":0,"parent":637,"menu_order":3,"comment_status":"closed","ping_status":"closed","template":"","meta":{"_acf_changed":false,"_seopress_robots_primary_cat":"","_seopress_titles_title":"","_seopress_titles_desc":"","_seopress_robots_index":"","_lmt_disableupdate":"no","_lmt_disable":"","footnotes":""},"class_list":["post-653","page","type-page","status-publish","hentry"],"acf":[],"_links":{"self":[{"href":"https:\/\/unmz.gov.cz\/en\/wp-json\/wp\/v2\/pages\/653","targetHints":{"allow":["GET"]}}],"collection":[{"href":"https:\/\/unmz.gov.cz\/en\/wp-json\/wp\/v2\/pages"}],"about":[{"href":"https:\/\/unmz.gov.cz\/en\/wp-json\/wp\/v2\/types\/page"}],"author":[{"embeddable":true,"href":"https:\/\/unmz.gov.cz\/en\/wp-json\/wp\/v2\/users\/1"}],"replies":[{"embeddable":true,"href":"https:\/\/unmz.gov.cz\/en\/wp-json\/wp\/v2\/comments?post=653"}],"version-history":[{"count":5,"href":"https:\/\/unmz.gov.cz\/en\/wp-json\/wp\/v2\/pages\/653\/revisions"}],"predecessor-version":[{"id":12294,"href":"https:\/\/unmz.gov.cz\/en\/wp-json\/wp\/v2\/pages\/653\/revisions\/12294"}],"up":[{"embeddable":true,"href":"https:\/\/unmz.gov.cz\/en\/wp-json\/wp\/v2\/pages\/637"}],"wp:attachment":[{"href":"https:\/\/unmz.gov.cz\/en\/wp-json\/wp\/v2\/media?parent=653"}],"curies":[{"name":"wp","href":"https:\/\/api.w.org\/{rel}","templated":true}]}}