{"id":692,"date":"2019-07-10T12:27:30","date_gmt":"2019-07-10T10:27:30","guid":{"rendered":"http:\/\/unmz-wp.e-bs.cz\/?page_id=692"},"modified":"2026-03-31T11:25:55","modified_gmt":"2026-03-31T09:25:55","slug":"mandatory-information","status":"publish","type":"page","link":"https:\/\/unmz.gov.cz\/en\/povinne-informace\/","title":{"rendered":"Mandatory disclosed information"},"content":{"rendered":"<ol>\n<li>\n<h1><span class=\"vyskyt\">POVINN\u00c9<\/span>\u00a0<span class=\"vyskyt\">INFORMACE<\/span><\/h1>\n<p><strong>P\u0159ehled\u00a0<span class=\"vyskyt\">povinn\u011b<\/span>\u00a0zve\u0159ej\u0148ovan\u00fdch\u00a0<span class=\"vyskyt\">informac\u00ed<\/span><\/strong><\/p>\n<p><em>P\u0159ehled\u00a0<span class=\"vyskyt\">informac\u00ed<\/span>\u00a0<span class=\"vyskyt\">povinn\u011b<\/span> zve\u0159ej\u0148ovan\u00fdch \u00daNMZ podle z\u00e1kona \u010d. 106\/1999 Sb.<br \/>\n- aktualizace k\u00a01.1.2018<\/em><\/p>\n<p>&nbsp;<\/p>\n<p>1.\u00a0\u00a0\u00a0\u00a0\u00a0\u00a0\u00a0\u00a0 \u00dapln\u00fd n\u00e1zev\u00a0<span class=\"vyskyt\">povinn\u00e9ho<\/span>\u00a0subjektu<\/p>\n<p><strong>\u00da\u0159ad pro technickou normalizaci, metrologii a st\u00e1tn\u00ed zku\u0161ebnictv\u00ed<\/strong><\/p>\n<div align=\"center\">\n<hr align=\"center\" size=\"2\" width=\"100%\" \/>\n<\/div>\n<p>2.\u00a0\u00a0\u00a0\u00a0\u00a0\u00a0\u00a0\u00a0 D\u016fvod a zp\u016fsob zalo\u017een\u00ed\u00a0<span class=\"vyskyt\">povinn\u00e9ho<\/span>\u00a0subjektu, v\u010detn\u011b podm\u00ednek a princip\u016f, za kter\u00fdch provozuje svoji \u010dinnost:<\/p>\n<p><strong><span class=\"vyskyt\">Informace<\/span>\u00a0je obsa\u017eena na str\u00e1nce \"<a href=\"https:\/\/www.unmz.gov.cz\/urad\/o-uradu\">O \u00fa\u0159adu<\/a>\".<\/strong><\/p>\n<div align=\"center\">\n<hr align=\"center\" size=\"2\" width=\"100%\" \/>\n<\/div>\n<p>3.\u00a0\u00a0\u00a0\u00a0\u00a0\u00a0\u00a0\u00a0 Popis organiza\u010dn\u00ed struktury\u00a0<span class=\"vyskyt\">povinn\u00e9ho<\/span>\u00a0subjektu<\/p>\n<p><strong><span class=\"vyskyt\">Informace<\/span>\u00a0je obsa\u017eena na webov\u00fdch str\u00e1nk\u00e1ch \u00daNMZ v \u010d\u00e1sti \"<a href=\"https:\/\/www.unmz.gov.cz\/urad\/organizacni-schema\">O \u00da\u0159adu \/ Organiza\u010dn\u00ed sch\u00e9ma<\/a>\".<\/strong><\/p>\n<div align=\"center\">\n<hr align=\"center\" size=\"2\" width=\"100%\" \/>\n<\/div>\n<p>4.\u00a0\u00a0\u00a0\u00a0\u00a0\u00a0\u00a0\u00a0 Kontaktn\u00ed po\u0161tovn\u00ed adresa, telefon, fax, e - podatelna, datov\u00e1 schr\u00e1nka: zdkaa2i<\/p>\n<p><strong><span class=\"vyskyt\">Informace<\/span>\u00a0je obsa\u017eena na webov\u00fdch str\u00e1nk\u00e1ch \u00daNMZ v\u00a0\u010d\u00e1sti \"<a href=\"https:\/\/www.unmz.gov.cz\/urad\/kontakty\">O \u00da\u0159adu \/ Kontakty<\/a>\".<\/strong><\/p>\n<div align=\"center\">\n<hr align=\"center\" size=\"2\" width=\"100%\" \/>\n<\/div>\n<p>5.\u00a0\u00a0\u00a0\u00a0\u00a0\u00a0\u00a0\u00a0 Bankovn\u00ed spojen\u00ed pro v\u0161echny v \u00favahu p\u0159ipadaj\u00edc\u00ed platby od ve\u0159ejnosti:<\/p>\n<p><strong>\u010cNB, pob. Praha, \u010d.\u00fa.: 21622001\/0710<\/strong><\/p>\n<div align=\"center\">\n<hr align=\"center\" size=\"2\" width=\"100%\" \/>\n<\/div>\n<p>6.\u00a0\u00a0\u00a0\u00a0\u00a0\u00a0\u00a0\u00a0 Identifika\u010dn\u00ed \u010d\u00edslo organizace (I\u010c):\u00a0\u00a0\u00a0\u00a0\u00a0\u00a0\u00a0\u00a0<strong>48135267<\/strong><\/p>\n<div align=\"center\">\n<hr align=\"center\" size=\"2\" width=\"100%\" \/>\n<\/div>\n<p>7.\u00a0\u00a0\u00a0\u00a0\u00a0\u00a0\u00a0\u00a0 Da\u0148ov\u00e9 identifika\u010dn\u00ed \u010d\u00edslo (DI\u010c):\u00a0\u00a0\u00a0\u00a0\u00a0\u00a0\u00a0\u00a0\u00a0\u00a0<strong>\u00daNMZ nen\u00ed pl\u00e1tcem DPH<\/strong><\/p>\n<div align=\"center\">\n<hr align=\"center\" size=\"2\" width=\"100%\" \/>\n<\/div>\n<p>8.\u00a0\u00a0\u00a0\u00a0\u00a0\u00a0\u00a0\u00a0 \u00dadaje o schv\u00e1len\u00e9m i upraven\u00e9m rozpo\u010dtu a zve\u0159ejn\u011bn\u00ed v\u00fdkaz\u016f za uplynul\u00fd rok:<\/p>\n<p><strong><span class=\"vyskyt\">Informace<\/span>\u00a0je obsa\u017eena na webov\u00fdch str\u00e1nk\u00e1ch \u00daNMZ v\u00a0\u010d\u00e1sti \"<a href=\"https:\/\/www.unmz.gov.cz\/urad\/zpravy-o-cinnosti-uradu\">O \u00da\u0159adu \/ Dokumenty \/ Zpr\u00e1vy o \u010dinnosti \u00da\u0159adu<\/a>\".<\/strong><\/p>\n<div align=\"center\">\n<hr align=\"center\" size=\"2\" width=\"100%\" \/>\n<\/div>\n<p>9.\u00a0\u00a0\u00a0\u00a0\u00a0\u00a0\u00a0\u00a0 M\u00edsto a zp\u016fsob, jak z\u00edskat p\u0159\u00edslu\u0161n\u00e9\u00a0<span class=\"vyskyt\">informace<\/span>:<\/p>\n<ul type=\"disc\">\n<li><strong>telefonicky podan\u00e1 \u017e\u00e1dost<\/strong>\u00a0(telefonn\u00ed \u010d\u00edsla jsou uvedena na webov\u00fdch str\u00e1nk\u00e1ch \u00daNMZ v\u00a0\u010d\u00e1sti \"<a href=\"https:\/\/www.unmz.gov.cz\/urad\/kontakty\">O \u00da\u0159adu \/ Kontakty<\/a>\".),<\/li>\n<li><strong>p\u00edsemn\u011b podan\u00e1 \u017e\u00e1dost<\/strong>\u00a0(\u00da\u0159ad pro technickou normalizaci, metrologii a st\u00e1tn\u00ed zku\u0161ebnictv\u00ed, Biskupsk\u00fd dv\u016fr 5, 110 00 Praha 1, pop\u0159. podatelna),<\/li>\n<li><strong>\u017e\u00e1dost podan\u00e1 datovou schr\u00e1nkou<\/strong>\u00a0(id schr\u00e1nky:\u00a0<strong>zdkaa2i<\/strong>),<\/li>\n<li>\u00a0vstupn\u00ed form\u00e1ty pro DS (maxim\u00e1ln\u00ed velikost 20 MB): PDF, verze 1.7 a vy\u0161\u0161\u00ed, PDF\/A, ISO 19005, TXT, RTF, DOC, DOCX, dokument ve form\u00e1tu textov\u00e9ho editoru Microsoft Word verze 6.0 a vy\u0161\u0161\u00ed, XLS\/XLSX, ODT, ZFO, PNG, ISO\/IEC 15948, TIF\/TIFF, revize 6 \u2013 nekomprimovan\u00fd, JPG\/JPEG\/JFIF, ISO\/IEC 10918, MPEG-2, ISO\/IEC 13818, MPEG-1, ISO\/IEC 11172, GIF, MPEG-1 Audio Layer II, MPEG-2 Audio Layer II (MP2), MPEG-1 Audio Layer III, MPEG-2 Audio Layer III (MP3), WAV, PCM, XML, kde sou\u010d\u00e1st\u00ed p\u0159ed\u00e1van\u00e9ho dokumentu v datov\u00e9m form\u00e1tu XML je popis jeho struktury pomoc\u00ed sch\u00e9matu XML nebo Document Type Definition (DTD).<\/li>\n<li><strong>elektronicky podan\u00e1 \u017e\u00e1dost<\/strong>\u00a0(<a href=\"mailto:podatelna@unmz.gov.cz\">podatelna@unmz.gov.cz<\/a>).<\/li>\n<\/ul>\n<div align=\"center\"><\/div>\n<div align=\"center\">\n<p>P\u0159ehled dotaz\u016f a odpov\u011bd\u00ed podan\u00fdch dle z\u00e1kona \u010d. 106\/1999 Sb. naleznete pod odkazem <a href=\"https:\/\/www.unmz.gov.cz\/urad\/vyrizene-zadosti-dle-zakona-c-106-1999-sb-\" target=\"_blank\" rel=\"noopener noreferrer\">zde<\/a>.<\/p>\n<hr align=\"center\" size=\"2\" width=\"100%\" \/>\n<\/div>\n<p>10.\u00a0\u00a0\u00a0\u00a0\u00a0\u00a0 Kde lze podat \u017e\u00e1dost \u010di st\u00ed\u017enost, p\u0159edlo\u017eit n\u00e1vrh, podn\u011bt \u010di jin\u00e9 do\u017eadov\u00e1n\u00ed anebo obdr\u017eet rozhodnut\u00ed:<\/p>\n<ul type=\"disc\">\n<li><strong>podatelna \u00daNMZ<\/strong> (Po \u2014 P\u00e1 08:00 - 12:00 hod. Mimo provozn\u00ed dobu podatelny je mo\u017eno Va\u0161e pod\u00e1n\u00ed p\u0159edat do sekretari\u00e1tu \u00da\u0159adu.)<\/li>\n<li><strong>datov\u00e1 schr\u00e1nka \u00daNMZ<\/strong>\u00a0(\u00a0<strong>zdkaa2i<\/strong>\u00a0)<\/li>\n<li><strong>elektronick\u00e1 podatelna \u00daNMZ<\/strong>\u00a0(<a href=\"mailto:podatelna@unmz.gov.cz\">podatelna@unmz.gov.cz<\/a>)<\/li>\n<\/ul>\n<div align=\"center\">\n<hr align=\"center\" size=\"2\" width=\"100%\" \/>\n<\/div>\n<p>11.\u00a0\u00a0\u00a0\u00a0\u00a0\u00a0 M\u00edsto, lh\u016fta a zp\u016fsob pod\u00e1n\u00ed opravn\u00e9ho prost\u0159edku proti rozhodnut\u00ed\u00a0<span class=\"vyskyt\">povinn\u00e9ho<\/span> subjektu podle \u00a7 15 z\u00e1kona \u010d. 106\/1999 Sb.:<\/p>\n<p><strong>Proti rozhodnut\u00ed \u00daNMZ o odm\u00edtnut\u00ed \u017e\u00e1dosti lze podat odvol\u00e1n\u00ed ve lh\u016ft\u011b do 15 dn\u016f od doru\u010den\u00ed rozhodnut\u00ed (nebo od marn\u00e9ho uplynut\u00ed lh\u016fty pro vy\u0159\u00edzen\u00ed \u017e\u00e1dosti). Odvol\u00e1n\u00ed se pod\u00e1v\u00e1 u \u00da\u0159adu a rozhoduje o n\u011bm Ministerstvo pr\u016fmyslu a obchodu do 15 dn\u016f od p\u0159edlo\u017een\u00ed odvol\u00e1n\u00ed \u00da\u0159adem.\u00a0<\/strong><strong>Proti rozhodnut\u00ed o odvol\u00e1n\u00ed se nelze odvolat. Rozhodnut\u00ed o odm\u00edtnut\u00ed \u017e\u00e1dosti je p\u0159ezkoumateln\u00e9 soudem podle z\u00e1kona \u010d. 150\/2002 Sb., soudn\u00ed \u0159\u00e1d spr\u00e1vn\u00ed.<\/strong><\/p>\n<p><strong>Odvol\u00e1n\u00ed lze podat:<\/strong><\/p>\n<ol type=\"a\">\n<li><strong>\u00fastn\u011b do protokolu nebo p\u00edsemn\u011b<\/strong>\u00a0na adrese \u00da\u0159ad pro technickou normalizaci, metrologii a st\u00e1tn\u00ed zku\u0161ebnictv\u00ed, Biskupsk\u00fd dv\u016fr 5, 110 00 Praha 1,;<\/li>\n<li><strong>prost\u0159ednictv\u00edm elektronick\u00e9ho formul\u00e1\u0159e<\/strong>\u00a0podepsan\u00e9ho zaru\u010den\u00fdm elektronick\u00fdm podpisem;<\/li>\n<li><strong>pomoc\u00ed jin\u00fdch technick\u00fdch prost\u0159edk\u016f<\/strong> (nap\u0159. elektronicky bez zaru\u010den\u00e9ho elektronick\u00e9ho podpisu), <strong>pokud bude do 5 dn\u016f dopln\u011bn<\/strong>\u00a0zp\u016fsobem podle p\u00edsmena a) nebo b).<\/li>\n<\/ol>\n<div align=\"center\">\n<hr align=\"center\" size=\"2\" width=\"100%\" \/>\n<\/div>\n<p>12.\u00a0\u00a0\u00a0\u00a0\u00a0\u00a0 N\u00e1zev p\u0159\u00edslu\u0161n\u00e9ho formul\u00e1\u0159e a zp\u016fsob a m\u00edsto, kde lze takov\u00fd formul\u00e1\u0159 z\u00edskat<\/p>\n<p><strong><a href=\"https:\/\/www.unmz.gov.cz\/prilohyarchiv\/6\/%C5%BD%C3%A1dost%201.doc\">Formul\u00e1\u0159 \u017e\u00e1dosti o poskytnut\u00ed\u00a0<span class=\"vyskyt\">informace<\/span><\/a>\u00a0[doc,\u00a029\u00a0kB]<\/strong><br \/>\na<br \/>\n<strong><a href=\"https:\/\/www.unmz.gov.cz\/prilohyarchiv\/6\/%C5%BD%C3%A1dost%202.doc\">Formul\u00e1\u0159 \u017e\u00e1dosti o odvol\u00e1n\u00ed proti rozhodnut\u00ed o neposkytnut\u00ed\u00a0<span class=\"vyskyt\">informace<\/span><\/a>\u00a0[doc,\u00a027\u00a0kB]<\/strong><br \/>\njsou k dispozici v p\u0159\u00edloze ke sta\u017een\u00ed.<\/p>\n<div align=\"center\">\n<hr align=\"center\" size=\"2\" width=\"100%\" \/>\n<\/div>\n<p>13.\u00a0\u00a0\u00a0\u00a0\u00a0\u00a0 Popis postup\u016f (n\u00e1vody pro \u0159e\u0161en\u00ed \u017eivotn\u00ed situace)<\/p>\n<p><strong><span class=\"vyskyt\">Informace<\/span>\u00a0jsou obsa\u017eeny na webov\u00fdch str\u00e1nk\u00e1ch \u00daNMZ v\u00a0\u010d\u00e1stech \u201e<a href=\"https:\/\/www.unmz.gov.cz\/urad\/autorizace\">Metrologie \/ Autorizace<\/a>\u201c a \u201e<a href=\"https:\/\/www.unmz.gov.cz\/urad\/autorizovane-osoby\">St\u00e1tn\u00ed zku\u0161ebnictv\u00ed \/ Autorizovan\u00e9 osoby<\/a>\u201c.<\/strong><\/p>\n<div align=\"center\">\n<hr align=\"center\" size=\"2\" width=\"100%\" \/>\n<\/div>\n<p>14.\u00a0\u00a0\u00a0\u00a0\u00a0\u00a0 P\u0159ehled nejd\u016fle\u017eit\u011bj\u0161\u00edch p\u0159edpis\u016f, podle nich\u017e\u00a0<span class=\"vyskyt\">povinn\u00fd<\/span>\u00a0subjekt zejm\u00e9na jedn\u00e1 a rozhoduje, kter\u00e9 stanovuj\u00ed pr\u00e1vo \u017e\u00e1dat\u00a0<span class=\"vyskyt\">informace<\/span>\u00a0a kter\u00e9 upravuj\u00ed dal\u0161\u00ed pr\u00e1va ob\u010dan\u016f ve vztahu k\u00a0<span class=\"vyskyt\">povinn\u00e9mu<\/span>\u00a0subjektu, a to v\u010detn\u011b\u00a0<span class=\"vyskyt\">informace<\/span>, kde a kdy jsou tyto p\u0159edpisy poskytnuty k nahl\u00e9dnut\u00ed:<\/p>\n<ul type=\"disc\">\n<li><strong>Z\u00e1kon \u010d. 20\/1993 Sb., o zabezpe\u010den\u00ed v\u00fdkonu st\u00e1tn\u00ed spr\u00e1vy v oblasti technick\u00e9 normalizace, metrologie a st\u00e1tn\u00edho zku\u0161ebnictv\u00ed;<\/strong><\/li>\n<li><strong>Z\u00e1kon \u010d. 505\/1990 Sb., o metrologii;<\/strong><\/li>\n<li><strong>Z\u00e1kon \u010d. 22\/1997 Sb., o technick\u00fdch po\u017eadavc\u00edch na v\u00fdrobky a o zm\u011bn\u011b a dopln\u011bn\u00ed n\u011bkter\u00fdch z\u00e1kon\u016f;<\/strong><\/li>\n<li><strong>Z\u00e1kon \u010d. 500\/2004 Sb., spr\u00e1vn\u00ed \u0159\u00e1d;<\/strong><\/li>\n<\/ul>\n<p><strong>Uveden\u00e9 i navazuj\u00edc\u00ed p\u0159edpisy jsou k nahl\u00e9dnut\u00ed na webov\u00fdch str\u00e1nk\u00e1ch \u00daNMZ v\u00a0\u010d\u00e1sti\u00a0 \"<a href=\"https:\/\/www.unmz.gov.cz\/urad\/pravni-predpisy-r27\">Pr\u00e1vn\u00ed p\u0159edpisy<\/a>\".<\/strong><\/p>\n<div align=\"center\">\n<hr align=\"center\" size=\"2\" width=\"100%\" \/>\n<\/div>\n<p>15.\u00a0\u00a0\u00a0\u00a0\u00a0\u00a0\u00a0\u00a0\u00a0\u00a0 Sazebn\u00edk \u00fahrad za poskytov\u00e1n\u00ed\u00a0<span class=\"vyskyt\">informac\u00ed<\/span><\/p>\n<p><strong>Sazebn\u00edk \u00fahrad n\u00e1klad\u016f \u00a0vznikl\u00fdch v\u00a0souvislosti s poskytov\u00e1n\u00edm\u00a0<span class=\"vyskyt\">informac\u00ed<\/span>\u00a0je k dispozici v p\u0159\u00edloze.<\/strong><\/p>\n<div align=\"center\">\n<hr align=\"center\" size=\"2\" width=\"100%\" \/>\n<\/div>\n<p>16.\u00a0\u00a0\u00a0\u00a0\u00a0\u00a0 V\u00fdro\u010dn\u00ed zpr\u00e1vy minim\u00e1ln\u011b za dva p\u0159edchoz\u00ed kalend\u00e1\u0159n\u00ed roky o \u010dinnosti subjektu v oblasti poskytov\u00e1n\u00ed\u00a0<span class=\"vyskyt\">informac\u00ed<\/span>: V\u00fdro\u010dn\u00ed zpr\u00e1va 2022<\/p>\n<p><strong><span class=\"vyskyt\">Informace<\/span>\u00a0je obsa\u017eena na webov\u00fdch str\u00e1nk\u00e1ch \u00daNMZ v\u00a0\u010d\u00e1sti \"<a href=\"https:\/\/www.unmz.gov.cz\/urad\/zpravy-o-cinnosti-uradu\">O \u00da\u0159adu \/ Dokumenty \/ Zpr\u00e1vy o \u010dinnosti \u00da\u0159adu<\/a>\", v kapitole 12.2 Poskytov\u00e1n\u00ed\u00a0<span class=\"vyskyt\">informac\u00ed<\/span> podle z\u00e1kona \u010d. 106\/1999 Sb., o svobodn\u00e9m p\u0159\u00edstupu k <span class=\"vyskyt\">informac\u00edm<\/span>.<\/strong><\/p>\n<p><a href=\"https:\/\/www.unmz.gov.cz\/files\/106-2012.pdf\" target=\"_blank\" rel=\"noopener noreferrer\"><strong>V\u00fdro\u010dn\u00ed zpr\u00e1va 2012<\/strong><\/a><strong>\u00a0,\u00a0<\/strong><\/p>\n<p><a href=\"https:\/\/www.unmz.gov.cz\/files\/106_2013.pdf\" target=\"_blank\" rel=\"noopener noreferrer\"><strong>V\u00fdro\u010dn\u00ed zpr\u00e1va 2013<\/strong><\/a><strong> ,\u00a0<\/strong><strong><a href=\"https:\/\/www.unmz.gov.cz\/files\/Povinne%20informace\/Vyrocni%20zprava%202014.pdf\" target=\"_blank\" rel=\"noopener noreferrer\">V\u00fdro\u010dn\u00ed zpr\u00e1va 2014<\/a><\/strong> ,<strong><a href=\"https:\/\/www.unmz.gov.cz\/files\/Povinne%20informace\/Vyrocni%20zprava%202015.pdf\" target=\"_blank\" rel=\"noopener noreferrer\">V\u00fdro\u010dn\u00ed zpr\u00e1va 2015<\/a><\/strong> ,<a href=\"https:\/\/www.unmz.gov.cz\/files\/Povinne%20informace\/Vyrocni%20zprava%202016.pdf\" target=\"_blank\" rel=\"noopener noreferrer\"><strong>V\u00fdro\u010dn\u00ed zpr\u00e1va 2016<\/strong><\/a><strong> ,\u00a0<\/strong><a href=\"https:\/\/www.unmz.gov.cz\/files\/Vyrocni%20zprava%202017.pdf\" target=\"_blank\" rel=\"noopener noreferrer\"><strong>V\u00fdro\u010dn\u00ed zpr\u00e1va 2017<\/strong><\/a><strong> ,\u00a0<\/strong><a href=\"https:\/\/www.unmz.gov.cz\/files\/%C3%9A%C5%99edn%C3%AD%20deska\/V%C3%BDro%C4%8Dn%C3%AD%20zpr%C3%A1va%20o%20%C4%8Dinnosti%20v%20oblasti%20poskytov%C3%A1n%C3%AD%20informac%C3%AD%20podle%20%C2%A7%2018%20z%C3%A1kona%20%C4%8D%20106_1999%20Sb.pdf\" target=\"_blank\" rel=\"noopener noreferrer\"><strong>V\u00fdro\u010dn\u00ed zpr\u00e1va 2018<\/strong><\/a><strong> ,\u00a0<\/strong><strong><span style=\"color: #0066cc;\"><a href=\"https:\/\/www.unmz.gov.cz\/files\/Povinne%20informace\/V%C3%BDro%C4%8Dn%C3%AD%20zpr%C3%A1va%202019.pdf\">V\u00fdro\u010dn\u00ed zpr\u00e1va 2019<\/a>,<\/span><\/strong><strong><span style=\"color: #0066cc;\"><a href=\"https:\/\/www.unmz.gov.cz\/wp-content\/uploads\/Vyrocni-zprava-2020.pdf\">V\u00fdro\u010dn\u00ed zpr\u00e1va 2020<\/a><a href=\"https:\/\/www.unmz.gov.cz\/wp-content\/uploads\/Vyrocni-zprava-2021.pdf\">,<\/a><\/span><\/strong><strong><span style=\"color: #0066cc;\"><a href=\"https:\/\/www.unmz.gov.cz\/wp-content\/uploads\/Vyrocni-zprava-2021.pdf\">V\u00fdro\u010dn\u00ed zpr\u00e1va 2021 ,<\/a><\/span><\/strong><strong><a href=\"https:\/\/www.unmz.gov.cz\/wp-content\/uploads\/Vyrocni-zprava_sign.pdf\">V\u00fdro\u010dn\u00ed zpr\u00e1va 2022 , <\/a><a href=\"https:\/\/www.unmz.gov.cz\/wp-content\/uploads\/vyrocni-zprava-o-svobodnem-pristupu-k-informacim.pdf\">V\u00fdro\u010dn\u00ed zpr\u00e1va 2023, <\/a><a href=\"https:\/\/unmz.gov.cz\/wp-content\/uploads\/vyrocni-zprava_s.pdf\">V\u00fdro\u010dn\u00ed zpr\u00e1va 2024<\/a><a href=\"https:\/\/www.unmz.gov.cz\/wp-content\/uploads\/vyrocni-zprava-o-svobodnem-pristupu-k-informacim.pdf\">, <\/a><a href=\"https:\/\/unmz.gov.cz\/wp-content\/uploads\/vyrocni-zprava_2025_p.pdf\">V\u00fdro\u010dn\u00ed zpr\u00e1va 2025<\/a><\/strong><\/p>\n<div align=\"center\">\n<hr align=\"center\" size=\"2\" width=\"100%\" \/>\n<\/div>\n<p>17.\u00a0\u00a0\u00a0\u00a0\u00a0\u00a0 Seznam v\u0161ech rozpo\u010dtov\u00fdch, p\u0159\u00edsp\u011bvkov\u00fdch, z\u0159izovan\u00fdch, \u0159\u00edzen\u00fdch a jin\u00fdch organizac\u00ed, kter\u00e9 jsou\u00a0<span class=\"vyskyt\">povinn\u00fdm<\/span>\u00a0subjektem z\u0159\u00edzeny nebo jsou jakkoli pravideln\u011b nav\u00e1z\u00e1ny na rozpo\u010det\u00a0<span class=\"vyskyt\">povinn\u00e9ho<\/span>\u00a0subjektu:<\/p>\n<p>\u010cesk\u00e1 agentura pro standardizaci (\u00a0<a href=\"http:\/\/www.agenturacas.gov.cz\/\">http:\/\/www.agenturacas.gov.cz\/<\/a>\u00a0)<\/p>\n<hr \/>\n<\/li>\n<\/ol>\n<h3>P\u0159\u00edloha:<\/h3>\n<p align=\"center\">Sazebn\u00edk \u00fahrad n\u00e1klad\u016f \u00a0vznikl\u00fdch v\u00a0souvislosti s poskytov\u00e1n\u00edm informac\u00ed podle<br \/>\nz\u00e1kona \u010d.106\/1999 Sb., o svobodn\u00e9m p\u0159\u00edstupu k\u00a0informac\u00edm<\/p>\n<div>\n<table style=\"height: 839px;\" width=\"932\">\n<tbody>\n<tr>\n<td>\u00fakon<\/td>\n<td width=\"311\">K\u010d\/str\u00e1nka<\/td>\n<\/tr>\n<tr>\n<td>Tisk nebo kop\u00edrov\u00e1n\u00ed jednostrann\u00e9 A4 \u010dernob\u00edl\u00e9<\/td>\n<td width=\"311\">1,50<\/td>\n<\/tr>\n<tr>\n<td>Tisk nebo kop\u00edrov\u00e1n\u00ed oboustrann\u00e9 A4 \u010dernob\u00edl\u00e9<\/td>\n<td width=\"311\">2,00<\/td>\n<\/tr>\n<tr>\n<td>Tisk nebo kop\u00edrov\u00e1n\u00ed jednostrann\u00e9 A3 \u010dernob\u00edl\u00e9<\/td>\n<td width=\"311\">2,50<\/td>\n<\/tr>\n<tr>\n<td>Tisk nebo kop\u00edrov\u00e1n\u00ed oboustrann\u00e9 A3 \u010dernob\u00edl\u00e9<\/td>\n<td width=\"311\">3,50<\/td>\n<\/tr>\n<tr>\n<td>Tisk nebo kop\u00edrov\u00e1n\u00ed jednostrann\u00e9 A4 barevn\u00e9<\/td>\n<td width=\"311\">10,00<\/td>\n<\/tr>\n<tr>\n<td>Tisk nebo kop\u00edrov\u00e1n\u00ed jednostrann\u00e9 A3 barevn\u00e9<\/td>\n<td width=\"311\">15,00<\/td>\n<\/tr>\n<tr>\n<td>1 ks nenahran\u00e9ho CD<\/td>\n<td width=\"311\">20,00<\/td>\n<\/tr>\n<tr>\n<td>1 ks nenahran\u00e9ho DVD<\/td>\n<td width=\"311\">30,00<\/td>\n<\/tr>\n<tr>\n<td>Po\u0161tovn\u00e9 a baln\u00e9<\/td>\n<td width=\"311\">dle aktu\u00e1ln\u00edho cen\u00edku po\u0161tovn\u00edch slu\u017eeb<\/td>\n<\/tr>\n<tr>\n<td>Ka\u017ed\u00e1 zapo\u010dat\u00e1 hodina pr\u00e1ce<\/td>\n<td width=\"311\">400 K\u010d<\/td>\n<\/tr>\n<\/tbody>\n<\/table>\n<\/div>\n<p align=\"center\">Nep\u0159es\u00e1hne-li \u00fahrada za informaci poskytnut\u00e1 jednomu \u017eadateli \u010d\u00e1stku 50,\u2013 K\u010d, lze ji poskytnout zdarma.<\/p>\n","protected":false},"excerpt":{"rendered":"<p>POVINN\u00c9\u00a0INFORMACE P\u0159ehled\u00a0povinn\u011b\u00a0zve\u0159ej\u0148ovan\u00fdch\u00a0informac\u00ed P\u0159ehled\u00a0informac\u00ed\u00a0povinn\u011b zve\u0159ej\u0148ovan\u00fdch \u00daNMZ podle z\u00e1kona \u010d. 106\/1999 Sb. - aktualizace k\u00a01.1.2018 &nbsp; 1.\u00a0\u00a0\u00a0\u00a0\u00a0\u00a0\u00a0\u00a0 \u00dapln\u00fd n\u00e1zev\u00a0povinn\u00e9ho\u00a0subjektu \u00da\u0159ad pro technickou normalizaci, metrologii a st\u00e1tn\u00ed zku\u0161ebnictv\u00ed 2.\u00a0\u00a0\u00a0\u00a0\u00a0\u00a0\u00a0\u00a0 D\u016fvod a zp\u016fsob zalo\u017een\u00ed\u00a0povinn\u00e9ho\u00a0subjektu, v\u010detn\u011b podm\u00ednek a princip\u016f, za kter\u00fdch provozuje svoji \u010dinnost: Informace\u00a0je obsa\u017eena na str\u00e1nce \"O \u00fa\u0159adu\". 3.\u00a0\u00a0\u00a0\u00a0\u00a0\u00a0\u00a0\u00a0 Popis organiza\u010dn\u00ed struktury\u00a0povinn\u00e9ho\u00a0subjektu Informace\u00a0je obsa\u017eena na webov\u00fdch str\u00e1nk\u00e1ch \u00daNMZ [&hellip;]<\/p>\n","protected":false},"author":1,"featured_media":0,"parent":0,"menu_order":0,"comment_status":"closed","ping_status":"closed","template":"sitemap.php","meta":{"_acf_changed":false,"_seopress_robots_primary_cat":"","_seopress_titles_title":"","_seopress_titles_desc":"","_seopress_robots_index":"","_lmt_disableupdate":"no","_lmt_disable":"","footnotes":""},"class_list":["post-692","page","type-page","status-publish","hentry"],"acf":[],"_links":{"self":[{"href":"https:\/\/unmz.gov.cz\/en\/wp-json\/wp\/v2\/pages\/692","targetHints":{"allow":["GET"]}}],"collection":[{"href":"https:\/\/unmz.gov.cz\/en\/wp-json\/wp\/v2\/pages"}],"about":[{"href":"https:\/\/unmz.gov.cz\/en\/wp-json\/wp\/v2\/types\/page"}],"author":[{"embeddable":true,"href":"https:\/\/unmz.gov.cz\/en\/wp-json\/wp\/v2\/users\/1"}],"replies":[{"embeddable":true,"href":"https:\/\/unmz.gov.cz\/en\/wp-json\/wp\/v2\/comments?post=692"}],"version-history":[{"count":4,"href":"https:\/\/unmz.gov.cz\/en\/wp-json\/wp\/v2\/pages\/692\/revisions"}],"predecessor-version":[{"id":12433,"href":"https:\/\/unmz.gov.cz\/en\/wp-json\/wp\/v2\/pages\/692\/revisions\/12433"}],"wp:attachment":[{"href":"https:\/\/unmz.gov.cz\/en\/wp-json\/wp\/v2\/media?parent=692"}],"curies":[{"name":"wp","href":"https:\/\/api.w.org\/{rel}","templated":true}]}}