{"id":706,"date":"2019-07-10T14:40:03","date_gmt":"2019-07-10T12:40:03","guid":{"rendered":"http:\/\/unmz-wp.e-bs.cz\/?page_id=706"},"modified":"2019-07-10T14:40:03","modified_gmt":"2019-07-10T12:40:03","slug":"information-and-access-to-personal-data","status":"publish","type":"page","link":"https:\/\/unmz.gov.cz\/en\/povinne-informace\/informace-a-pristup-k-osobnim-udajum\/","title":{"rendered":"Information and access to personal data"},"content":{"rendered":"<ol>\n<li><span style=\"font-size: medium;\">Identity and contact details of the controller: Office for Standards, Metrology and Testing<b>,\u00a0<\/b>ID: 48135267<\/span><span style=\"font-size: medium;\">, with registered office:\u00a0<\/span><span style=\"font-size: medium;\">Biskupsk\u00fd dv\u016fr 1148\/5, Prague 1, Postal code 110 00<\/span><\/li>\n<li><span style=\"font-size: medium;\">Data subjects: clients, suppliers of the controller<\/span><\/li>\n<li><span style=\"font-size: medium;\">Scale of the personal data: data contained in the documents submitted by the supplier\/client to the controller necessary for the performance of the law and\/or the contract<\/span><\/li>\n<li><span style=\"font-size: medium;\">Purposes of processing: compliance with legal obligations, provision of goods\/services<\/span><\/li>\n<li><span style=\"font-size: medium;\">Legal basis for processing (title): compliance with legal obligations, performance of a contract<\/span><\/li>\n<li><span style=\"font-size: medium;\">Intention of the controller to transfer personal data to a third country or an international organisation:  such data is not transferred by the controller<\/span><\/li>\n<li><span style=\"font-size: medium;\">Period for which personal data will be processed: for the period of performance of legal obligations, performance of a contract and thereafter within the scope of the statutory retention periods<\/span><\/li>\n<li><span style=\"font-size: medium;\">Rights under the GDPR: Under the GDPR, the data subject has certain rights: the right to request from the controller access to his or her personal data pursuant to Article 15 of the GDPR, rectification of personal data pursuant to Article 16 of the GDPR, or restriction of processing of the personal data pursuant to Article 18 of the GDPR, and the right to erasure of personal data pursuant to Article 17(1)(a) and (c) to (f) of the GDPR. Furthemore, it shall has  the right to object to the processing of personal data pursuant to Article 21 of the GDPR and the right to data portability pursuant to Article 20 of the GDPR by sending an email to the following email address:<\/span><a><u><span style=\"font-size: medium;\">gdpr@unmz.gov.cz.<\/span><\/u><\/a><span style=\"font-size: medium;\">\u00a0If the data subject believe that his or her right to the protection of personal data has been violated, he or she has the right to lodge a complaint with the Personal Data Protection  Office (<\/span><a href=\"http:\/\/www.uoou.cz\/\"><span style=\"font-size: medium;\">https:\/\/www.uoou.cz\/en\/<\/span><\/a><span style=\"font-size: medium;\">)<\/span><\/li>\n<li><span style=\"font-size: medium;\">Providing personal data is a statutory and contractual requirement<\/span><\/li>\n<li><span style=\"font-size: medium;\">Processing does not involve automated decision-making or profiling<\/span><\/li>\n<\/ol>","protected":false},"excerpt":{"rendered":"<p>Toto\u017enost a kontaktn\u00ed \u00fadaje spr\u00e1vce: \u00da\u0159ad pro technickou normalizaci, metrologii a st\u00e1tn\u00ed zku\u0161ebnictv\u00ed,\u00a0I\u010cO: 48135267, se s\u00eddlem:\u00a0Biskupsk\u00fd dv\u016fr 1148\/5, Praha 1, PS\u010c 110 00 Subjekty \u00fadaj\u016f: klienti, dodavatel\u00e9 spr\u00e1vce Rozsah osobn\u00edch \u00fadaj\u016f: \u00fadaje uveden\u00e9 v podkladech p\u0159edan\u00fdch dodavatelem\/klientem spr\u00e1vci pot\u0159ebn\u00fdch pro pln\u011bn\u00ed z\u00e1kona a\/nebo smlouvy \u00da\u010dely zpracov\u00e1n\u00ed: pln\u011bn\u00ed pr\u00e1vn\u00edch povinnost\u00ed, poskytov\u00e1n\u00ed zbo\u017e\u00ed\/slu\u017eeb Pr\u00e1vn\u00ed z\u00e1klad pro zpracov\u00e1n\u00ed [&hellip;]<\/p>\n","protected":false},"author":1,"featured_media":0,"parent":692,"menu_order":0,"comment_status":"closed","ping_status":"closed","template":"","meta":{"_acf_changed":false,"_seopress_robots_primary_cat":"","_seopress_titles_title":"","_seopress_titles_desc":"","_seopress_robots_index":"","_lmt_disableupdate":"","_lmt_disable":"","footnotes":""},"class_list":["post-706","page","type-page","status-publish","hentry"],"acf":[],"_links":{"self":[{"href":"https:\/\/unmz.gov.cz\/en\/wp-json\/wp\/v2\/pages\/706","targetHints":{"allow":["GET"]}}],"collection":[{"href":"https:\/\/unmz.gov.cz\/en\/wp-json\/wp\/v2\/pages"}],"about":[{"href":"https:\/\/unmz.gov.cz\/en\/wp-json\/wp\/v2\/types\/page"}],"author":[{"embeddable":true,"href":"https:\/\/unmz.gov.cz\/en\/wp-json\/wp\/v2\/users\/1"}],"replies":[{"embeddable":true,"href":"https:\/\/unmz.gov.cz\/en\/wp-json\/wp\/v2\/comments?post=706"}],"version-history":[{"count":0,"href":"https:\/\/unmz.gov.cz\/en\/wp-json\/wp\/v2\/pages\/706\/revisions"}],"up":[{"embeddable":true,"href":"https:\/\/unmz.gov.cz\/en\/wp-json\/wp\/v2\/pages\/692"}],"wp:attachment":[{"href":"https:\/\/unmz.gov.cz\/en\/wp-json\/wp\/v2\/media?parent=706"}],"curies":[{"name":"wp","href":"https:\/\/api.w.org\/{rel}","templated":true}]}}