{"id":712,"date":"2019-07-10T14:44:13","date_gmt":"2019-07-10T12:44:13","guid":{"rendered":"http:\/\/unmz-wp.e-bs.cz\/?page_id=712"},"modified":"2019-07-10T14:44:13","modified_gmt":"2019-07-10T12:44:13","slug":"2017-2","status":"publish","type":"page","link":"https:\/\/unmz.gov.cz\/en\/povinne-informace\/informace-o-plneni-akcniho-planu-boje-s-korupci\/2017-2\/","title":{"rendered":"2017"},"content":{"rendered":"<h3>Task 2.2.4 Publication of advisors and advisory bodies (Government's Anti-Corruption Strategy 2013 and 2014) for 2017.<\/h3>\n<h4>Advisory bodies:<\/h4>\n<p>Metrology Council\/ Permanent Advisory Body\/ Total remuneration incl. VAT - 0 CZK<\/p>\n<p>Conformity assessment committee\/permanent advisory body\/total remuneration incl. VAT - 0 CZK<\/p>\n<p>More detailed information on the focus of the advisory bodies, including a list of their members, is available on the Authority's website at the following link:\u00a0<a href=\"https:\/\/unmz.gov.cz\/en\/urad\/advisory-bodies-of-the-chairman-of-the-authority\/\">advisory-bodies-of-the-chairman-of-the-authority<\/a><\/p>\n<h4><b><\/b>Paid and contracted consultants:<\/h4>\n<p>\u00daNMZ of these\u00a0<span style=\"font-family: Geneva,Arial,Sans-Serif;\">services<\/span>\u00a0he doesn't use it.<\/p>\n<h4><b><\/b>Consultancy services (in CZK):<\/h4>\n<p>MD Vision 250.000,-- (incl. VAT)<\/p>\n<p>Pavel Stastny 175.000,-- (without VAT)<\/p>\n<h4>Lawyers and law firms (in CZK):<\/h4>\n<p>Mgr. Jan Soukup 23.232,-- (incl. VAT)<\/p>\n<p>JUDr. Josef Sta\u0161a 200.000,-- (incl. VAT)<\/p>\n<p>TALK s.r.o. 181.500,-- (incl. VAT)<\/p>\n<p>Allo Tender s.r.o. 121.000,-- (incl. VAT)<\/p>\n<p>Ing. Pavel Reichel 67.000,-- (incl. VAT)<\/p>\n<p>JUDr. Josef Pavelka 108.900,-- (incl. VAT)<\/p>\n<p>Mgr. Jakub Klatovsk\u00fd 427.175,-- (without VAT)<\/p>\n<p>Mgr. Michal Svato\u0148 368.615,-- (without VAT)<\/p>\n<p>NEXT Legal 217.800,-- (incl. VAT)<\/p>\n<h3>Implementation of task 2.4.3. Disclosure of sales and leases of state property (Government Strategy for the Fight against Corruption for 2013 and 2014).<\/h3>\n<p>The offer for sale and lease of unnecessary property is published on the Official Board of the \u00daNMZ, both in electronic and physical form (see uredni-deska). The offer is also published on the website of the Office for State Representation in Property Matters (see:\u00a0<a href=\"https:\/\/nabidkysi.uzsvm.cz\/\">https:\/\/nabidkysi.uzsvm.cz\/<\/a>)<\/p>\n<p>&nbsp;<\/p>\n<p><b>Updated to date:\u00a0\u00a0\u00a0\u00a0\u00a0\u00a0\u00a0\u00a0\u00a0\u00a0<\/b>31. 7. 2017<\/p>","protected":false},"excerpt":{"rendered":"<p>\u00dakol 2.2.4. Zve\u0159ej\u0148ov\u00e1n\u00ed poradc\u016f a poradn\u00edch org\u00e1n\u016f (Strategie vl\u00e1dy v\u00a0boji s\u00a0korupc\u00ed na obdob\u00ed let 2013 a 2014) za rok 2017. Poradn\u00ed org\u00e1ny: Rada pro metrologii\/st\u00e1l\u00fd poradn\u00ed org\u00e1n\/ celkov\u00e1 odm\u011bna v\u010d. DPH - 0 K\u010d Komise pro posuzov\u00e1n\u00ed shody\/st\u00e1l\u00fd poradn\u00ed org\u00e1n\/ celkov\u00e1 odm\u011bna v\u010d. DPH - 0 K\u010d Podrobn\u011bj\u0161\u00ed informace o zam\u011b\u0159en\u00ed poradn\u00edch org\u00e1n\u016f, v\u010detn\u011b seznamu [&hellip;]<\/p>\n","protected":false},"author":1,"featured_media":0,"parent":708,"menu_order":2,"comment_status":"closed","ping_status":"closed","template":"","meta":{"_acf_changed":false,"_seopress_robots_primary_cat":"","_seopress_titles_title":"","_seopress_titles_desc":"","_seopress_robots_index":"","_seopress_analysis_target_kw":"","_lmt_disableupdate":"","_lmt_disable":"","footnotes":""},"class_list":["post-712","page","type-page","status-publish","hentry"],"acf":[],"_links":{"self":[{"href":"https:\/\/unmz.gov.cz\/en\/wp-json\/wp\/v2\/pages\/712","targetHints":{"allow":["GET"]}}],"collection":[{"href":"https:\/\/unmz.gov.cz\/en\/wp-json\/wp\/v2\/pages"}],"about":[{"href":"https:\/\/unmz.gov.cz\/en\/wp-json\/wp\/v2\/types\/page"}],"author":[{"embeddable":true,"href":"https:\/\/unmz.gov.cz\/en\/wp-json\/wp\/v2\/users\/1"}],"replies":[{"embeddable":true,"href":"https:\/\/unmz.gov.cz\/en\/wp-json\/wp\/v2\/comments?post=712"}],"version-history":[{"count":0,"href":"https:\/\/unmz.gov.cz\/en\/wp-json\/wp\/v2\/pages\/712\/revisions"}],"up":[{"embeddable":true,"href":"https:\/\/unmz.gov.cz\/en\/wp-json\/wp\/v2\/pages\/708"}],"wp:attachment":[{"href":"https:\/\/unmz.gov.cz\/en\/wp-json\/wp\/v2\/media?parent=712"}],"curies":[{"name":"wp","href":"https:\/\/api.w.org\/{rel}","templated":true}]}}