{"id":714,"date":"2019-07-10T14:45:30","date_gmt":"2019-07-10T12:45:30","guid":{"rendered":"http:\/\/unmz-wp.e-bs.cz\/?page_id=714"},"modified":"2019-07-10T14:45:30","modified_gmt":"2019-07-10T12:45:30","slug":"2015-2","status":"publish","type":"page","link":"https:\/\/unmz.gov.cz\/en\/povinne-informace\/informace-o-plneni-akcniho-planu-boje-s-korupci\/2015-2\/","title":{"rendered":"2015"},"content":{"rendered":"<h3>Task 2.2.4. Publication of advisors and advisory bodies (Government's Anti-Corruption Strategy for 2013 and 2014) for the first half of 2015.<\/h3>\n<h4>Advisory bodies:<\/h4>\n<p>Technical Standardisation Council\/ Permanent Advisory Body\/ Total remuneration incl. VAT - 0 CZK<\/p>\n<p>Metrology Council\/ Permanent Advisory Body\/ Total remuneration incl. VAT - 0 CZK<\/p>\n<p>Standardisation Committee\/Standing Advisory Body\/Total remuneration incl. VAT - 0 CZK<\/p>\n<p>Conformity assessment committee\/permanent advisory body\/total remuneration incl. VAT - 0 CZK<\/p>\n<h4>Paid and contracted consultants:<\/h4>\n<p>\u00daNMZ does not use these services.<\/p>\n<h4>Consulting services:<\/h4>\n<p>\u00daNMZ does not use these services.<\/p>\n<h4>Lawyers and law firms:<\/h4>\n<p>Mgr. Jan Soukup\/providing legal services\/ total remuneration incl. VAT - CZK 566,280<\/p>\n<p>JUDr. Ing. Josef Sta\u0161a, CSc.\/providing legal services\/total remuneration incl. VAT - 50 000 CZK<\/p>\n<p>More detailed information on the focus of the advisory bodies, including a list of their members, is available on the Authority's website at the following link:\u00a0<a href=\"https:\/\/unmz.gov.cz\/en\/urad\/advisory-bodies-of-the-chairman-of-the-authority\/\">advisory-bodies-of-the-chairman-of-the-authority<\/a><\/p>\n<h3>Implementation of task 2.4.3. Disclosure of sales and leases of state property (Government Strategy for the Fight against Corruption for 2013 and 2014).<\/h3>\n<p>The offer of sale and lease of unnecessary property is published on the Official Board of the \u00daNMZ, both in electronic and physical form. At the same time, the offer is published on the central address managed by the Czech Post.<\/p>\n<p><strong>Updated to date:\u00a0<\/strong>15. 02. 2016<\/p>","protected":false},"excerpt":{"rendered":"<p>\u00dakol\u00a02.2.4. Zve\u0159ej\u0148ov\u00e1n\u00ed poradc\u016f a poradn\u00edch org\u00e1n\u016f (Strategie vl\u00e1dy v\u00a0boji s\u00a0korupc\u00ed na obdob\u00ed let 2013 a 2014) za 1. pol.\u00a0roku 2015. Poradn\u00ed org\u00e1ny: Rada pro technickou normalizaci\/st\u00e1l\u00fd poradn\u00ed org\u00e1n\/ celkov\u00e1 odm\u011bna v\u010d. DPH - 0 K\u010d Rada pro metrologii\/st\u00e1l\u00fd poradn\u00ed org\u00e1n\/ celkov\u00e1 odm\u011bna v\u010d. DPH - 0 K\u010d Normaliza\u010dn\u00ed v\u00fdbor\/st\u00e1l\u00fd poradn\u00ed org\u00e1n\/ celkov\u00e1 odm\u011bna v\u010d. DPH [&hellip;]<\/p>\n","protected":false},"author":1,"featured_media":0,"parent":708,"menu_order":3,"comment_status":"closed","ping_status":"closed","template":"","meta":{"_acf_changed":false,"_seopress_robots_primary_cat":"","_seopress_titles_title":"","_seopress_titles_desc":"","_seopress_robots_index":"","_lmt_disableupdate":"","_lmt_disable":"","footnotes":""},"class_list":["post-714","page","type-page","status-publish","hentry"],"acf":[],"_links":{"self":[{"href":"https:\/\/unmz.gov.cz\/en\/wp-json\/wp\/v2\/pages\/714","targetHints":{"allow":["GET"]}}],"collection":[{"href":"https:\/\/unmz.gov.cz\/en\/wp-json\/wp\/v2\/pages"}],"about":[{"href":"https:\/\/unmz.gov.cz\/en\/wp-json\/wp\/v2\/types\/page"}],"author":[{"embeddable":true,"href":"https:\/\/unmz.gov.cz\/en\/wp-json\/wp\/v2\/users\/1"}],"replies":[{"embeddable":true,"href":"https:\/\/unmz.gov.cz\/en\/wp-json\/wp\/v2\/comments?post=714"}],"version-history":[{"count":0,"href":"https:\/\/unmz.gov.cz\/en\/wp-json\/wp\/v2\/pages\/714\/revisions"}],"up":[{"embeddable":true,"href":"https:\/\/unmz.gov.cz\/en\/wp-json\/wp\/v2\/pages\/708"}],"wp:attachment":[{"href":"https:\/\/unmz.gov.cz\/en\/wp-json\/wp\/v2\/media?parent=714"}],"curies":[{"name":"wp","href":"https:\/\/api.w.org\/{rel}","templated":true}]}}