{"id":7151,"date":"2022-09-14T12:26:52","date_gmt":"2022-09-14T10:26:52","guid":{"rendered":"https:\/\/www.unmz.gov.cz\/?page_id=7151"},"modified":"2022-11-22T13:46:44","modified_gmt":"2022-11-22T12:46:44","slug":"useful-links","status":"publish","type":"page","link":"https:\/\/unmz.gov.cz\/en\/statni-zkusebnictvi\/uzitecne-odkazy\/","title":{"rendered":"Useful links"},"content":{"rendered":"<p>MIT: <a href=\"https:\/\/www.mpo.cz\/cz\/zahranicni-obchod\/podnikani-v-EU\/sluzby-pro-podnikatele-na-vnitrnim-trhu-eu\/procop\/default.htm\">https:\/\/www.mpo.cz\/cz\/zahranicni-obchod\/podnikani-v-EU\/sluzby-pro-podnikatele-na-vnitrnim-trhu-eu\/procop\/default.htm<\/a><br \/>\nMIT: <a href=\"https:\/\/www.mpo.cz\/cz\/stavebnictvi-a-suroviny\/kontaktni-misto-pro-stavebni-vyrobky\/\">https:\/\/www.mpo.cz\/cz\/stavebnictvi-a-suroviny\/kontaktni-misto-pro-stavebni-vyrobky\/<\/a><br \/>\nSOLVIT: <a href=\"https:\/\/www.mpo.cz\/cz\/zahranicni-obchod\/podnikani-v-EU\/sluzby-pro-podnikatele-na-vnitrnim-trhu-eu\/solvit\/default.htm\">https:\/\/www.mpo.cz\/cz\/zahranicni-obchod\/podnikani-v-EU\/sluzby-pro-podnikatele-na-vnitrnim-trhu-eu\/solvit\/default.htm<\/a><br \/>\nGeneral Security: <a href=\"https:\/\/www.mpo.cz\/cz\/ochrana-spotrebitele\/bezpecnost-vyrobku\/\">https:\/\/www.mpo.cz\/cz\/ochrana-spotrebitele\/bezpecnost-vyrobku\/<\/a><br \/>\nHERE: <a href=\"https:\/\/www.cai.cz\/\">https:\/\/www.cai.cz\/<\/a><br \/>\nCTIA: <a href=\"https:\/\/www.coi.cz\/\">https:\/\/www.coi.cz\/<\/a><br \/>\nEUROLAB: <a href=\"http:\/\/www.eurolabcz.cz\/\">http:\/\/www.eurolabcz.cz\/<\/a><br \/>\nTIME: <a href=\"https:\/\/www.agenturacas.gov.cz\/\">https:\/\/www.agenturacas.gov.cz\/<\/a><br \/>\nS\u00daKL: <a href=\"https:\/\/www.niszp.cz\/cs\">https:\/\/www.niszp.cz\/cs<\/a><br \/>\nNotified entities\/Notified persons - NANDO information system: <a href=\"http:\/\/ec.europa.eu\/growth\/tools-databases\/nando\/\">http:\/\/ec.europa.eu\/growth\/tools-databases\/nando\/<\/a><br \/>\nAssociation of Accredited and Authorised Organisations: <a href=\"https:\/\/unmz.gov.cz\/en\/information-europe-measures-committee-accepted-by-british-party-to-simplify-the-supply-of-products-from-the-eu-to-the-uk-market-and-to-timely-recognition-of-european-certificates\/\">http:\/\/www.aaao.cz\/<\/a><\/p>\n<p><a href=\"https:\/\/www.unmz.gov.cz\/wp-content\/uploads\/Blue-Guide-2022-CZ.pdf\">Blue Guide 2022 CZ<\/a><\/p>\n<p>BREXIT: <a href=\"https:\/\/unmz.gov.cz\/en\/information-europe-measures-committee-accepted-by-british-party-to-simplify-the-supply-of-products-from-the-eu-to-the-uk-market-and-to-timely-recognition-of-european-certificates\/\">https:\/\/www.unmz.gov.cz\/informace-evropske-komise-opatreni-prijata-bristkou-stranou-ke-zjednoduseni-dodavek-vyrobku-z-eu-na-britsky-trh-a-docasnemu-uznavani-evropskych-certifikatu\/<\/a><\/p>\n<p>BREXIT: <a href=\"https:\/\/www.gov.uk\/government\/news\/businesses-to-be-given-uk-product-marking-flexibility#:~:text=The%20government%20will%20continue%20to,choose%20which%20marking%20to%20apply.\">Businesses to be given UK product marking flexibility - GOV.UK (www.gov.uk)<\/a><\/p>\n<p>BREXIT: <a href=\"https:\/\/www.gov.uk\/uk-market-conformity-assessment-bodies\">UK Market Conformity Assessment Bodies - GOV.UK (www.gov.uk)<\/a><\/p>","protected":false},"excerpt":{"rendered":"<p>MPO: https:\/\/www.mpo.cz\/cz\/zahranicni-obchod\/podnikani-v-EU\/sluzby-pro-podnikatele-na-vnitrnim-trhu-eu\/procop\/default.htm MPO: https:\/\/www.mpo.cz\/cz\/stavebnictvi-a-suroviny\/kontaktni-misto-pro-stavebni-vyrobky\/ SOLVIT: https:\/\/www.mpo.cz\/cz\/zahranicni-obchod\/podnikani-v-EU\/sluzby-pro-podnikatele-na-vnitrnim-trhu-eu\/solvit\/default.htm Obecn\u00e1 bezpe\u010dnost: https:\/\/www.mpo.cz\/cz\/ochrana-spotrebitele\/bezpecnost-vyrobku\/ \u010cIA: https:\/\/www.cai.cz\/ \u010cOI: https:\/\/www.coi.cz\/ EUROLAB: http:\/\/www.eurolabcz.cz\/ \u010cAS: https:\/\/www.agenturacas.gov.cz\/ S\u00daKL: https:\/\/www.niszp.cz\/cs Ozn\u00e1men\u00e9 subjekty\/Notifikovan\u00e9 osoby - informa\u010dn\u00ed syst\u00e9m NANDO: http:\/\/ec.europa.eu\/growth\/tools-databases\/nando\/ Asociace akreditovan\u00fdch a autorizovan\u00fdch organizac\u00ed: http:\/\/www.aaao.cz\/ Blue Guide 2022 CZ BREXIT: https:\/\/www.unmz.gov.cz\/informace-evropske-komise-opatreni-prijata-bristkou-stranou-ke-zjednoduseni-dodavek-vyrobku-z-eu-na-britsky-trh-a-docasnemu-uznavani-evropskych-certifikatu\/ BREXIT: Businesses to be given UK product marking flexibility - GOV.UK (www.gov.uk) BREXIT: UK Market Conformity [&hellip;]<\/p>\n","protected":false},"author":4,"featured_media":0,"parent":21,"menu_order":0,"comment_status":"closed","ping_status":"closed","template":"","meta":{"_acf_changed":false,"_seopress_robots_primary_cat":"","_seopress_titles_title":"","_seopress_titles_desc":"","_seopress_robots_index":"","_lmt_disableupdate":"","_lmt_disable":"","footnotes":""},"class_list":["post-7151","page","type-page","status-publish","hentry"],"acf":[],"_links":{"self":[{"href":"https:\/\/unmz.gov.cz\/en\/wp-json\/wp\/v2\/pages\/7151","targetHints":{"allow":["GET"]}}],"collection":[{"href":"https:\/\/unmz.gov.cz\/en\/wp-json\/wp\/v2\/pages"}],"about":[{"href":"https:\/\/unmz.gov.cz\/en\/wp-json\/wp\/v2\/types\/page"}],"author":[{"embeddable":true,"href":"https:\/\/unmz.gov.cz\/en\/wp-json\/wp\/v2\/users\/4"}],"replies":[{"embeddable":true,"href":"https:\/\/unmz.gov.cz\/en\/wp-json\/wp\/v2\/comments?post=7151"}],"version-history":[{"count":0,"href":"https:\/\/unmz.gov.cz\/en\/wp-json\/wp\/v2\/pages\/7151\/revisions"}],"up":[{"embeddable":true,"href":"https:\/\/unmz.gov.cz\/en\/wp-json\/wp\/v2\/pages\/21"}],"wp:attachment":[{"href":"https:\/\/unmz.gov.cz\/en\/wp-json\/wp\/v2\/media?parent=7151"}],"curies":[{"name":"wp","href":"https:\/\/api.w.org\/{rel}","templated":true}]}}