{"id":721,"date":"2019-07-10T14:53:36","date_gmt":"2019-07-10T12:53:36","guid":{"rendered":"http:\/\/unmz-wp.e-bs.cz\/?page_id=721"},"modified":"2020-04-22T15:04:59","modified_gmt":"2020-04-22T13:04:59","slug":"vyrizene-zadosti-dle-zakona-c-106-1999-sb","status":"publish","type":"page","link":"https:\/\/unmz.gov.cz\/en\/povinne-informace\/vyrizene-zadosti-dle-zakona-c-106-1999-sb\/","title":{"rendered":"Requests processed in accordance with Act No. 106\/1999 Coll."},"content":{"rendered":"<p><strong><u>Overview of questions and answers:<\/u><\/strong><\/p>\n<p><span style=\"color: #000000;\"><a href=\"https:\/\/unmz.gov.cz\/en\/files\/106_2020\/Notifikace%20Pravidel%20umis%C5%A5ov%C3%A1n%C3%AD%20reklamy%20I.docx\/\" target=\"_blank\" rel=\"noopener noreferrer\">Notification of the Advertising Placement Rules I<\/a><\/span><\/p>\n<p><a href=\"https:\/\/unmz.gov.cz\/en\/files\/106_2020\/Notifikace%20Pravidel%20umis%C5%A5ov%C3%A1n%C3%AD%20reklamy%20II.docx\/\" target=\"_blank\" rel=\"noopener noreferrer\">Notification of the Advertising Rules II<\/a><\/p>\n<p><a href=\"https:\/\/unmz.gov.cz\/en\/files\/106_2020\/notifikace%20z%C3%A1kona%20%C4%8D.%2066-2017.docx\/\" target=\"_blank\" rel=\"noopener noreferrer\">Notification\u00a0<span class=\"vyskyt\">Law<\/span>and No. 66-2017<\/a><\/p>\n<p><a href=\"https:\/\/unmz.gov.cz\/en\/files\/106_2020\/notifikace%20z%C3%A1kona%20%C4%8D.%20262-2019%20Sb.docx\/\" target=\"_blank\" rel=\"noopener noreferrer\">Notification\u00a0<span class=\"vyskyt\">Law<\/span>and No. 262-2019 Coll.<\/a><\/p>\n<p><a href=\"https:\/\/unmz.gov.cz\/en\/files\/106_2020\/stanovisko%20k%20n%C3%A1vrhu%20francouzsk%C3%A9ho%20z%C3%A1kona%20o%20boji%20proti%20nen%C3%A1vistn%C3%A9mu%20obsahu%20na%20internetu%20ze%20srpna%202019.docx\/\" target=\"_blank\" rel=\"noopener noreferrer\">opinion on the French proposal\u00a0<span class=\"vyskyt\">Law<\/span>and on combating hate content on the internet of August 2019<\/a><\/p>\n<p><a href=\"https:\/\/unmz.gov.cz\/en\/files\/106_2020\/sta%C5%BEen%C3%AD%20notifikace%20technick%C3%A9ho%20p%C5%99edpisu%20Evropsk%C3%A9%20komisi%20%C4%8D.%202016-664-CZ.docx\/\" target=\"_blank\" rel=\"noopener noreferrer\">Withdrawal of notification of technical regulation to the European Commission No 2016-664-CZ<\/a><\/p>\n<p><a href=\"https:\/\/www.unmz.gov.cz\/wp-content\/uploads\/\u00fadaje-o-skute\u010dn\u00e9m-spot\u0159ebovan\u00e9m-mno\u017estv\u00ed-paliva-pro-\u00fa\u010del-dle-\u00a7-1-vyhl\u00e1\u0161ky-\u010d.-413-2003-Sb.doc\">data on the actual quantity of fuel consumed for the purpose according to \u00a7 1 of Decree No. 413-2003 Coll.<\/a><\/p>\n<p><a href=\"https:\/\/www.unmz.gov.cz\/wp-content\/uploads\/\u00fadaje-o-skute\u010dn\u00e9m-spot\u0159ebovan\u00e9m-mno\u017estv\u00ed-paliva-pro-\u00fa\u010del-dle-\u00a7-2-odst.-3-vyhl\u00e1\u0161ky-\u010d.-48-2008-Sb.doc\">data on the actual quantity of fuel consumed for the purpose according to \u00a7 2(3) of Decree No 48-2008 Coll.<\/a><\/p>\n<p><span style=\"color: #000000;\"><a href=\"https:\/\/unmz.gov.cz\/en\/files\/Z%C3%A1kon%20106\/Autorizace%20k%20ov%C4%9B%C5%99ov%C3%A1n%C3%AD%20rychlom%C4%9Br%C5%AF%20I.pdf\/\" target=\"_blank\" rel=\"noopener noreferrer\">Authorisation to verify speedometers I<\/a><\/span><\/p>\n<p><span style=\"color: #000000;\"><a href=\"https:\/\/unmz.gov.cz\/en\/files\/Z%C3%A1kon%20106\/Autorizace%20k%20ov%C4%9B%C5%99ov%C3%A1n%C3%AD%20rychlom%C4%9Br%C5%AF%20II.pdf\/\" target=\"_blank\" rel=\"noopener noreferrer\">Authorisation to verify speedometers II<\/a><\/span><\/p>\n<p><span style=\"color: #000000;\"><a href=\"https:\/\/unmz.gov.cz\/en\/files\/Z%C3%A1kon%20106\/Autorizace%20k%20ov%C4%9B%C5%99ov%C3%A1n%C3%AD%20rychlom%C4%9Br%C5%AF%20III.pdf\/\" target=\"_blank\" rel=\"noopener noreferrer\">Authorisation to verify speedometers III<\/a><\/span><\/p>\n<p><span style=\"color: #000000;\"><a href=\"https:\/\/unmz.gov.cz\/en\/files\/Z%C3%A1kon%20106\/Oprava%20Sb%C3%ADrky%20z%C3%A1kon%C5%AF.pdf\/\" target=\"_blank\" rel=\"noopener noreferrer\">Repair of the Collection\u00a0<span class=\"vyskyt\">Law<\/span>\u016f<\/a><\/span><\/p>\n<p><span style=\"color: #000000;\"><a href=\"https:\/\/unmz.gov.cz\/en\/files\/Z%C3%A1kon%20106\/Platnost%20normy%20OIML%20R%209l%20l990(E).pdf\/\" target=\"_blank\" rel=\"noopener noreferrer\">Validity of OIML R 9l l990(E)<\/a><\/span><\/p>\n<p><span style=\"color: #000000;\"><a href=\"https:\/\/unmz.gov.cz\/en\/files\/Z%C3%A1kon%20106\/Sta%C5%BEen%C3%AD%20notifikace%20%C4%8D.%202016-664-CZ.pdf\/\" target=\"_blank\" rel=\"noopener noreferrer\">Withdrawal of Notification No 2016-664-CZ<\/a><\/span><\/p>\n<p><span style=\"color: #000000;\"><a href=\"https:\/\/unmz.gov.cz\/en\/files\/Z%C3%A1kon%20106\/Z%C3%A1vaznost%20%C4%8CSN.pdf\/\" target=\"_blank\" rel=\"noopener noreferrer\">Bindingness of CSN<\/a><\/span><\/p>\n<p>&nbsp;<\/p>\n<p><a href=\"https:\/\/unmz.gov.cz\/en\/files\/Z%C3%A1kon%20106\/01%20%C4%8CSN%2073%201901.pdf\/\" target=\"_blank\" rel=\"noopener noreferrer\">01 CSN 73 1901<\/a><\/p>\n<p><a href=\"https:\/\/unmz.gov.cz\/en\/files\/Z%C3%A1kon%20106\/02%20z%C3%A1kon%20o%20st%C5%99etu%20z%C3%A1jm%C5%AF.pdf\/\" target=\"_blank\" rel=\"noopener noreferrer\">02\u00a0<span class=\"vyskyt\">Law<\/span>\u00a0on conflict of interest<\/a><\/p>\n<p><a href=\"https:\/\/unmz.gov.cz\/en\/files\/Z%C3%A1kon%20106\/03%20sklolamin%C3%A1tov%C3%A9%20desky.pdf\/\" target=\"_blank\" rel=\"noopener noreferrer\">03 fibreglass plates<\/a><\/p>\n<p><a href=\"https:\/\/unmz.gov.cz\/en\/files\/Z%C3%A1kon%20106\/04%20Smluvn%C3%AD%20vztahy.pdf\/\" target=\"_blank\" rel=\"noopener noreferrer\">04 Contractual relations<\/a><\/p>\n<p><a href=\"https:\/\/unmz.gov.cz\/en\/files\/Z%C3%A1kon%20106\/05%20stanoviska%20Evropsk%C3%A9%20komise.pdf\/\" target=\"_blank\" rel=\"noopener noreferrer\">05 opinions of the European Commission<\/a><\/p>\n<p><a href=\"https:\/\/unmz.gov.cz\/en\/files\/Z%C3%A1kon%20106\/06%20stanoviska%20Evropsk%C3%A9%20komise%20II.pdf\/\" target=\"_blank\" rel=\"noopener noreferrer\">06 opinions of the European Commission II<\/a><\/p>\n<p><a href=\"https:\/\/unmz.gov.cz\/en\/files\/Z%C3%A1kon%20106\/07%20umis%C5%A5ov%C3%A1n%C3%AD%20dopravn%C3%ADch%20zna%C4%8Dek.pdf\/\" target=\"_blank\" rel=\"noopener noreferrer\">07 placement of traffic signs<\/a><\/p>\n<p><a href=\"https:\/\/unmz.gov.cz\/en\/files\/Z%C3%A1kon%20106\/08%20p%C5%AFvod%20z%C3%A1kona%20%C4%8D.%2022-1997%20Sb.%20a%20NV%20%C4%8D.%20173-1997%20Sb..pdf\/\" target=\"_blank\" rel=\"noopener noreferrer\">08 origin\u00a0<span class=\"vyskyt\">Law<\/span>22-1997 Coll. and NV No. 173-1997 Coll.<\/a><\/p>\n<p><a href=\"https:\/\/unmz.gov.cz\/en\/files\/Z%C3%A1kon%20106\/09%20autor%20%C4%8CSN%2073%204201.pdf\/\" target=\"_blank\" rel=\"noopener noreferrer\">09 author of CSN 73 4201<\/a><\/p>\n<p><a href=\"https:\/\/unmz.gov.cz\/en\/files\/Z%C3%A1kon%20106\/10%20Jazyk%20ve%20kter%C3%A9m%20jsou%20vyd%C3%A1v%C3%A1ny%20normy.pdf\/\" target=\"_blank\" rel=\"noopener noreferrer\">10 Language in which standards are issued<\/a><\/p>\n<p><a href=\"https:\/\/unmz.gov.cz\/en\/files\/Z%C3%A1kon%20106\/11%20pln%C4%9Bn%C3%AD%20povinnost%C3%AD%20z%20na%C5%99%C3%ADzen%C3%AD%20EU%20765-2008.pdf\/\" target=\"_blank\" rel=\"noopener noreferrer\">11 compliance with EU Regulation 765-2008<\/a><\/p>\n<p><a href=\"https:\/\/unmz.gov.cz\/en\/files\/Z%C3%A1kon%20106\/12%20P%C5%99eklad%20normy.pdf\/\" target=\"_blank\" rel=\"noopener noreferrer\">12 Translation of the standard<\/a><\/p>\n<p><a href=\"https:\/\/unmz.gov.cz\/en\/files\/Z%C3%A1kon%20106\/13%20Organiza%C4%8Dn%C3%AD%20struktura%20%C3%BA%C5%99adu.docx.pdf\/\" target=\"_blank\" rel=\"noopener noreferrer\">13 Organisational structure of the Authority<\/a><\/p>\n<p><a href=\"https:\/\/unmz.gov.cz\/en\/files\/Z%C3%A1kon%20106\/14%20%C5%BD%C3%A1dost%20o%20poskytnut%C3%AD%20technick%C3%A9%20normy%20%C4%8CSN%2073%200039.pdf\/\" target=\"_blank\" rel=\"noopener noreferrer\">14\u00a0<span class=\"vyskyt\">Request<\/span>\u00a0for the provision of the technical standard CSN 73 0039<\/a><\/p>\n<p><a href=\"https:\/\/unmz.gov.cz\/en\/files\/Z%C3%A1kon%20106\/15%20%C5%BD%C3%A1dost%20o%20poskytnut%C3%AD%20technick%C3%BDch%20norem%20%C4%8CSN%20EN%201717%20a%20%C4%8CSN%2075%205409.pdf\/\" target=\"_blank\" rel=\"noopener noreferrer\">15\u00a0<span class=\"vyskyt\">Request<\/span>\u00a0for the provision of the technical standards \u010cSN EN 1717 and \u010cSN 75 5409<\/a><\/p>\n<p><a href=\"https:\/\/unmz.gov.cz\/en\/files\/Z%C3%A1kon%20106\/16%20%C5%BD%C3%A1dost%20o%20poskytnut%C3%AD%20technick%C3%A9%20normy%20%C4%8CSN%2001%206910%20(2014).pdf\/\" target=\"_blank\" rel=\"noopener noreferrer\">16\u00a0<span class=\"vyskyt\">Request<\/span>\u00a0for the provision of the technical standard CSN 01 6910 (2014)<\/a><\/p>\n<p><a href=\"https:\/\/unmz.gov.cz\/en\/files\/Z%C3%A1kon%20106\/17%20Vym%C3%A1h%C3%A1n%C3%AD%20da%C5%88ov%C3%BDch%20nedoplatk%C5%AF.pdf\/\" target=\"_blank\" rel=\"noopener noreferrer\">17 Recovery of tax arrears<\/a><\/p>\n<p><a href=\"https:\/\/unmz.gov.cz\/en\/files\/Z%C3%A1kon%20106\/18%20Osv%C4%9Bd%C4%8Den%C3%AD%20o%20zp%C5%AFsobilosti%20pracovn%C3%ADk%C5%AF%20AMS.pdf\/\" target=\"_blank\" rel=\"noopener noreferrer\">18 Certificate of competence of AMS personnel<\/a><\/p>\n<p><a href=\"https:\/\/unmz.gov.cz\/en\/files\/Z%C3%A1kon%20106\/19%20Kde%20je%20mo%C5%BEn%C3%A9%20z%C3%ADskat%20opat%C5%99en%C3%AD%20obecn%C3%A9%20povahy.pdf\/\" target=\"_blank\" rel=\"noopener noreferrer\">19 Where to obtain measures of a general nature<\/a><\/p>\n<p><a href=\"https:\/\/unmz.gov.cz\/en\/files\/Z%C3%A1kon%20106\/20%20%C4%8CSN%20EN%2015544.pdf\/\" target=\"_blank\" rel=\"noopener noreferrer\">20 EN 15544<\/a><\/p>\n<p><a href=\"https:\/\/unmz.gov.cz\/en\/files\/Z%C3%A1kon%20106\/21%20Notifikace%20novely%20z%C3%A1kona%20o%20l%C3%A9%C4%8Divech.pdf\/\" target=\"_blank\" rel=\"noopener noreferrer\">21 Notification of the amendment\u00a0<span class=\"vyskyt\">Law<\/span>and on medicines<\/a><\/p>\n<p><strong><u>Archive of questions and answers<\/u><\/strong><\/p>\n<p><strong><u>Overview of questions<\/u><\/strong><\/p>\n<p><a href=\"https:\/\/unmz.gov.cz\/en\/files\/Z%C3%A1kon%20106\/01-V.K.-informace%20o%20subjektu-dotaz.pdf\/\" target=\"_blank\" rel=\"noopener noreferrer\">01-V.K.-information about the subject-question<\/a><\/p>\n<p><a href=\"https:\/\/unmz.gov.cz\/en\/files\/Z%C3%A1kon%20106\/02-D.D.-sm%C4%9Brnice%2098-34-ES-dotaz.pdf\/\" target=\"_blank\" rel=\"noopener noreferrer\">02-D.D.-sm\u011brnice 98-34-ES-dotaz<\/a><\/p>\n<p><a href=\"https:\/\/unmz.gov.cz\/en\/files\/Z%C3%A1kon%20106\/03-L.M.-hospoda%C5%99en%C3%AD-dotaz.pdf\/\" target=\"_blank\" rel=\"noopener noreferrer\">03-L.M.-farming-question<\/a><\/p>\n<p><a href=\"https:\/\/unmz.gov.cz\/en\/files\/Z%C3%A1kon%20106\/04-P.%C4%8C.-nakl%C3%A1d%C3%A1n%C3%AD%20s%20elektroodpadem-dotaz.pdf\/\" target=\"_blank\" rel=\"noopener noreferrer\">04-P.\u010c.-loading with electrical waste-question<\/a><\/p>\n<p><a href=\"https:\/\/unmz.gov.cz\/en\/files\/Z%C3%A1kon%20106\/05-F.N.-normy%20%C4%8CSN-dotaz.pdf\/\" target=\"_blank\" rel=\"noopener noreferrer\">05-F.N.-SN standards-question<\/a><\/p>\n<p><a href=\"https:\/\/unmz.gov.cz\/en\/files\/Z%C3%A1kon%20106\/06-L.V.-v%C3%BDklad%20pojmu%20v%C3%BDrobce-dotaz.pdf\/\" target=\"_blank\" rel=\"noopener noreferrer\">06-L.V.-interpretation of the term manufacturer-question<\/a><\/p>\n<p><a href=\"https:\/\/unmz.gov.cz\/en\/files\/Z%C3%A1kon%20106\/07-J.M.-%C4%8CSN-dotaz.pdf\/\" target=\"_blank\" rel=\"noopener noreferrer\">07-J.M.-CSN-question<\/a><\/p>\n<p><a href=\"https:\/\/unmz.gov.cz\/en\/files\/Z%C3%A1kon%20106\/08-J.M.-%C4%8CSN%20ve%20stavebnictv%C3%AD-dotaz.pdf\/\" target=\"_blank\" rel=\"noopener noreferrer\">08-J.M.-\u010cSN in construction-question.pdf<\/a><\/p>\n<p><a href=\"https:\/\/unmz.gov.cz\/en\/files\/Z%C3%A1kon%20106\/09-M.V.-%C4%8CSN%20ve%20stavebnictv%C3%AD-dotaz.pdf\/\" target=\"_blank\" rel=\"noopener noreferrer\">09-M.V.-\u010cSN in construction-question<\/a><\/p>\n<p><a href=\"https:\/\/unmz.gov.cz\/en\/files\/Z%C3%A1kon%20106\/10-M.V.-ochrann%C3%A1%20z%C3%A1bradl%C3%AD-dotaz.pdf\/\" target=\"_blank\" rel=\"noopener noreferrer\">10-M.V.-guard rails-question<\/a><\/p>\n<p><strong><u>Overview of answers<\/u><\/strong><\/p>\n<p><a href=\"https:\/\/unmz.gov.cz\/en\/files\/Z%C3%A1kon%20106\/01-V.K.-informace%20o%20subjektu-odpoved.pdf\/\" target=\"_blank\" rel=\"noopener noreferrer\">01-V.K.-information about the subject-response<\/a><\/p>\n<p><a href=\"https:\/\/unmz.gov.cz\/en\/files\/Z%C3%A1kon%20106\/02-D.D.-sm%C4%9Brnice%2098-34-ES-odpov%C4%9B%C4%8F.pdf\/\" target=\"_blank\" rel=\"noopener noreferrer\">02-D.D.-sm\u011brnice 98-34-ES-odpov\u011b\u010f<\/a><\/p>\n<p><a href=\"https:\/\/unmz.gov.cz\/en\/files\/Z%C3%A1kon%20106\/03-L.M.-hospoda%C5%99en%C3%AD-odpov%C4%9B%C4%8F.pdf\/\" target=\"_blank\" rel=\"noopener noreferrer\">03-L.M.-management-response<\/a><\/p>\n<p><a href=\"https:\/\/unmz.gov.cz\/en\/files\/Z%C3%A1kon%20106\/04-P.%C4%8C.-nakl%C3%A1d%C3%A1n%C3%AD%20s%20elektroodpadem-odpov%C4%9B%C4%8F.pdf\/\" target=\"_blank\" rel=\"noopener noreferrer\">04-P.\u010c.-Electrical waste disposal-answer<\/a><\/p>\n<p><a href=\"https:\/\/unmz.gov.cz\/en\/files\/Z%C3%A1kon%20106\/05-F.N.-normy%20%C4%8CSN-odpov%C4%9B%C4%8F.pdf\/\" target=\"_blank\" rel=\"noopener noreferrer\">05-F.N.-SN standards-answer<\/a><\/p>\n<p><a href=\"https:\/\/unmz.gov.cz\/en\/files\/Z%C3%A1kon%20106\/06-L.V.-v%C3%BDklad%20pojmu%20v%C3%BDrobce-odpov%C4%9B%C4%8F.pdf\/\" target=\"_blank\" rel=\"noopener noreferrer\">06-L.V.-interpretation of the term manufacturer-answer<\/a><\/p>\n<p><a href=\"https:\/\/unmz.gov.cz\/en\/files\/Z%C3%A1kon%20106\/07-J.M.-%C4%8CSN-odpov%C4%9B%C4%8F.pdf\/\" target=\"_blank\" rel=\"noopener noreferrer\">07-J.M.-CSN-response<\/a><\/p>\n<p><a href=\"https:\/\/unmz.gov.cz\/en\/files\/Z%C3%A1kon%20106\/07-J.M.-%C4%8CSN-odpov%C4%9B%C4%8F%202.pdf\/\" target=\"_blank\" rel=\"noopener noreferrer\">07-J.M.-\u010cSN-response 2.pdf<\/a><\/p>\n<p><a href=\"https:\/\/unmz.gov.cz\/en\/files\/Z%C3%A1kon%20106\/08-J.M.-%C4%8CSN%20ve%20stavebnictv%C3%AD-odpov%C4%9B%C4%8F.pdf\/\" target=\"_blank\" rel=\"noopener noreferrer\">08-J.M.-\u010cSN in construction-answer.pdf<\/a><\/p>\n<p><a href=\"https:\/\/unmz.gov.cz\/en\/files\/Z%C3%A1kon%20106\/09-M.V.-%C4%8CSN%20ve%20stavebnictv%C3%AD-odpov%C4%9B%C4%8F.pdf\/\" target=\"_blank\" rel=\"noopener noreferrer\">09-M.V.-\u010cSN in construction-answer<\/a><\/p>\n<p><a href=\"https:\/\/unmz.gov.cz\/en\/files\/Z%C3%A1kon%20106\/10-M.V.-ochrann%C3%A1%20z%C3%A1bradl%C3%AD-odpov%C4%9B%C4%8F.pdf\/\" target=\"_blank\" rel=\"noopener noreferrer\">10-M.V.-guard rails-answer<\/a><\/p>","protected":false},"excerpt":{"rendered":"<p>P\u0159ehled dotaz\u016f a dopov\u011bd\u00ed: Notifikace Pravidel umis\u0165ov\u00e1n\u00ed reklamy I Notifikace Pravidel umis\u0165ov\u00e1n\u00ed reklamy II notifikace\u00a0z\u00e1kona \u010d. 66-2017 notifikace\u00a0z\u00e1kona \u010d. 262-2019 Sb stanovisko k n\u00e1vrhu francouzsk\u00e9ho\u00a0z\u00e1kona o boji proti nen\u00e1vistn\u00e9mu obsahu na internetu ze srpna 2019 sta\u017een\u00ed notifikace technick\u00e9ho p\u0159edpisu Evropsk\u00e9 komisi \u010d. 2016-664-CZ \u00fadaje o skute\u010dn\u00e9m spot\u0159ebovan\u00e9m mno\u017estv\u00ed paliva pro \u00fa\u010del dle \u00a7 1 vyhl\u00e1\u0161ky [&hellip;]<\/p>\n","protected":false},"author":1,"featured_media":0,"parent":692,"menu_order":3,"comment_status":"closed","ping_status":"closed","template":"","meta":{"_acf_changed":false,"_seopress_robots_primary_cat":"","_seopress_titles_title":"","_seopress_titles_desc":"","_seopress_robots_index":"","_lmt_disableupdate":"","_lmt_disable":"","footnotes":""},"class_list":["post-721","page","type-page","status-publish","hentry"],"acf":[],"_links":{"self":[{"href":"https:\/\/unmz.gov.cz\/en\/wp-json\/wp\/v2\/pages\/721","targetHints":{"allow":["GET"]}}],"collection":[{"href":"https:\/\/unmz.gov.cz\/en\/wp-json\/wp\/v2\/pages"}],"about":[{"href":"https:\/\/unmz.gov.cz\/en\/wp-json\/wp\/v2\/types\/page"}],"author":[{"embeddable":true,"href":"https:\/\/unmz.gov.cz\/en\/wp-json\/wp\/v2\/users\/1"}],"replies":[{"embeddable":true,"href":"https:\/\/unmz.gov.cz\/en\/wp-json\/wp\/v2\/comments?post=721"}],"version-history":[{"count":0,"href":"https:\/\/unmz.gov.cz\/en\/wp-json\/wp\/v2\/pages\/721\/revisions"}],"up":[{"embeddable":true,"href":"https:\/\/unmz.gov.cz\/en\/wp-json\/wp\/v2\/pages\/692"}],"wp:attachment":[{"href":"https:\/\/unmz.gov.cz\/en\/wp-json\/wp\/v2\/media?parent=721"}],"curies":[{"name":"wp","href":"https:\/\/api.w.org\/{rel}","templated":true}]}}