{"id":727,"date":"2023-04-20T09:50:16","date_gmt":"2023-04-20T07:50:16","guid":{"rendered":"http:\/\/unmz-wp.e-bs.cz\/?page_id=727"},"modified":"2026-03-25T06:41:01","modified_gmt":"2026-03-25T05:41:01","slug":"service-mist","status":"publish","type":"page","link":"https:\/\/unmz.gov.cz\/en\/obecne\/uredni-deska\/nabidka-sluzebnich-mist\/","title":{"rendered":"Job vacancies"},"content":{"rendered":"<p>Documents and facts are posted and published on the official Notice Board (Section 26 of the Code of Administrative Procedure) when necessary under the Code of Administrative Procedure.<\/p>\n<p><a href=\"https:\/\/unmz.gov.cz\/wp-content\/uploads\/podminky-vykonu-sluzby_2025.pdf\"><strong>Conditions of service<\/strong><\/a><\/p>\n<p><strong>Civil Service Act:<\/strong><\/p>\n<p><a href=\"https:\/\/unmz.gov.cz\/wp-content\/uploads\/oznameni-vr-4500123124_3.pdf\">Council in the Department of State Testing ID 4500123, 4500124<\/a> + <a href=\"https:\/\/unmz.gov.cz\/wp-content\/uploads\/zadost-o-prijeti-id-4500123124_03.docx\">Application for admission<\/a><\/p>\n<p><strong>Labour Code:<\/strong><\/p>\n<p><a href=\"https:\/\/unmz.gov.cz\/wp-content\/uploads\/oznameni-4100108_09_2025.pdf\"> Council of the Division of Administrative and Professional Activities of the State Examination Department ID 4100108<\/a><\/p>\n<p>Pay scales: <a href=\"https:\/\/unmz.gov.cz\/wp-content\/uploads\/platove-tabulky-zp_corr.pdf\">ZP <\/a>a <a href=\"https:\/\/unmz.gov.cz\/wp-content\/uploads\/platove-tabulky-zss_corr.pdf\">ZSS<\/a><\/p>\n<p><strong>\u00daNMZ offers the following benefits:<\/strong><\/p>\n<p>5 weeks leave,<br \/>\n5 days of sick leave,<br \/>\n5 days of study leave for individual study purposes,<br \/>\n1 day off to take care of personal matters,<br \/>\npart-time option,<br \/>\nafter working, the possibility of performing the service from another location (Home Office),<br \/>\npossibility of further professional education, language courses,<br \/>\nmeal allowance, pension contribution.<\/p>\n<p>&nbsp;<\/p>","protected":false},"excerpt":{"rendered":"<p>Na \u00fa\u0159edn\u00ed desce (\u00a7 26 spr\u00e1vn\u00edho \u0159\u00e1du) jsou vyv\u011b\u0161ov\u00e1ny a zve\u0159ej\u0148ov\u00e1ny p\u00edsemnosti a skute\u010dnosti v\u00a0p\u0159\u00edpadech, kdy je\u00a0to podle spr\u00e1vn\u00edho \u0159\u00e1du nezbytn\u00e9. Podm\u00ednky v\u00fdkonu slu\u017eby Z\u00e1kon o st\u00e1tn\u00ed slu\u017eb\u011b: Rada v odboru st\u00e1tn\u00edho zku\u0161ebnictv\u00ed ID 4500123, 4500124 + \u017d\u00e1dost o p\u0159ijet\u00ed Z\u00e1kon\u00edk pr\u00e1ce: Rada odd\u011blen\u00ed spr\u00e1vn\u00edch a odborn\u00fdch \u010dinnost\u00ed odboru st\u00e1tn\u00edho zku\u0161ebnictv\u00ed ID 4100108 Platov\u00e9 tarify: [&hellip;]<\/p>\n","protected":false},"author":1,"featured_media":0,"parent":724,"menu_order":0,"comment_status":"closed","ping_status":"closed","template":"","meta":{"_acf_changed":false,"_seopress_robots_primary_cat":"","_seopress_titles_title":"","_seopress_titles_desc":"","_seopress_robots_index":"","_lmt_disableupdate":"no","_lmt_disable":"","footnotes":""},"class_list":["post-727","page","type-page","status-publish","hentry"],"acf":[],"_links":{"self":[{"href":"https:\/\/unmz.gov.cz\/en\/wp-json\/wp\/v2\/pages\/727","targetHints":{"allow":["GET"]}}],"collection":[{"href":"https:\/\/unmz.gov.cz\/en\/wp-json\/wp\/v2\/pages"}],"about":[{"href":"https:\/\/unmz.gov.cz\/en\/wp-json\/wp\/v2\/types\/page"}],"author":[{"embeddable":true,"href":"https:\/\/unmz.gov.cz\/en\/wp-json\/wp\/v2\/users\/1"}],"replies":[{"embeddable":true,"href":"https:\/\/unmz.gov.cz\/en\/wp-json\/wp\/v2\/comments?post=727"}],"version-history":[{"count":5,"href":"https:\/\/unmz.gov.cz\/en\/wp-json\/wp\/v2\/pages\/727\/revisions"}],"predecessor-version":[{"id":12395,"href":"https:\/\/unmz.gov.cz\/en\/wp-json\/wp\/v2\/pages\/727\/revisions\/12395"}],"up":[{"embeddable":true,"href":"https:\/\/unmz.gov.cz\/en\/wp-json\/wp\/v2\/pages\/724"}],"wp:attachment":[{"href":"https:\/\/unmz.gov.cz\/en\/wp-json\/wp\/v2\/media?parent=727"}],"curies":[{"name":"wp","href":"https:\/\/api.w.org\/{rel}","templated":true}]}}