{"id":743,"date":"2019-07-10T15:18:37","date_gmt":"2019-07-10T13:18:37","guid":{"rendered":"http:\/\/unmz-wp.e-bs.cz\/?page_id=743"},"modified":"2023-12-28T11:25:05","modified_gmt":"2023-12-28T10:25:05","slug":"guidelines-and-information-for-the-status-unmz-department-and-other-documents-to-settle","status":"publish","type":"page","link":"https:\/\/unmz.gov.cz\/en\/statni-zkusebnictvi\/pokyny-a-informace-odboru-statniho-zkusebnictvi-unmz-a-dalsi-dokumenty-ke-stazeni\/","title":{"rendered":"Instructions and download information"},"content":{"rendered":"<p><strong>Statutes of the coordination groups AO, NO, OS<\/strong><\/p>\n<p>The Authority issues as of 28.12.2023 <a href=\"https:\/\/www.unmz.gov.cz\/wp-content\/uploads\/Statut-koordinacnich-skupin-AO-NO-OS.docx\">Statutes of the coordination groups AO, NO, OS<\/a>.<\/p>\n<p><strong>Guidance for applicants for authorisation\/notification:<\/strong><\/p>\n<ul>\n<li><a href=\"https:\/\/www.unmz.gov.cz\/wp-content\/uploads\/P2-Informacni-povinnost-databaze_UNMZ.pdf\">Instruction P2 Information obligation of the \u00daNMZ database<\/a><\/li>\n<\/ul>\n<p>&nbsp;<\/p>\n<ul>\n<li><em><a href=\"https:\/\/unmz.gov.cz\/en\/files\/zku%C5%A1ebnictv%C3%AD\/Pokyn%20P1_01.01.2020.pdf\/\" target=\"_blank\" rel=\"noopener noreferrer\"><span class=\"vyskyt\">Instruction<\/span>\u00a0P1_01.01.2020.pdf<\/a>\u00a0(818 Kb)<\/em>\n<ul>\n<li><a href=\"https:\/\/www.unmz.gov.cz\/wp-content\/uploads\/P%C5%98%C3%8DLOHA-1-Pokynu-1-01_01_2020.docx\">ANNEX 1\u00a0<span class=\"vyskyt\">Instruction<\/span>u 1_01.01.2020.docx<\/a>\u00a0<em>(29 Kb)<\/em><\/li>\n<li><a href=\"https:\/\/www.unmz.gov.cz\/wp-content\/uploads\/P%C5%98%C3%8DLOHA-2-Pokynu-1-01_01_2020.docx\">ANNEX 2\u00a0<span class=\"vyskyt\">Instruction<\/span>u 1_01.01.2020.docx<\/a><em>\u00a0 (36 Kb)<\/em><\/li>\n<li><a href=\"https:\/\/unmz.gov.cz\/en\/files\/zku%C5%A1ebnictv%C3%AD\/P%C5%98%C3%8DLOHA%203%20Pokynu%201_01.01.2020.docx\/\" target=\"_blank\" rel=\"noopener noreferrer\">ANNEX 3\u00a0<span class=\"vyskyt\">Instruction<\/span>u 1_01.01.2020.docx<\/a><em>\u00a0 (21 Kb)<\/em><\/li>\n<\/ul>\n<\/li>\n<li style=\"list-style-type: none;\"><\/li>\n<\/ul>\n<p><strong>Information from the State Testing Department of the Ministry of Industry and Trade:<\/strong><\/p>\n<ul>\n<li><a href=\"https:\/\/www.unmz.gov.cz\/wp-content\/uploads\/I7_Informace-k-postupu-pri-provadeni-auditu_brezen_2022.pdf\">I7\/March 2022\/Information on the procedure for conducting audits\/inspections in exceptional circumstances<\/a><\/li>\n<li><a href=\"https:\/\/www.unmz.gov.cz\/wp-content\/uploads\/I6_usmerneninavrh_stavo_final.pdf\">I6\/March 2022\/Supervision according to \u00a7 5, \u00a7 5a and \u00a7 6 of Government Regulation No. 163\/2002 Coll. Supervision according to systems 1+, 1 and 2+ of the CPR<\/a><\/li>\n<li><a href=\"https:\/\/www.unmz.gov.cz\/wp-content\/uploads\/I5-Informace-k-vystupnim-dokumentum_AO-3.pdf\">I5\/October 2020\/Information on AO, OS and UNO output documents<\/a><\/li>\n<li><a href=\"https:\/\/www.unmz.gov.cz\/files\/zku\u0161ebnictv\u00ed\/I4Poji\u0161t\u011bn\u00ed2015-08-18web.pdf\" target=\"_blank\" rel=\"noopener noreferrer\">I4\/August 2015\/Insurance AO\/NO\/OS\/UNO<\/a> <em>\/<\/em>PDF 598 kB\/<\/li>\n<li><a href=\"https:\/\/www.unmz.gov.cz\/files\/zku\u0161ebnictv\u00ed\/I3_\u010derven2015_Raz\u00edtkov2_2016_02_12web.pdf\" target=\"_blank\" rel=\"noopener noreferrer\">I3\/February 2016\/Tag AO\/NO\/OS\/UNO<\/a>_rev1 <em>\/PDF 537\/<\/em><\/li>\n<li><a href=\"https:\/\/unmz.gov.cz\/en\/files\/zku\u0161ebnictv\u00ed\/I2Subdodavatel\u00e9_\u010dervenec2015Informace%20ke%20kontrol\u00e1mFINAL.pdf\/\" target=\"_blank\" rel=\"noopener noreferrer\">I2\/July 2015\/Subcontractors and external experts AO\/NO\/OS<\/a> <em>\/PDF 786 kB\/<\/em><\/li>\n<li><a href=\"https:\/\/unmz.gov.cz\/en\/files\/zku\u0161ebnictv\u00ed\/I1_unor2015_Informace%20ke%20kontrol\u00e1mFINAL.pdf\/\" target=\"_blank\" rel=\"noopener noreferrer\">I1\/February 2015\/Information on the control of authorised\/notified persons, notified bodies and recognised independent organisations<\/a> <em>\/PDF 607 kB\/<\/em><\/li>\n<\/ul>","protected":false},"excerpt":{"rendered":"<p>Statut koordina\u010dn\u00edch skupin AO, NO, OS \u00da\u0159ad vyd\u00e1v\u00e1 k 28.12.2023 Statut koordina\u010dn\u00edch skupina AO, NO, OS. Pokyn pro \u017eadatele o autorizaci\/ozn\u00e1men\u00ed: Pokyn P2 Informa\u010dn\u00ed povinnost datab\u00e1ze \u00daNMZ &nbsp; Pokyn\u00a0P1_01.01.2020.pdf\u00a0(818 Kb) P\u0158\u00cdLOHA 1\u00a0Pokynu 1_01.01.2020.docx\u00a0(29 Kb) P\u0158\u00cdLOHA 2\u00a0Pokynu 1_01.01.2020.docx\u00a0 (36 Kb) P\u0158\u00cdLOHA 3\u00a0Pokynu 1_01.01.2020.docx\u00a0 (21 Kb) Informace odboru st\u00e1tn\u00edho zku\u0161ebnictv\u00ed \u00daNMZ: I7\/b\u0159ezen 2022\/Informace k postupu p\u0159i prov\u00e1d\u011bn\u00ed [&hellip;]<\/p>\n","protected":false},"author":2,"featured_media":0,"parent":21,"menu_order":0,"comment_status":"closed","ping_status":"closed","template":"","meta":{"_acf_changed":false,"_seopress_robots_primary_cat":"","_seopress_titles_title":"","_seopress_titles_desc":"","_seopress_robots_index":"","_lmt_disableupdate":"no","_lmt_disable":"","footnotes":""},"class_list":["post-743","page","type-page","status-publish","hentry"],"acf":[],"_links":{"self":[{"href":"https:\/\/unmz.gov.cz\/en\/wp-json\/wp\/v2\/pages\/743","targetHints":{"allow":["GET"]}}],"collection":[{"href":"https:\/\/unmz.gov.cz\/en\/wp-json\/wp\/v2\/pages"}],"about":[{"href":"https:\/\/unmz.gov.cz\/en\/wp-json\/wp\/v2\/types\/page"}],"author":[{"embeddable":true,"href":"https:\/\/unmz.gov.cz\/en\/wp-json\/wp\/v2\/users\/2"}],"replies":[{"embeddable":true,"href":"https:\/\/unmz.gov.cz\/en\/wp-json\/wp\/v2\/comments?post=743"}],"version-history":[{"count":0,"href":"https:\/\/unmz.gov.cz\/en\/wp-json\/wp\/v2\/pages\/743\/revisions"}],"up":[{"embeddable":true,"href":"https:\/\/unmz.gov.cz\/en\/wp-json\/wp\/v2\/pages\/21"}],"wp:attachment":[{"href":"https:\/\/unmz.gov.cz\/en\/wp-json\/wp\/v2\/media?parent=743"}],"curies":[{"name":"wp","href":"https:\/\/api.w.org\/{rel}","templated":true}]}}