{"id":771,"date":"2019-07-10T16:08:34","date_gmt":"2019-07-10T14:08:34","guid":{"rendered":"http:\/\/unmz-wp.e-bs.cz\/?page_id=771"},"modified":"2025-05-21T13:25:56","modified_gmt":"2025-05-21T11:25:56","slug":"information-portal-unmz","status":"publish","type":"page","link":"https:\/\/unmz.gov.cz\/en\/statni-zkusebnictvi\/informacni-portal-unmz\/","title":{"rendered":"Information portal - Regulations and standards"},"content":{"rendered":"<table class=\"w\" style=\"width: 742px; height: 959px;\" border=\"0\" width=\"100%\" cellspacing=\"0\" cellpadding=\"0\">\n<tbody>\n<tr style=\"height: 608px;\">\n<td style=\"height: 608px;\"><\/td>\n<td style=\"height: 608px;\">\n<h2>1. Information portal - Placing products on the market<\/h2>\n<p>This\u00a0<strong> information portal <u><a href=\"https:\/\/www.nlfnorm.cz\/informacni-portal\">Placing products on the market<\/a><\/u><\/strong> provides users with detailed information on testing and standardisation, including technical harmonisation. The portal is designed not only for SMEs, but will provide comprehensive information for testing bodies, standardisation professionals, consumers and manufacturers and other stakeholders. Access to the portal is free of charge for all users.<\/p>\n<h2><\/h2>\n<h2><\/h2>\n<h2 style=\"margin-top: 30.0pt;\">2. Information portal - Regulations and standards (harmonised and designated)<\/h2>\n<p style=\"text-align: right;\"><strong><u><a href=\"http:\/\/www.sgpstandard.cz\/editor\/files\/tech_poz\/aktualizace.htm\">update archive<\/a><\/u><\/strong><\/p>\n<ul>\n<li><strong><u><a href=\"http:\/\/www.nlfnorm.cz\/normy\/475\/databaze-harmonizovanych-norem-477\">Database of harmonised standards<\/a><\/u><\/strong><strong>\u00a0<\/strong>(+ version\u00a0<strong><u><a href=\"http:\/\/www.nlfnorm.cz\/en\/normy\/475\/databaze-harmonizovanych-norem-480\">English<\/a><\/u><\/strong>\u00a0+\u00a0<strong><u><a href=\"http:\/\/www.sgpstandard.cz\/editor\/files\/manual\/manual_1.doc\">manual<\/a><\/u>\u00a0+\u00a0<u><a href=\"http:\/\/www.nlfnorm.cz\/normy\/480\/shrnuti-zmen-provedenych-v-aktualnim-prehledu-norem-481\">monthly updates<\/a><\/u><\/strong>) Includes all harmonised standards except for ecodesign standards and energy labels for appliances. The Czech and English versions can be searched by part of the name of the standard or by the number of the standard, and by other criteria when selecting \"Detailed search\".<\/li>\n<li><strong><u><a href=\"http:\/\/www.nlfnorm.cz\/normy\/556\/harmonizovane-normy-rozdelene-podle-oblasti\">Harmonised standards and regulations by sector and area<\/a><\/u><\/strong><strong>\u00a0<\/strong>(+ version\u00a0<strong><u><a href=\"http:\/\/www.nlfnorm.cz\/en\/normy\/556\/harmonizovane-normy-rozdelene-podle-oblasti\">English<\/a><\/u><\/strong>) For quick reference, harmonised standards can be opened from sectors arranged alphabetically.<\/li>\n<li><strong><u><a href=\"http:\/\/www.sgpstandard.cz\/editor\/files\/tech_poz\/eko.htm\">Harmonised standards and regulations for ecodesign and energy labelling of appliances<\/a><\/u><\/strong><br \/>\nUpdated lists of harmonized CSNs can be opened for the given regulations.<\/li>\n<li><strong><u><a href=\"http:\/\/www.sgpstandard.cz\/editor\/files\/tech_poz\/nehen.htm\">Specified CSNs published for Czech regulations in the Bulletin of the Ministry of Industry and Trade<\/a><\/u><\/strong><br \/>\nUpdated lists of specified CSNs not only for specified products to Act No. 22\/1997 Coll., but also for other Czech regulations.<\/li>\n<li><a href=\"http:\/\/www.sgpstandard.cz\/editor\/files\/tech_poz\/sektor_dalsi_22.htm\"><strong>Other harmonisation regulations for which harmonised standards have not yet been published<\/strong><\/a><\/li>\n<li><strong><u><a href=\"https:\/\/www.unmz.gov.cz\/wp-content\/uploads\/Zru%C5%A1en%C3%A9-harmonizovan%C3%A9-normy-stanovisko-%C3%9ANMZ.pdf\">Repealed harmonised standards - opinion of the Ministry of Industry and Trade<\/a><\/u><\/strong><\/li>\n<\/ul>\n<\/td>\n<\/tr>\n<tr style=\"height: 56px;\">\n<td style=\"height: 56px;\">\n<p align=\"left\">\n<\/td>\n<td style=\"height: 56px;\"><\/td>\n<\/tr>\n<tr style=\"height: 56px;\">\n<td style=\"height: 56px;\"><\/td>\n<\/tr>\n<\/tbody>\n<\/table>\n<h2>3. Information portal - Building products<\/h2>\n<p><!--more--><\/p>","protected":false},"excerpt":{"rendered":"<p>1. Informa\u010dn\u00ed port\u00e1l - Uv\u00e1d\u011bn\u00ed v\u00fdrobk\u016f na trh Tento\u00a0 informa\u010dn\u00ed port\u00e1l Uv\u00e1d\u011bn\u00ed v\u00fdrobk\u016f na trh poskytuje u\u017eivatel\u016fm podrobn\u00e9 informace z oblasti zku\u0161ebnictv\u00ed a standardizace v\u010detn\u011b technick\u00e9 harmonizace. Port\u00e1l je ur\u010den nejen pro mal\u00e9 a st\u0159edn\u00ed podniky, ale poskytne ucelen\u00e9 informace zku\u0161ebn\u00e1m, odborn\u00edk\u016fm ve standardizaci, spot\u0159ebitel\u016fm a v\u00fdrobc\u016fm a dal\u0161\u00edm zainteresovan\u00fdm stran\u00e1m. P\u0159\u00edstup k port\u00e1lu je [&hellip;]<\/p>\n","protected":false},"author":2,"featured_media":0,"parent":21,"menu_order":0,"comment_status":"closed","ping_status":"closed","template":"sitemap.php","meta":{"_acf_changed":false,"_seopress_robots_primary_cat":"","_seopress_titles_title":"","_seopress_titles_desc":"","_seopress_robots_index":"","_lmt_disableupdate":"no","_lmt_disable":"","footnotes":""},"class_list":["post-771","page","type-page","status-publish","hentry"],"acf":[],"_links":{"self":[{"href":"https:\/\/unmz.gov.cz\/en\/wp-json\/wp\/v2\/pages\/771","targetHints":{"allow":["GET"]}}],"collection":[{"href":"https:\/\/unmz.gov.cz\/en\/wp-json\/wp\/v2\/pages"}],"about":[{"href":"https:\/\/unmz.gov.cz\/en\/wp-json\/wp\/v2\/types\/page"}],"author":[{"embeddable":true,"href":"https:\/\/unmz.gov.cz\/en\/wp-json\/wp\/v2\/users\/2"}],"replies":[{"embeddable":true,"href":"https:\/\/unmz.gov.cz\/en\/wp-json\/wp\/v2\/comments?post=771"}],"version-history":[{"count":5,"href":"https:\/\/unmz.gov.cz\/en\/wp-json\/wp\/v2\/pages\/771\/revisions"}],"predecessor-version":[{"id":11319,"href":"https:\/\/unmz.gov.cz\/en\/wp-json\/wp\/v2\/pages\/771\/revisions\/11319"}],"up":[{"embeddable":true,"href":"https:\/\/unmz.gov.cz\/en\/wp-json\/wp\/v2\/pages\/21"}],"wp:attachment":[{"href":"https:\/\/unmz.gov.cz\/en\/wp-json\/wp\/v2\/media?parent=771"}],"curies":[{"name":"wp","href":"https:\/\/api.w.org\/{rel}","templated":true}]}}