{"id":797,"date":"2019-07-10T16:24:56","date_gmt":"2019-07-10T14:24:56","guid":{"rendered":"http:\/\/unmz-wp.e-bs.cz\/?page_id=797"},"modified":"2022-01-09T12:14:03","modified_gmt":"2022-01-09T11:14:03","slug":"list-of-government-designations-to-implement-law-c-90-2016-en-about-assessing-the-conformity-of-specified-products-when-delivering-them-to-the-market-2","status":"publish","type":"page","link":"https:\/\/unmz.gov.cz\/en\/obecne\/pravni-predpisy\/seznam-narizeni-vlady-k-provedeni-zakona-c-90-2016-sb-o-posuzovani-shody-stanovenych-vyrobku-pri-jejich-dodavani-na-trh\/","title":{"rendered":"List of Government Orders implementing Act No. 90\/2016 Coll., on the Assessment of Conformity of Specified Products When Making Them Available on the Market"},"content":{"rendered":"<p>Please note: Links to legal texts will open in a new browser window (in the Czech language only).<\/p>\n<ol>\n<li>Government Order\u00a0<a href=\"https:\/\/aplikace.mv.gov.cz\/sbirka-zakonu\/ViewFile.aspx?type=c&amp;id=18012\">No. 96\/2016 Coll.,<\/a>\u00a0\/PDF 2 MB\/\u00a0<b>on Recreational Craft and Personal Watercrafts<\/b>\u00a0(2013\/53\/EU)<\/li>\n<li>Government Order\u00a0<a href=\"https:\/\/aplikace.mv.gov.cz\/sbirka-zakonu\/ViewFile.aspx?type=c&amp;id=18014\" target=\"https:\/\/aplikace.mv.gov.cz\/sbirka-zakonu\/ViewFile.aspx?type=c&amp;id=18014\" rel=\"noopener noreferrer\">No. 97\/2016 Coll.,<\/a>\u00a0\/PDF 2 MB\/ on Technical Requirements for\u00a0<strong>Explosives<\/strong>\u00a0(2014\/28\/EU)<\/li>\n<li>Government Order\u00a0<a href=\"https:\/\/aplikace.mv.gov.cz\/sbirka-zakonu\/ViewFile.aspx?type=c&amp;id=19018\" target=\"https:\/\/aplikace.mv.gov.cz\/sbirka-zakonu\/ViewFile.aspx?type=c&amp;id=19018\" rel=\"noopener noreferrer\">No. 116\/2016 Coll.,<\/a>\u00a0\/PDF 4 MB\/ on Conformity Assessment\u00a0<strong>of Equipment and Protective Systems Intended for Use in Potentially Explosive Atmospheres<\/strong>\u00a0When Making Them Available on the Market (2014\/34\/EU)<\/li>\n<li>Government Order\u00a0<a href=\"https:\/\/aplikace.mv.gov.cz\/sbirka-zakonu\/ViewFile.aspx?type=c&amp;id=19018\" target=\"https:\/\/aplikace.mv.gov.cz\/sbirka-zakonu\/ViewFile.aspx?type=c&amp;id=19018\" rel=\"noopener noreferrer\">No. 117\/2016 Coll.,<\/a>\u00a0\/PDF 4 MB\/ on conformity assessment of products with regard to\u00a0<strong>electromagnetic compatibility<\/strong>\u00a0when making them available on the market (2014\/30\/EU)<\/li>\n<li>Government Order\u00a0<a href=\"https:\/\/aplikace.mv.gov.cz\/sbirka-zakonu\/ViewFile.aspx?type=c&amp;id=19018\" target=\"https:\/\/aplikace.mv.gov.cz\/sbirka-zakonu\/ViewFile.aspx?type=c&amp;id=19018\" rel=\"noopener noreferrer\">No. 118\/2016 Coll.,<\/a>\u00a0\/PDF 4 MB\/ on Conformity Assessment<b>\u00a0of Electrical Equipment Designed for Use Within Certain Voltage Limits\u00a0<\/b>When Making Them Available on the Market (2014\/35\/EU)<\/li>\n<li>Government Order\u00a0<a href=\"https:\/\/aplikace.mv.gov.cz\/sbirka-zakonu\/ViewFile.aspx?type=c&amp;id=19018\" target=\"https:\/\/aplikace.mv.gov.cz\/sbirka-zakonu\/ViewFile.aspx?type=c&amp;id=19018\" rel=\"noopener noreferrer\">No. 119\/2016 Coll.,<\/a>\u00a0\/PDF 4 MB\/ on Conformity Assessment\u00a0<strong>of Simple Pressure Vessels<\/strong>\u00a0When Making Them Available on the Market (2014\/29\/EU)<\/li>\n<li>Government Order\u00a0<a href=\"https:\/\/aplikace.mv.gov.cz\/sbirka-zakonu\/ViewFile.aspx?type=c&amp;id=19019\" target=\"https:\/\/aplikace.mv.gov.cz\/sbirka-zakonu\/ViewFile.aspx?type=c&amp;id=19019\" rel=\"noopener noreferrer\">No. 120\/2016 Coll.,<\/a>\u00a0\/PDF 6 MB\/ on Conformity Assessment\u00a0<strong>measuring instruments<\/strong>\u00a0When Making Them Available on the Market (2014\/32\/EU), as amended by Government Order\u00a0<a href=\"https:\/\/unmz.gov.cz\/en\/files\/pr%C3%A1vn%C3%AD%20p%C5%99edpisy%20zku%C5%A1ebnictv%C3%AD\/96,%2097-2017.pdf\/\" target=\"_blank\" rel=\"noopener noreferrer\">No. 96\/2017 Coll.<\/a><\/li>\n<li>Government Order\u00a0<a href=\"https:\/\/aplikace.mv.gov.cz\/sbirka-zakonu\/ViewFile.aspx?type=c&amp;id=19020\" target=\"https:\/\/aplikace.mv.gov.cz\/sbirka-zakonu\/ViewFile.aspx?type=c&amp;id=19020\" rel=\"noopener noreferrer\">No. 121\/2016 Coll.,<\/a>\u00a0\/PDF 4 MB\/ on Conformity Assessment\u00a0<strong>of Non-automatic Weighing Instruments<\/strong>\u00a0When Making Them Available on the Market (2014\/31\/EU)<\/li>\n<li>Government Order\u00a0<a href=\"https:\/\/aplikace.mv.gov.cz\/sbirka-zakonu\/ViewFile.aspx?type=c&amp;id=19020\" target=\"https:\/\/aplikace.mv.gov.cz\/sbirka-zakonu\/ViewFile.aspx?type=c&amp;id=19020\" rel=\"noopener noreferrer\">No. 122\/2016 Coll.<\/a>\u00a0\/PDF 4 MB\/ on Conformity Assessment\u00a0<strong>Lifts<\/strong>\u00a0and Safety components for Lifts (2014\/33\/EU)<\/li>\n<li>Government Order No.\u00a0<a href=\"https:\/\/unmz.gov.cz\/en\/files\/zku%C5%A1ebnictv%C3%AD\/NV%20219_2016%20Sb%20(PED).pdf\/\" target=\"_blank\" rel=\"noopener noreferrer\">219\/2016 Coll.,<\/a>\u00a0\/PDF 6 MB\/ on Conformity Assessment\u00a0<strong>of Pressure Equipment<\/strong>\u00a0When Making Them Available on the Market (2014\/68\/EU)<\/li>\n<li>Government Order No.\u00a0<a href=\"https:\/\/unmz.gov.cz\/en\/files\/zku%C5%A1ebnictv%C3%AD\/sb0135-2016.pdf\/\" target=\"_blank\" rel=\"noopener noreferrer\">345\/2016 Coll.,<\/a>on Marine Equipment (2014\/90\/EU) (PDF 1,98 MB)<\/li>\n<li>Government Order No.\u00a0<a href=\"https:\/\/unmz.gov.cz\/en\/files\/zku%C5%A1ebnictv%C3%AD\/sb0174-2016%20r%C3%A1diov%C3%A1%20za%C5%99%C3%ADzen%C3%AD.pdf\/\" target=\"_blank\" rel=\"noopener noreferrer\">426\/2016 Coll.,<\/a>on Conformity Assessment of Radio Equipment When Making Them Available on the Market (2014\/53\/EU), as amended by Government<br \/>\nOrder No. <a href=\"https:\/\/www.unmz.gov.cz\/wp-content\/uploads\/499_2021-2.pdf\">499\/2021 Coll.<\/a><\/li>\n<\/ol>\n<p>&nbsp;<\/p>\n<p>Last update: 9. 1. 2022<\/p>\n<p>Note:<\/p>\n<p>The numbers of the EU Directives that are transposed by the government orders are given in brackets. The full transposition of these directives is achieved by combining the relevant provisions of the government order with the provisions of Act No. 90\/2016 Coll.<\/p>","protected":false},"excerpt":{"rendered":"<p>Upozorn\u011bn\u00ed: Odkazy na texty pr\u00e1vn\u00edch p\u0159edpis\u016f se otev\u00edraj\u00ed v nov\u00e9m okn\u011b prohl\u00ed\u017ee\u010de. Na\u0159\u00edzen\u00ed vl\u00e1dy\u00a0\u010d. 96\/2016 Sb.\u00a0\/PDF 2 MB\/ o\u00a0rekrea\u010dn\u00edch plavidlech a vodn\u00edch sk\u00fatrech\u00a0(2013\/53\/EU) Na\u0159\u00edzen\u00ed vl\u00e1dy\u00a0\u010d. 97\/2016 Sb.\u00a0\/PDF 2 MB\/ o technick\u00fdch po\u017eadavc\u00edch na\u00a0v\u00fdbu\u0161niny\u00a0(2014\/28\/EU) Na\u0159\u00edzen\u00ed vl\u00e1dy\u00a0\u010d. 116\/2016 Sb.\u00a0\/PDF 4 MB\/ o posuzov\u00e1n\u00ed shody\u00a0za\u0159\u00edzen\u00ed a ochrann\u00fdch syst\u00e9m\u016f ur\u010den\u00fdch k\u00a0pou\u017eit\u00ed v\u00a0prost\u0159ed\u00ed s\u00a0nebezpe\u010d\u00edm v\u00fdbuchu\u00a0p\u0159i jejich dod\u00e1v\u00e1n\u00ed na trh (2014\/34\/EU) [&hellip;]<\/p>\n","protected":false},"author":1,"featured_media":0,"parent":785,"menu_order":0,"comment_status":"closed","ping_status":"closed","template":"","meta":{"_acf_changed":false,"_seopress_robots_primary_cat":"","_seopress_titles_title":"","_seopress_titles_desc":"","_seopress_robots_index":"","_lmt_disableupdate":"","_lmt_disable":"","footnotes":""},"class_list":["post-797","page","type-page","status-publish","hentry"],"acf":[],"_links":{"self":[{"href":"https:\/\/unmz.gov.cz\/en\/wp-json\/wp\/v2\/pages\/797","targetHints":{"allow":["GET"]}}],"collection":[{"href":"https:\/\/unmz.gov.cz\/en\/wp-json\/wp\/v2\/pages"}],"about":[{"href":"https:\/\/unmz.gov.cz\/en\/wp-json\/wp\/v2\/types\/page"}],"author":[{"embeddable":true,"href":"https:\/\/unmz.gov.cz\/en\/wp-json\/wp\/v2\/users\/1"}],"replies":[{"embeddable":true,"href":"https:\/\/unmz.gov.cz\/en\/wp-json\/wp\/v2\/comments?post=797"}],"version-history":[{"count":0,"href":"https:\/\/unmz.gov.cz\/en\/wp-json\/wp\/v2\/pages\/797\/revisions"}],"up":[{"embeddable":true,"href":"https:\/\/unmz.gov.cz\/en\/wp-json\/wp\/v2\/pages\/785"}],"wp:attachment":[{"href":"https:\/\/unmz.gov.cz\/en\/wp-json\/wp\/v2\/media?parent=797"}],"curies":[{"name":"wp","href":"https:\/\/api.w.org\/{rel}","templated":true}]}}