{"id":816,"date":"2019-07-10T16:43:38","date_gmt":"2019-07-10T14:43:38","guid":{"rendered":"http:\/\/unmz-wp.e-bs.cz\/?page_id=816"},"modified":"2019-07-10T16:43:38","modified_gmt":"2019-07-10T14:43:38","slug":"regulation-eu-c-305-2011-conditions-for-introduction-of-construction-products-to-the-market","status":"publish","type":"page","link":"https:\/\/unmz.gov.cz\/en\/obecne\/pravni-predpisy\/primo-platne-predpisy-eu-z-oblasti-tykajici-se-pusobnosti-unmz\/narizeni-eu-c-305-2011-podminky-pro-uvadeni-stavebnich-vyrobku-na-trh\/","title":{"rendered":"EU REGULATION No 305\/2011 - Conditions for the marketing of construction products"},"content":{"rendered":"<ul>\n<li><a href=\"http:\/\/eur-lex.europa.eu\/LexUriServ\/LexUriServ.do?uri=OJ:L:2011:088:0005:0043:CS:PDF\"><b><span style=\"color: navy;\">REGULATION (EU) No 305\/2011 OF THE EUROPEAN PARLIAMENT AND OF THE COUNCIL<\/span><\/b>\u00a0laying down harmonised conditions for the marketing of construction products and repealing Council Directive 89\/106\/EEC (PDF 1,07 MB)<\/a><b><br \/>\n<\/b><\/li>\n<li><a href=\"http:\/\/eur-lex.europa.eu\/LexUriServ\/LexUriServ.do?uri=OJ:L:2013:103:0010:0014:CS:PDF\"><strong>Corrigendum to Regulation (EU) No 305\/2011 of the European Parliament and of the Council<\/strong>laying down harmonised conditions for the marketing of construction products and repealing Council Directive 89\/106\/EEC (PDF 742 kB)<\/a><\/li>\n<li><a href=\"https:\/\/unmz.gov.cz\/en\/files\/zku%C5%A1ebnictv%C3%AD\/Pracovn%C3%AD%20text%20platn%C3%A9ho%20zn%C4%9Bn%C3%AD.pdf\/\" target=\"_blank\" rel=\"noopener noreferrer\"><b><span style=\"color: navy;\">Working text of the current version\u00a0<\/span><\/b><b><span style=\"color: navy;\">Regulation (EU) No 305\/2011 of the European Parliament and of the Council<\/span>\u00a0<\/b>of 9 March 2011 laying down harmonised conditions for the marketing of construction products and repealing Council Directive 89\/106\/EEC, as amended by\u00a0<b><span style=\"color: navy;\">as corrected by Official Journal of the European Union L 103\/10 of 12 April 2013<\/span><\/b><\/a>\u00a0(PDF 522 kB)<\/li>\n<\/ul>","protected":false},"excerpt":{"rendered":"<p>NA\u0158\u00cdZEN\u00cd EVROPSK\u00c9HO PARLAMENTU A RADY (EU) \u010d. 305\/2011\u00a0kter\u00fdm se stanov\u00ed harmonizovan\u00e9 podm\u00ednky pro uv\u00e1d\u011bn\u00ed stavebn\u00edch v\u00fdrobk\u016f na trh a kter\u00fdm se zru\u0161uje sm\u011brnice Rady 89\/106\/EHS (PDF 1,07 MB) Oprava na\u0159\u00edzen\u00ed Evropsk\u00e9ho parlamentu a Rady (EU) \u010d. 305\/2011, kter\u00fdm se stanov\u00ed harmonizovan\u00e9 podm\u00ednky pro uv\u00e1d\u011bn\u00ed stavebn\u00edch v\u00fdrobk\u016f na trh a kter\u00fdm se zru\u0161uje sm\u011brnice Rady 89\/106\/EHS [&hellip;]<\/p>\n","protected":false},"author":1,"featured_media":0,"parent":810,"menu_order":0,"comment_status":"closed","ping_status":"closed","template":"","meta":{"_acf_changed":false,"_seopress_robots_primary_cat":"","_seopress_titles_title":"","_seopress_titles_desc":"","_seopress_robots_index":"","_seopress_analysis_target_kw":"","_lmt_disableupdate":"","_lmt_disable":"","footnotes":""},"class_list":["post-816","page","type-page","status-publish","hentry"],"acf":[],"_links":{"self":[{"href":"https:\/\/unmz.gov.cz\/en\/wp-json\/wp\/v2\/pages\/816","targetHints":{"allow":["GET"]}}],"collection":[{"href":"https:\/\/unmz.gov.cz\/en\/wp-json\/wp\/v2\/pages"}],"about":[{"href":"https:\/\/unmz.gov.cz\/en\/wp-json\/wp\/v2\/types\/page"}],"author":[{"embeddable":true,"href":"https:\/\/unmz.gov.cz\/en\/wp-json\/wp\/v2\/users\/1"}],"replies":[{"embeddable":true,"href":"https:\/\/unmz.gov.cz\/en\/wp-json\/wp\/v2\/comments?post=816"}],"version-history":[{"count":0,"href":"https:\/\/unmz.gov.cz\/en\/wp-json\/wp\/v2\/pages\/816\/revisions"}],"up":[{"embeddable":true,"href":"https:\/\/unmz.gov.cz\/en\/wp-json\/wp\/v2\/pages\/810"}],"wp:attachment":[{"href":"https:\/\/unmz.gov.cz\/en\/wp-json\/wp\/v2\/media?parent=816"}],"curies":[{"name":"wp","href":"https:\/\/api.w.org\/{rel}","templated":true}]}}