{"id":846,"date":"2019-07-10T17:06:01","date_gmt":"2019-07-10T15:06:01","guid":{"rendered":"http:\/\/unmz-wp.e-bs.cz\/?page_id=846"},"modified":"2025-06-26T13:15:19","modified_gmt":"2025-06-26T11:15:19","slug":"contact","status":"publish","type":"page","link":"https:\/\/unmz.gov.cz\/en\/obecne\/kontakty\/","title":{"rendered":"CONTACTS"},"content":{"rendered":"<table class=\"table\" style=\"width: 46.2921%; height: 456px;\">\n<tbody>\n<tr style=\"height: 24px;\">\n<td style=\"width: 83.8324%; height: 24px;\" colspan=\"3\" valign=\"top\" width=\"614\"><b>Czech Office for Standards, Metrology and Testing<\/b><\/td>\n<\/tr>\n<tr style=\"height: 24px;\">\n<td style=\"width: 34.5426%; height: 24px;\" valign=\"top\" width=\"215\">Registered office:<\/td>\n<td style=\"width: 49.2898%; height: 24px;\" colspan=\"2\" valign=\"top\" width=\"399\">Biskupsk\u00fd dv\u016fr 1148\/5, 110 00 Prague 1<\/td>\n<\/tr>\n<tr style=\"height: 24px;\">\n<td style=\"width: 34.5426%; height: 24px;\" valign=\"top\" width=\"215\">Delivery address:<\/td>\n<td style=\"width: 49.2898%; height: 24px;\" colspan=\"2\" valign=\"top\" width=\"399\">Biskupsk\u00fd dv\u016fr 1148\/5, 110 00 Prague 1<\/td>\n<\/tr>\n<tr style=\"height: 24px;\">\n<td style=\"width: 34.5426%; height: 24px;\" valign=\"top\" width=\"215\">E-mail:<b><\/b><\/td>\n<td style=\"width: 49.2898%; height: 24px;\" colspan=\"2\" valign=\"top\" width=\"399\"><a href=\"mailto:unmz@unmz.gov.cz\">unmz@unmz.gov.cz<\/a><b><\/b><\/td>\n<\/tr>\n<tr style=\"height: 24px;\">\n<td style=\"width: 34.5426%; height: 24px;\" valign=\"top\" width=\"215\">Mailroom:<b><\/b><\/td>\n<td style=\"width: 49.2898%; height: 24px;\" colspan=\"2\" valign=\"top\" width=\"399\">Mon - Fri: 08:00 - 12:00 until further notice<\/td>\n<\/tr>\n<tr style=\"height: 24px;\">\n<td style=\"width: 34.5426%; height: 24px;\" valign=\"top\" width=\"215\">Electronic mailroom:<b><\/b><\/td>\n<td style=\"height: 24px; width: 49.2898%;\" colspan=\"2\" valign=\"top\" width=\"399\"><a href=\"mailto:podatelna@unmz.gov.cz\">podatelna@unmz.gov.cz<\/a><\/td>\n<\/tr>\n<tr>\n<td style=\"width: 34.5426%;\">Data box:<\/td>\n<td style=\"width: 49.2898%;\" colspan=\"2\">zdkaa2i<\/td>\n<\/tr>\n<tr style=\"height: 24px;\">\n<td style=\"width: 83.8324%; height: 24px;\" colspan=\"3\" valign=\"top\" width=\"215\">Telephone lines for direct dialling - see\u00a0<a href=\"\/en\/o-uradu\/phone-list\/\">About the Office\/Contacts<\/a><\/td>\n<\/tr>\n<tr style=\"height: 24px;\">\n<td style=\"width: 83.8324%; height: 24px;\" colspan=\"3\" valign=\"top\" width=\"215\"><\/td>\n<\/tr>\n<tr style=\"height: 120px;\">\n<td style=\"width: 34.5426%; height: 120px;\" width=\"215\">CAS (Czech Standardization Agency) Customer Centre <strong>(ATTENTION - the Customer Centre provides information only in the field of technical standardisation)<\/strong><\/td>\n<td style=\"width: 49.2898%; height: 120px;\" colspan=\"2\" valign=\"top\" width=\"399\">Visiting hours: Mon - Fri: 8:00 - 12:00, 13:00 - 15:00 Tel. 221 802 802<\/td>\n<\/tr>\n<tr style=\"height: 24px;\">\n<td style=\"width: 34.5426%; height: 24px;\" width=\"215\">E-mail:<\/td>\n<td style=\"width: 49.2898%; height: 24px;\" colspan=\"2\" width=\"399\"><a href=\"mailto:info@agenturacas.gov.cz\">info@agenturacas.gov.cz<\/a><\/td>\n<\/tr>\n<tr style=\"height: 24px;\">\n<td style=\"width: 83.8324%; height: 24px;\" colspan=\"3\" valign=\"top\" width=\"215\"><\/td>\n<\/tr>\n<tr style=\"height: 24px;\">\n<td style=\"width: 83.8324%; height: 24px;\" colspan=\"3\" valign=\"top\" width=\"614\"><\/td>\n<\/tr>\n<\/tbody>\n<\/table>\n<table border=\"0\" cellspacing=\"0\" cellpadding=\"0\">\n<tbody>\n<tr>\n<td valign=\"top\"><strong>Biskupsk\u00fd dv\u016fr 1148\/5, Prague 1<\/strong><strong>110 00 Prague 1 - New Town<\/strong><\/td>\n<\/tr>\n<tr>\n<td><iframe loading=\"lazy\" style=\"border: none;\" src=\"https:\/\/frame.mapy.cz\/s\/capavusadu\" width=\"700\" height=\"466\" frameborder=\"0\"><\/iframe><\/td>\n<\/tr>\n<\/tbody>\n<\/table>","protected":false},"excerpt":{"rendered":"<p>\u00da\u0159ad pro technickou normalizaci, metrologii a st\u00e1tn\u00ed zku\u0161ebnictv\u00ed S\u00eddlo: Biskupsk\u00fd dv\u016fr 1148\/5, 110 00\u00a0 Praha 1 Doru\u010dovac\u00ed adresa: Biskupsk\u00fd dv\u016fr 1148\/5, 110 00\u00a0 Praha 1 E-mail: unmz@unmz.gov.cz Podatelna: Po - P\u00e1: 08:00 - 12:00 do odvol\u00e1n\u00ed Elektronick\u00e1 podatelna: podatelna@unmz.gov.cz Datov\u00e1 schr\u00e1nka: zdkaa2i Telefonn\u00ed linky pro p\u0159\u00edmou\u00a0provolbu \u2013 viz\u00a0O \u00da\u0159adu\/Telefonn\u00ed seznam Z\u00e1kaznick\u00e9 centrum \u010cAS (POZOR - [&hellip;]<\/p>\n","protected":false},"author":1,"featured_media":1279,"parent":702,"menu_order":0,"comment_status":"closed","ping_status":"closed","template":"sitemap.php","meta":{"_acf_changed":false,"_seopress_robots_primary_cat":"","_seopress_titles_title":"","_seopress_titles_desc":"","_seopress_robots_index":"","_lmt_disableupdate":"no","_lmt_disable":"","footnotes":""},"class_list":["post-846","page","type-page","status-publish","has-post-thumbnail","hentry"],"acf":[],"_links":{"self":[{"href":"https:\/\/unmz.gov.cz\/en\/wp-json\/wp\/v2\/pages\/846","targetHints":{"allow":["GET"]}}],"collection":[{"href":"https:\/\/unmz.gov.cz\/en\/wp-json\/wp\/v2\/pages"}],"about":[{"href":"https:\/\/unmz.gov.cz\/en\/wp-json\/wp\/v2\/types\/page"}],"author":[{"embeddable":true,"href":"https:\/\/unmz.gov.cz\/en\/wp-json\/wp\/v2\/users\/1"}],"replies":[{"embeddable":true,"href":"https:\/\/unmz.gov.cz\/en\/wp-json\/wp\/v2\/comments?post=846"}],"version-history":[{"count":3,"href":"https:\/\/unmz.gov.cz\/en\/wp-json\/wp\/v2\/pages\/846\/revisions"}],"predecessor-version":[{"id":11439,"href":"https:\/\/unmz.gov.cz\/en\/wp-json\/wp\/v2\/pages\/846\/revisions\/11439"}],"up":[{"embeddable":true,"href":"https:\/\/unmz.gov.cz\/en\/wp-json\/wp\/v2\/pages\/702"}],"wp:featuredmedia":[{"embeddable":true,"href":"https:\/\/unmz.gov.cz\/en\/wp-json\/wp\/v2\/media\/1279"}],"wp:attachment":[{"href":"https:\/\/unmz.gov.cz\/en\/wp-json\/wp\/v2\/media?parent=846"}],"curies":[{"name":"wp","href":"https:\/\/api.w.org\/{rel}","templated":true}]}}