{"id":859,"date":"2019-07-10T17:19:51","date_gmt":"2019-07-10T15:19:51","guid":{"rendered":"http:\/\/unmz-wp.e-bs.cz\/?page_id=859"},"modified":"2026-05-07T06:42:53","modified_gmt":"2026-05-07T04:42:53","slug":"gazette-unmz","status":"publish","type":"page","link":"https:\/\/unmz.gov.cz\/en\/obecne\/vestnik-unmz\/","title":{"rendered":"\u00daNMZ Journal"},"content":{"rendered":"<p><span class=\"vyskyt\">\u00daNMZ Journal<\/span>\u00a0<span class=\"vyskyt\">\u00daNMZ<\/span>\u00a0is available for free download and viewing. Dissemination and use of the electronic form of\u00a0<span class=\"vyskyt\">\u00daNMZ<\/span>\u00a0<span class=\"vyskyt\">\u00daNMZ<\/span>\u00a0or parts thereof in any commercial manner is not permitted. For questions about the Journal administration you can use the following\u00a0<span class=\"vyskyt\">\u00daNMZ<\/span>: Jitka Hruskova, tel: +420 221 802 222, e-mail: <a href=\"mailto:jitka.hruskova@unmz.gov.cz\">jitka.hruskova@unmz.gov.cz<\/a> If you are interested in a subscription <span class=\"vyskyt\">\u00daNMZ<\/span> for the year 2026 in printed form contact:<b>Bo\u0159ivoj Klen\u00edk publishing service Q-art<\/b>,tel:+420 603846527, e-mail: <a href=\"mailto:klenik@q-art.cz\">klenik@q-art.cz<\/a> or use\u00a0\u00a0<a href=\"https:\/\/unmz.gov.cz\/wp-content\/uploads\/obj.tisteneho-vestniku-2026_v1.docx\">order form<\/a>(docx). The form and individual issues of the \u00daNMZ Journal are available in the Czech language only.<\/p>\r\n\r\n\r\n<hr class=\"wp-block-separator has-alpha-channel-opacity\" \/>\r\n\r\n\r\n\r\n\r\n<p>&nbsp;<\/p>\r\n\r\n\r\n\r\n<p>&nbsp;<\/p>\r\n\r\n\r\n\r\n<p>&nbsp;<\/p>\r\n\r\n\r\n\r\n<figure class=\"wp-block-table\">\r\n<table class=\"has-fixed-layout\">\r\n<tbody>\r\n<tr>\r\n<td colspan=\"13\"><b>\u00daNMZ\u00a0\u00a0<span class=\"vyskyt\">\u00daNMZ<\/span><\/b>\u00a0 - for downloading and reading in pdf<\/td>\r\n<\/tr>\r\n<tr>\r\n<td>\r\n<p align=\"center\"><strong>2026<\/strong><\/p>\r\n<\/td>\r\n<td>\r\n<p align=\"center\"><a href=\"https:\/\/unmz.gov.cz\/wp-content\/uploads\/vestnik-1-26.pdf\">1<\/a><\/p>\r\n<\/td>\r\n<td>\r\n<p align=\"center\"><a href=\"https:\/\/unmz.gov.cz\/wp-content\/uploads\/vestnik-2-26.pdf\">2<\/a><\/p>\r\n<\/td>\r\n<td>\r\n<p align=\"center\"><a href=\"https:\/\/unmz.gov.cz\/wp-content\/uploads\/vestnik-3-26.pdf\">3<\/a><\/p>\r\n<\/td>\r\n<td>\r\n<p align=\"center\"><a href=\"https:\/\/unmz.gov.cz\/wp-content\/uploads\/vestnik-4-26.pdf\">4<\/a><\/p>\r\n<\/td>\r\n<td>\r\n<p align=\"center\"><a href=\"https:\/\/unmz.gov.cz\/wp-content\/uploads\/vestnik-5-26.pdf\">5<\/a><\/p>\r\n<\/td>\r\n<td>\r\n<p align=\"center\">\u00a0<\/p>\r\n<\/td>\r\n<td>\r\n<p align=\"center\">\u00a0<\/p>\r\n<\/td>\r\n<td>\r\n<p align=\"center\">\u00a0<\/p>\r\n<\/td>\r\n<td>\r\n<p align=\"center\">\u00a0<\/p>\r\n<\/td>\r\n<td>\r\n<p align=\"center\">\u00a0<\/p>\r\n<\/td>\r\n<td>\r\n<p align=\"center\">\u00a0<\/p>\r\n<\/td>\r\n<td>\r\n<p align=\"center\">\u00a0<\/p>\r\n<\/td>\r\n<\/tr>\r\n<tr>\r\n<td>\r\n<p align=\"center\"><strong>2025<\/strong><\/p>\r\n<\/td>\r\n<td>\r\n<p align=\"center\"><a href=\"https:\/\/unmz.gov.cz\/wp-content\/uploads\/vestnik-1-25a.pdf\"><strong>1<\/strong><\/a><\/p>\r\n<\/td>\r\n<td>\r\n<p align=\"center\"><a href=\"https:\/\/unmz.gov.cz\/wp-content\/uploads\/vestnik-2-25.pdf\"><strong>2<\/strong><\/a><\/p>\r\n<\/td>\r\n<td>\r\n<p align=\"center\"><a href=\"https:\/\/unmz.gov.cz\/wp-content\/uploads\/vestnik-3-25.pdf\"><strong>3<\/strong><\/a><\/p>\r\n<\/td>\r\n<td>\r\n<p align=\"center\"><a href=\"https:\/\/unmz.gov.cz\/wp-content\/uploads\/vestnik-4-25.pdf\"><strong>4<\/strong><\/a><\/p>\r\n<\/td>\r\n<td>\r\n<p align=\"center\"><a href=\"https:\/\/unmz.gov.cz\/wp-content\/uploads\/vestnik-5-25.pdf\"><strong>5<\/strong><\/a><\/p>\r\n<\/td>\r\n<td>\r\n<p align=\"center\"><strong><a href=\"https:\/\/unmz.gov.cz\/wp-content\/uploads\/vestnik-6-25.pdf\">6<\/a><\/strong><\/p>\r\n<\/td>\r\n<td>\r\n<p align=\"center\"><a href=\"https:\/\/unmz.gov.cz\/wp-content\/uploads\/vestnik-7-25.pdf\"><strong>7<\/strong><\/a><\/p>\r\n<\/td>\r\n<td>\r\n<p align=\"center\"><a href=\"https:\/\/unmz.gov.cz\/wp-content\/uploads\/vestnik-8-25.pdf\"><strong>8<\/strong><\/a><\/p>\r\n<\/td>\r\n<td>\r\n<p align=\"center\"><a href=\"https:\/\/unmz.gov.cz\/wp-content\/uploads\/vestnik-9-25.pdf\"><strong>9<\/strong><\/a><\/p>\r\n<\/td>\r\n<td>\r\n<p align=\"center\"><a href=\"https:\/\/unmz.gov.cz\/wp-content\/uploads\/vestnik-10-25.pdf\"><strong>10<\/strong><\/a><\/p>\r\n<\/td>\r\n<td>\r\n<p align=\"center\"><a href=\"https:\/\/unmz.gov.cz\/wp-content\/uploads\/vestnik-11-25.pdf\"><strong>11<\/strong><\/a><\/p>\r\n<\/td>\r\n<td>\r\n<p align=\"center\"><a href=\"https:\/\/unmz.gov.cz\/wp-content\/uploads\/vestnik-12-25.pdf\"><strong>12<\/strong><\/a><\/p>\r\n<\/td>\r\n<\/tr>\r\n<tr>\r\n<td>\r\n<p align=\"center\"><strong>2024<\/strong><\/p>\r\n<\/td>\r\n<td>\r\n<p align=\"center\"><a href=\"https:\/\/www.unmz.gov.cz\/wp-content\/uploads\/Vestnik-1-24.pdf\"><strong>1<\/strong><\/a><\/p>\r\n<\/td>\r\n<td>\r\n<p align=\"center\"><strong>\u00a0<a href=\"https:\/\/www.unmz.gov.cz\/wp-content\/uploads\/Vestnik-2-24.pdf\">2<\/a><\/strong><\/p>\r\n<\/td>\r\n<td>\r\n<p align=\"center\"><strong>\u00a0<a href=\"https:\/\/www.unmz.gov.cz\/wp-content\/uploads\/vestnik-3-24.pdf\">3<\/a><\/strong><\/p>\r\n<\/td>\r\n<td>\r\n<p align=\"center\"><a href=\"https:\/\/www.unmz.gov.cz\/wp-content\/uploads\/vestnik-4-24.pdf\"><strong>4\u00a0<\/strong><\/a><\/p>\r\n<\/td>\r\n<td>\r\n<p align=\"center\"><strong>\u00a0<a href=\"https:\/\/www.unmz.gov.cz\/wp-content\/uploads\/vestnik-5-24.pdf\">5<\/a><\/strong><\/p>\r\n<\/td>\r\n<td>\r\n<p align=\"center\"><a href=\"https:\/\/www.unmz.gov.cz\/wp-content\/uploads\/vestnik-6-24.pdf\"><strong>6\u00a0<\/strong><\/a><\/p>\r\n<\/td>\r\n<td>\r\n<p align=\"center\"><strong><a href=\"https:\/\/www.unmz.gov.cz\/wp-content\/uploads\/vestnik-7-24.pdf\">7<\/a>\u00a0<\/strong><\/p>\r\n<\/td>\r\n<td>\r\n<p align=\"center\"><strong><a href=\"https:\/\/www.unmz.gov.cz\/wp-content\/uploads\/vestnik-8-24.pdf\">8<\/a>\u00a0<\/strong><\/p>\r\n<\/td>\r\n<td>\r\n<p align=\"center\"><strong><a href=\"https:\/\/www.unmz.gov.cz\/wp-content\/uploads\/vestnik-9-24.pdf\">9<\/a>\u00a0<\/strong><\/p>\r\n<\/td>\r\n<td>\r\n<p align=\"center\"><a href=\"https:\/\/www.unmz.gov.cz\/wp-content\/uploads\/vestnik-10-24-def3.pdf\"><strong>10\u00a0<\/strong><\/a><\/p>\r\n<\/td>\r\n<td>\r\n<p align=\"center\"><strong><a href=\"https:\/\/www.unmz.gov.cz\/wp-content\/uploads\/vestnik-11-24.pdf\">11<\/a>\u00a0<\/strong><\/p>\r\n<\/td>\r\n<td>\r\n<p align=\"center\"><strong><a href=\"https:\/\/www.unmz.gov.cz\/wp-content\/uploads\/vestnik-12-24.pdf\">12<\/a>\u00a0<\/strong><\/p>\r\n<\/td>\r\n<\/tr>\r\n<\/tbody>\r\n<\/table>\r\n<\/figure>\r\n\r\n\r\n\r\n<p><strong><u>Extraordinary number 2025<\/u><\/strong><\/p>\r\n\r\n\r\n\r\n<div dir=\"ltr\">\r\n<div><a href=\"https:\/\/unmz.gov.cz\/wp-content\/uploads\/mimoradny-vestnik-1-2025-def.pdf\">Special Bulletin 1-2025 - CIP Notice<\/a><\/div>\r\n<div><a href=\"https:\/\/unmz.gov.cz\/wp-content\/uploads\/mimoradny-vestnik-2025-2-def.pdf\">Extraordinary Bulletin 2 - 2025 - CIP notification<\/a><\/div>\r\n<\/div>\r\n\r\n\r\n\r\n<p><strong><u>Extraordinary number 2024<\/u><\/strong><\/p>\r\n\r\n\r\n\r\n<p><a href=\"https:\/\/www.unmz.gov.cz\/wp-content\/uploads\/mimoradny-vestnik-2-2024-celek-3kor.pdf\">Extraordinary Bulletin - 2024_2 - CIP notification<\/a><\/p>\r\n\r\n\r\n\r\n<p><a href=\"https:\/\/www.unmz.gov.cz\/wp-content\/uploads\/mimoradny-vestnik-2024-def.pdf\">Special Bulletin 02 - 2024 - CIP notification<\/a><\/p>\r\n\r\n\r\n\r\n<p><strong><u>Extraordinary issue 2023<\/u><\/strong><\/p>\r\n\r\n\r\n\r\n<p><a href=\"https:\/\/www.unmz.gov.cz\/wp-content\/uploads\/Mimoradny-Vestnik-2023-2-DEF.pdf\">Extraordinary Journal 10 - 2023 - C.I.P. notifications<\/a><\/p>\r\n\r\n\r\n\r\n<p><a href=\"https:\/\/www.unmz.gov.cz\/wp-content\/uploads\/Mimoradny-Vestnik-2023-DEF.pdf\">Extraordinary Journal 04 - 2023 - C.I.P. notifications<\/a><\/p>\r\n\r\n\r\n\r\n<p><strong><u>Extraordinary issue 2022<\/u><\/strong><\/p>\r\n\r\n\r\n\r\n<p><a href=\"https:\/\/www.unmz.gov.cz\/wp-content\/uploads\/Mimoradny-Vestnik-2-2022-CIP.pdf\">Extraordinary Journal 10 - 2022 - C.I.P. notifications<\/a><\/p>\r\n\r\n\r\n\r\n<p><a href=\"https:\/\/www.unmz.gov.cz\/wp-content\/uploads\/Mimoradny-Vestnik-2022_final.pdf\">Extraordinary Journal 02 - 2022 - C.I.P. notification<\/a><\/p>\r\n\r\n\r\n\r\n<p><strong><u>Extraordinary issue 2021<\/u><\/strong><\/p>\r\n\r\n\r\n\r\n<p><a href=\"https:\/\/www.unmz.gov.cz\/wp-content\/uploads\/Mimoradny-Vestnik-2021.pdf\">Extraordinary Journal 09 - 2021 - C.I.P. notifications<\/a><\/p>\r\n\r\n\r\n\r\n<p><strong><u>Extraordinary issue 2019<\/u><\/strong><\/p>\r\n\r\n\r\n\r\n<p><span style=\"color: #0066cc;\"><a href=\"https:\/\/unmz.gov.cz\/en\/files\/journal\/mimo%c5%99%c3%a1dn%c3%bd+v%c4%9bstn%c3%adk+2019_07_19.pdf\/\" target=\"_blank\" rel=\"noopener noreferrer\">Extraordinary\u00a0<span class=\"vyskyt\">\u00daNMZ Journal<\/span>\u00a007-2019 - C.I.P. notifications<\/a><\/span><\/p>\r\n\r\n\r\n\r\n<p><strong><u>Extraordinary issue 2018:<\/u><\/strong><\/p>\r\n\r\n\r\n\r\n<p><span style=\"color: #0066cc;\"><a href=\"https:\/\/unmz.gov.cz\/en\/files\/journal\/mimo%c5%99%c3%a1dn%c3%bd+v%c4%9bstn%c3%adk+04-2018+-+def.pdf\/\" target=\"_blank\" rel=\"noopener noreferrer\">Extraordinary\u00a0<span class=\"vyskyt\">\u00daNMZ Journal<\/span>\u00a004-2018 - C.I.P. notifications<\/a><\/span><\/p>\r\n\r\n\r\n\r\n<p><a href=\"https:\/\/unmz.gov.cz\/en\/present\/gazette-unmz\/archive-vestnik-unmz\/\">\u00daNMZ\u00a0<span class=\"vyskyt\">\u00daNMZ<\/span>\u00a0<span class=\"vyskyt\">\u00daNMZ<\/span> from 1997 - 2023<\/a><\/p>\r\n\r\n\r\n<hr class=\"wp-block-separator has-alpha-channel-opacity\" \/>\r\n\r\n\r\n<p><b>Information published in\u00a0<span class=\"vyskyt\">\u00daNMZ<\/span>\u00a0<span class=\"vyskyt\">\u00daNMZ<\/span>:<\/b><\/p>\r\n\r\n\r\n\r\n<p><b>PART A - NOTIFICATION<\/b><\/p>\r\n\r\n\r\n\r\n<p><b>Section 1. Harmonised standards and specified standards -<\/b>\u00a0information on harmonised standards and specified standards related to individual Czech legislation; <b>Section 2. Czech technical standards -<\/b>\u00a0information on Czech technical standards that have been issued, amended, corrected or repealed; <b>Section 3. Metrology\u00a0\u00a0<\/b>- information on authorisation of metrological centres and bodies to perform official measurement, on declaration of state standards  and authorisation to maintain state standards,<strong>\u00a0<\/strong>on approved types of measuring instruments and certified reference materials;\u00a0<b>\u00a0<\/b> <b>Section 4. Authorisation -\u00a0<\/b>information on<b>\u00a0<\/b>granting of authorisations to conformity assessment bodies, amendments to or withdrawal of decision on authorisations;<b>\u00a0<\/b> <b>Section 5. Accreditation -<\/b>\u00a0information on the issue or termination of accreditation certificates;\u00a0<b>\u00a0<\/b> <b>Section 6. Other Notices -<\/b>\u00a0e.g. information from the areas of  NATO standardisation agreements, CEN, CENELEC and ETSI draft European standards.<\/p>\r\n\r\n\r\n\r\n<p><b>PART B - INFORMATION<\/b><\/p>\r\n\r\n\r\n\r\n<p>E.g. information from WTO\/TBT Agreement Enquiry Point on notifications by Members of the Agreement on Technical Barriers to Trade (TBT), which is an integral part of the Agreement establishing the World Trade Organization (WTO).<\/p>\r\n\r\n\r\n\r\n<p><b>PART C - ANNOUNCEMENT<\/b><\/p>\r\n\r\n\r\n\r\n<p>Other communications related to the areas of competence of the Office for Standards, Metrology and Testing, e.g. on the expiry of technical standards.<\/p>","protected":false},"excerpt":{"rendered":"<p>V\u011bstn\u00edk\u00a0\u00daNMZ\u00a0je k dispozici k\u00a0voln\u00e9mu sta\u017een\u00ed a prohl\u00ed\u017een\u00ed. \u0160\u00ed\u0159en\u00ed a vyu\u017e\u00edv\u00e1n\u00ed elektronick\u00e9 formy\u00a0V\u011bstn\u00edku\u00a0\u00daNMZ\u00a0\u010di jeho \u010d\u00e1st\u00ed jak\u00fdmkoliv komer\u010dn\u00edm zp\u016fsobem je nep\u0159\u00edpustn\u00e9. Kontakt pro dotazy k\u00a0administraci\u00a0V\u011bstn\u00edku: p\u00ed Hru\u0161kov\u00e1, tel: 221802222, e-mail: jitka.hruskova@unmz.gov.cz V p\u0159\u00edpad\u011b z\u00e1jmu o p\u0159edplatn\u00e9 V\u011bstn\u00edku na rok 2026 v ti\u0161t\u011bn\u00e9 podob\u011b kontaktujte:PhDr. Bo\u0159ivoj Klen\u00edk nakladatelsk\u00fd servis Q-art Bezd\u011bdice 19 294 25 Katusice.,+420 603846527, e-mail: klenik@q-art.cz [&hellip;]<\/p>\n","protected":false},"author":1,"featured_media":1277,"parent":702,"menu_order":0,"comment_status":"closed","ping_status":"closed","template":"","meta":{"_acf_changed":false,"_seopress_robots_primary_cat":"","_seopress_titles_title":"","_seopress_titles_desc":"","_seopress_robots_index":"","_seopress_analysis_target_kw":"","_lmt_disableupdate":"no","_lmt_disable":"","footnotes":""},"class_list":["post-859","page","type-page","status-publish","has-post-thumbnail","hentry"],"acf":[],"_links":{"self":[{"href":"https:\/\/unmz.gov.cz\/en\/wp-json\/wp\/v2\/pages\/859","targetHints":{"allow":["GET"]}}],"collection":[{"href":"https:\/\/unmz.gov.cz\/en\/wp-json\/wp\/v2\/pages"}],"about":[{"href":"https:\/\/unmz.gov.cz\/en\/wp-json\/wp\/v2\/types\/page"}],"author":[{"embeddable":true,"href":"https:\/\/unmz.gov.cz\/en\/wp-json\/wp\/v2\/users\/1"}],"replies":[{"embeddable":true,"href":"https:\/\/unmz.gov.cz\/en\/wp-json\/wp\/v2\/comments?post=859"}],"version-history":[{"count":6,"href":"https:\/\/unmz.gov.cz\/en\/wp-json\/wp\/v2\/pages\/859\/revisions"}],"predecessor-version":[{"id":12617,"href":"https:\/\/unmz.gov.cz\/en\/wp-json\/wp\/v2\/pages\/859\/revisions\/12617"}],"up":[{"embeddable":true,"href":"https:\/\/unmz.gov.cz\/en\/wp-json\/wp\/v2\/pages\/702"}],"wp:featuredmedia":[{"embeddable":true,"href":"https:\/\/unmz.gov.cz\/en\/wp-json\/wp\/v2\/media\/1277"}],"wp:attachment":[{"href":"https:\/\/unmz.gov.cz\/en\/wp-json\/wp\/v2\/media?parent=859"}],"curies":[{"name":"wp","href":"https:\/\/api.w.org\/{rel}","templated":true}]}}