{"id":868,"date":"2019-07-10T17:55:21","date_gmt":"2019-07-10T15:55:21","guid":{"rendered":"http:\/\/unmz-wp.e-bs.cz\/?page_id=868"},"modified":"2019-07-10T18:07:38","modified_gmt":"2019-07-10T16:07:38","slug":"send-query-to-unmz","status":"publish","type":"page","link":"https:\/\/unmz.gov.cz\/en\/obecne\/poslat-dotaz-na-unmz\/","title":{"rendered":"SEND AN ENQUIRY TO US"},"content":{"rendered":"<p>V\u00e1\u017een\u00ed tazatel\u00e9, pro ot\u00e1zky, kter\u00e9 se t\u00fdkaj\u00ed p\u016fsobnosti \u00da\u0159adu pro technickou normalizaci, metrologii a st\u00e1tn\u00ed zku\u0161ebnictv\u00ed m\u016f\u017eete vyu\u017e\u00edt n\u00ed\u017ee uveden\u00e9ho formul\u00e1\u0159e.<br \/>\n\n<div class=\"wpcf7 no-js\" id=\"wpcf7-f867-o1\" lang=\"cs-CZ\" dir=\"ltr\" data-wpcf7-id=\"867\">\n<div class=\"screen-reader-response\"><p role=\"status\" aria-live=\"polite\" aria-atomic=\"true\"><\/p> <ul><\/ul><\/div>\n<form action=\"\/en\/wp-json\/wp\/v2\/pages\/868#wpcf7-f867-o1\" method=\"post\" class=\"wpcf7-form init\" aria-label=\"Kontaktn\u00ed formul\u00e1\u0159\" novalidate=\"novalidate\" data-status=\"init\">\n<fieldset class=\"hidden-fields-container\"><input type=\"hidden\" name=\"_wpcf7\" value=\"867\" \/><input type=\"hidden\" name=\"_wpcf7_version\" value=\"6.1.5\" \/><input type=\"hidden\" name=\"_wpcf7_locale\" value=\"cs_CZ\" \/><input type=\"hidden\" name=\"_wpcf7_unit_tag\" value=\"wpcf7-f867-o1\" \/><input type=\"hidden\" name=\"_wpcf7_container_post\" value=\"0\" \/><input type=\"hidden\" name=\"_wpcf7_posted_data_hash\" value=\"\" \/><input type=\"hidden\" name=\"_wpcf7_recaptcha_response\" value=\"\" \/>\n<\/fieldset>\n<div class=\"row\">\n\t<h5><br \/>\nBu\u010fte o krok nap\u0159ed, ptejte se, r\u00e1di odpov\u00edme.<br \/>\nOdpov\u011bdi na sv\u00e9 ot\u00e1zky m\u016f\u017eete naj\u00edt rovn\u011b\u017e v sekci <a href=\"\/caste-dotazy\/\">\u010cast\u00e9 dotazy<\/a>\n\t<\/h5>\n<\/div>\n<div class=\"row\">\n\t<div class=\"col-6\">\n\t\t<p><label>Emailov\u00e1 adresa:<br \/>\n<span class=\"wpcf7-form-control-wrap\" data-name=\"your-email\"><input size=\"40\" maxlength=\"400\" class=\"wpcf7-form-control wpcf7-email wpcf7-validates-as-required wpcf7-text wpcf7-validates-as-email\" aria-required=\"true\" aria-invalid=\"false\" placeholder=\"petr@email.cz\" value=\"\" type=\"email\" name=\"your-email\" \/><\/span> <\/label>\n\t\t<\/p>\n\t<\/div>\n\t<div class=\"col-6\">\n\t\t<p><label> Jm\u00e9no \/ organizace:<br \/>\n<span class=\"wpcf7-form-control-wrap\" data-name=\"your-name\"><input size=\"40\" maxlength=\"400\" class=\"wpcf7-form-control wpcf7-text wpcf7-validates-as-required\" aria-required=\"true\" aria-invalid=\"false\" placeholder=\"Petr Nov\u00e1k\" value=\"\" type=\"text\" name=\"your-name\" \/><\/span> <\/label>\n\t\t<\/p>\n\t<\/div>\n<\/div>\n<div class=\"row\">\n\t<div class=\"col-12\">\n\t\t<p><label for=\"contacttf\"> Zpr\u00e1va:<\/label><br \/>\n<span class=\"wpcf7-form-control-wrap\" data-name=\"textarea-727\"><textarea cols=\"40\" rows=\"10\" maxlength=\"2000\" class=\"wpcf7-form-control wpcf7-textarea wpcf7-validates-as-required contact-form\" id=\"contacttf\" aria-required=\"true\" aria-invalid=\"false\" placeholder=\"Zde napi\u0161te sv\u016fj dotaz\" name=\"textarea-727\"><\/textarea><\/span>\n\t\t<\/p>\n\t<\/div>\n<\/div>\n<div class=\"row\">\n\t<p><span class=\"wpcf7-form-control-wrap\" data-name=\"acceptance-764\"><span class=\"wpcf7-form-control wpcf7-acceptance\"><span class=\"wpcf7-list-item\"><label><input type=\"checkbox\" name=\"acceptance-764\" value=\"1\" aria-invalid=\"false\" \/><span class=\"wpcf7-list-item-label\">Souhlas\u00edm se zpracov\u00e1n\u00edm poskytnut\u00fdch osobn\u00edch \u00fadaj\u016f pro \u00fa\u010dely zasl\u00e1n\u00ed odpov\u011bdi.<\/span><\/label><\/span><\/span><\/span>\n\t<\/p>\n<\/div>\n<p><input class=\"wpcf7-form-control wpcf7-submit has-spinner btn-unmz\" id=\"contact-form-submit\" type=\"submit\" value=\"Odeslat \u203a\" \/>\n<\/p><p style=\"display: none !important;\" class=\"akismet-fields-container\" data-prefix=\"_wpcf7_ak_\"><label>&#916;<textarea name=\"_wpcf7_ak_hp_textarea\" cols=\"45\" rows=\"8\" maxlength=\"100\"><\/textarea><\/label><input type=\"hidden\" id=\"ak_js_1\" name=\"_wpcf7_ak_js\" value=\"239\"\/><script type=\"text\/javascript\">\n\/* <![CDATA[ *\/\ndocument.getElementById( \"ak_js_1\" ).setAttribute( \"value\", ( new Date() ).getTime() );\n\/* ]]> *\/\n<\/script>\n<\/p><div class=\"wpcf7-response-output\" aria-hidden=\"true\"><\/div>\n<\/form>\n<\/div>\n<\/p>\n","protected":false},"excerpt":{"rendered":"<p>Dear inquirers, for questions concerning the competence of the Office for Technical Standardization, Metrology and State Testing you can use the form below.<\/p>","protected":false},"author":1,"featured_media":0,"parent":702,"menu_order":0,"comment_status":"closed","ping_status":"closed","template":"","meta":{"_acf_changed":false,"_seopress_robots_primary_cat":"","_seopress_titles_title":"","_seopress_titles_desc":"","_seopress_robots_index":"","_lmt_disableupdate":"","_lmt_disable":"","footnotes":""},"class_list":["post-868","page","type-page","status-publish","hentry"],"acf":[],"_links":{"self":[{"href":"https:\/\/unmz.gov.cz\/en\/wp-json\/wp\/v2\/pages\/868","targetHints":{"allow":["GET"]}}],"collection":[{"href":"https:\/\/unmz.gov.cz\/en\/wp-json\/wp\/v2\/pages"}],"about":[{"href":"https:\/\/unmz.gov.cz\/en\/wp-json\/wp\/v2\/types\/page"}],"author":[{"embeddable":true,"href":"https:\/\/unmz.gov.cz\/en\/wp-json\/wp\/v2\/users\/1"}],"replies":[{"embeddable":true,"href":"https:\/\/unmz.gov.cz\/en\/wp-json\/wp\/v2\/comments?post=868"}],"version-history":[{"count":0,"href":"https:\/\/unmz.gov.cz\/en\/wp-json\/wp\/v2\/pages\/868\/revisions"}],"up":[{"embeddable":true,"href":"https:\/\/unmz.gov.cz\/en\/wp-json\/wp\/v2\/pages\/702"}],"wp:attachment":[{"href":"https:\/\/unmz.gov.cz\/en\/wp-json\/wp\/v2\/media?parent=868"}],"curies":[{"name":"wp","href":"https:\/\/api.w.org\/{rel}","templated":true}]}}