{"id":912,"date":"2019-07-14T13:11:13","date_gmt":"2019-07-14T11:11:13","guid":{"rendered":"http:\/\/unmz-wp.e-bs.cz\/?page_id=912"},"modified":"2020-01-29T05:41:10","modified_gmt":"2020-01-29T04:41:10","slug":"conference-centre-unmz-cas","status":"publish","type":"page","link":"https:\/\/unmz.gov.cz\/en\/obecne\/konferencni-centrum-unmz-cas\/","title":{"rendered":"Conference Centre of the \u00daNMZ - \u010cAS"},"content":{"rendered":"<p>The Conference Centre is operated primarily to provide facilities for internal and external meetings and meetings of the staff of the CAS and the IOMZ. In addition, since 2018, we offer the possibility of renting this space to the public. We seek primarily to provide space for institutions, special interest groups, associations, and technically oriented companies to hold professional seminars and conferences while promoting the activities of the Agency and the Authority.<\/p>\n<p>For more information, please see the attached leaflets below or contact us by email\u00a0<a href=\"mailto:kc@agenturacas.gov.cz\">kc@agenturacas.gov.cz<\/a>.<\/p>\n<p><strong>Prices do not include value added tax.<br \/>\nVAT will be added to these prices at the appropriate rate according to Act No. 235\/2004 Coll. on Value Added Tax, as amended.<\/strong><\/p>\n<p><a class=\"thickbox\" title=\"\" href=\"https:\/\/www.unmz.gov.cz\/imgarchiv\/KAPLAN.jpg\"><img loading=\"lazy\" decoding=\"async\" class=\"aligncenter\" src=\"https:\/\/www.unmz.gov.cz\/urad\/thumbnail.php?file=..\/imgarchiv\/KAPLAN.jpg&amp;width=700&amp;height=394\" alt=\"Click to view full size image \" width=\"700\" height=\"394\" \/><\/a><\/p>\n<p><a class=\"thickbox\" title=\"\" href=\"https:\/\/unmz.gov.cz\/en\/imgarchiv\/DIVI%C5%A0.jpg\/\"><img loading=\"lazy\" decoding=\"async\" class=\"aligncenter\" src=\"https:\/\/www.unmz.gov.cz\/urad\/thumbnail.php?file=..\/imgarchiv\/DIVI%8A.jpg&amp;width=700&amp;height=394\" alt=\"Click to view full size image \" width=\"700\" height=\"394\" \/><\/a><\/p>\n<p><a class=\"thickbox\" title=\"\" href=\"https:\/\/www.unmz.gov.cz\/imgarchiv\/LIST.jpg\"><img loading=\"lazy\" decoding=\"async\" class=\"aligncenter\" src=\"https:\/\/www.unmz.gov.cz\/urad\/thumbnail.php?file=..\/imgarchiv\/LIST.jpg&amp;width=700&amp;height=394\" alt=\"Click to view full size image \" width=\"700\" height=\"394\" \/><\/a><\/p>\n<p class=\"prilohy\">Attachments:<\/p>\n<p class=\"ikona pdf\"><a href=\"https:\/\/unmz.gov.cz\/en\/prilohyarchiv\/979\/Konferen%C4%8Dn%C3%AD%20centrum%20let%C3%A1k.pdf\/\" target=\"_blank\" rel=\"noopener noreferrer\">Conference centre leaflet.pdf<\/a>\u00a0(5489 kB)<\/p>\n<p class=\"ikona pdf\"><a href=\"https:\/\/unmz.gov.cz\/en\/prilohyarchiv\/979\/Kaplan.pdf\/\" target=\"_blank\" rel=\"noopener noreferrer\">Kaplan.pdf<\/a>\u00a0(202 kB)<\/p>\n<p class=\"ikona pdf\"><a href=\"https:\/\/unmz.gov.cz\/en\/prilohyarchiv\/979\/Divi%C5%A1.pdf\/\" target=\"_blank\" rel=\"noopener noreferrer\">Divis.pdf<\/a>\u00a0(213 kB)<\/p>\n<p class=\"ikona pdf\"><a href=\"https:\/\/unmz.gov.cz\/en\/prilohyarchiv\/979\/List.pdf\/\" target=\"_blank\" rel=\"noopener noreferrer\">List.pdf<\/a>\u00a0(224 kB)<\/p>","protected":false},"excerpt":{"rendered":"<p>Konferen\u010dn\u00ed centrum je provozov\u00e1no prim\u00e1rn\u011b za \u00fa\u010delem poskytnut\u00ed z\u00e1zem\u00ed pro intern\u00ed a extern\u00ed sch\u016fzky a jedn\u00e1n\u00ed zam\u011bstnanc\u016f \u010cAS a \u00daNMZ. Od roku 2018 nav\u00edc nab\u00edz\u00edme mo\u017enost pron\u00e1jmu t\u011bchto prostor pro ve\u0159ejnost. Usilujeme p\u0159edev\u0161\u00edm o to, abychom instituc\u00edm, z\u00e1jmov\u00fdm sdru\u017een\u00edm, asociac\u00edm a technicky zam\u011b\u0159en\u00fdm spole\u010dnostem poskytovali prostor pro po\u0159\u00e1d\u00e1n\u00ed odborn\u00fdch semin\u00e1\u0159\u016f a konferenc\u00ed, a propagovali tak [&hellip;]<\/p>\n","protected":false},"author":1,"featured_media":0,"parent":702,"menu_order":0,"comment_status":"closed","ping_status":"closed","template":"","meta":{"_acf_changed":false,"_seopress_robots_primary_cat":"","_seopress_titles_title":"","_seopress_titles_desc":"","_seopress_robots_index":"","_lmt_disableupdate":"","_lmt_disable":"","footnotes":""},"class_list":["post-912","page","type-page","status-publish","hentry"],"acf":[],"_links":{"self":[{"href":"https:\/\/unmz.gov.cz\/en\/wp-json\/wp\/v2\/pages\/912","targetHints":{"allow":["GET"]}}],"collection":[{"href":"https:\/\/unmz.gov.cz\/en\/wp-json\/wp\/v2\/pages"}],"about":[{"href":"https:\/\/unmz.gov.cz\/en\/wp-json\/wp\/v2\/types\/page"}],"author":[{"embeddable":true,"href":"https:\/\/unmz.gov.cz\/en\/wp-json\/wp\/v2\/users\/1"}],"replies":[{"embeddable":true,"href":"https:\/\/unmz.gov.cz\/en\/wp-json\/wp\/v2\/comments?post=912"}],"version-history":[{"count":0,"href":"https:\/\/unmz.gov.cz\/en\/wp-json\/wp\/v2\/pages\/912\/revisions"}],"up":[{"embeddable":true,"href":"https:\/\/unmz.gov.cz\/en\/wp-json\/wp\/v2\/pages\/702"}],"wp:attachment":[{"href":"https:\/\/unmz.gov.cz\/en\/wp-json\/wp\/v2\/media?parent=912"}],"curies":[{"name":"wp","href":"https:\/\/api.w.org\/{rel}","templated":true}]}}