{"id":938,"date":"2019-07-29T12:27:25","date_gmt":"2019-07-29T10:27:25","guid":{"rendered":"http:\/\/unmz-wp.e-bs.cz\/?page_id=938"},"modified":"2019-07-29T12:27:25","modified_gmt":"2019-07-29T10:27:25","slug":"technical-regulations-metrological-tpm","status":"publish","type":"page","link":"https:\/\/unmz.gov.cz\/en\/metrologie\/metrologicky-system\/technicke-predpisy-metrologicke-tpm\/","title":{"rendered":"Technical metrology regulations (TPM)"},"content":{"rendered":"<table border=\"0\" width=\"569\" cellspacing=\"0\" cellpadding=\"0\">\n<tbody>\n<tr>\n<td width=\"77\"><i>TPM number<\/i><\/td>\n<td width=\"432\"><i>Title<\/i><\/td>\n<td width=\"60\">\n<p align=\"center\"><i>Year of publication<\/i><\/p>\n<\/td>\n<\/tr>\n<tr class=\"tr3\">\n<td width=\"77\"><i><\/i><\/td>\n<td width=\"432\"><i>Regulations new and amended in the current year are highlighted with this underlining<\/i><\/td>\n<td width=\"60\">\n<p align=\"center\"><i><\/i><\/p>\n<\/td>\n<\/tr>\n<tr>\n<td width=\"77\">0000-92<\/td>\n<td width=\"432\">Division of technical metrology regulations<\/td>\n<td width=\"60\">\n<p align=\"center\">1992<\/p>\n<\/td>\n<\/tr>\n<tr>\n<td width=\"77\">0050-92<\/td>\n<td width=\"432\">Benchmarks. Expressing errors and uncertainties<\/td>\n<td width=\"60\">\n<p align=\"center\">1992<\/p>\n<\/td>\n<\/tr>\n<tr>\n<td width=\"77\">0051-93<\/td>\n<td width=\"432\">Determining Uncertainties in Measurements (2 parts)<\/td>\n<td width=\"60\">\n<p align=\"center\">1993<\/p>\n<\/td>\n<\/tr>\n<tr>\n<td width=\"77\">0860-95<\/td>\n<td width=\"432\">Instruments for measuring the length of coiled materials (mod. OIML IR 66:1985)<\/td>\n<td width=\"60\">\n<p align=\"center\">1995<\/p>\n<\/td>\n<\/tr>\n<tr>\n<td width=\"77\">2270-95<\/td>\n<td width=\"432\">Measuring transformers; principles for selection, installation and use<\/td>\n<td width=\"60\">\n<p align=\"center\">1995<\/p>\n<\/td>\n<\/tr>\n<tr>\n<td width=\"77\">2271-99<\/td>\n<td width=\"432\">Laboratory measuring transformers for current or voltage (secondary standards and laboratory measuring instruments); metrological and technical requirements<\/td>\n<td width=\"60\">\n<p align=\"center\">1999<\/p>\n<\/td>\n<\/tr>\n<tr>\n<td width=\"77\">2272-99<\/td>\n<td width=\"432\">Laboratory current or voltage measuring transformers (secondary standards and working meters specified); test methods for verification<\/td>\n<td width=\"60\">\n<p align=\"center\">1999<\/p>\n<\/td>\n<\/tr>\n<tr>\n<td width=\"77\">2273-99<\/td>\n<td width=\"432\">Measurement test sets for verification testing of current or voltage transformers; metrological and technical requirements<\/td>\n<td width=\"60\">\n<p align=\"center\">2000<\/p>\n<\/td>\n<\/tr>\n<tr>\n<td width=\"77\">2274-99<\/td>\n<td width=\"432\">Measurement test sets for verification testing of current or voltage transformers; verification test methods<\/td>\n<td width=\"60\">\n<p align=\"center\">2000<\/p>\n<\/td>\n<\/tr>\n<tr>\n<td width=\"77\">2440-08<\/td>\n<td width=\"432\">Electricity meters, test methods for verification<\/td>\n<td width=\"60\">\n<p align=\"center\">2008<\/p>\n<\/td>\n<\/tr>\n<tr>\n<td width=\"77\">2470-99<\/td>\n<td width=\"432\">Test equipment for electricity meters - measuring stations, methods for performing functional tests<\/td>\n<td width=\"60\">\n<p align=\"center\">1999<\/p>\n<\/td>\n<\/tr>\n<tr>\n<td width=\"77\">3040-95<\/td>\n<td width=\"432\">Temperature gauge continuity diagram<\/td>\n<td width=\"60\">\n<p align=\"center\">1996<\/p>\n<\/td>\n<\/tr>\n<tr>\n<td width=\"77\">3320-94<\/td>\n<td width=\"432\">Thermoelectric temperature sensors; secondary standards; technical requirements<\/td>\n<td width=\"60\">\n<p align=\"center\">1995<\/p>\n<\/td>\n<\/tr>\n<tr>\n<td width=\"77\">3321-94<\/td>\n<td width=\"432\">Thermoelectric temperature sensors; secondary standards; test methods for verification<\/td>\n<td width=\"60\">\n<p align=\"center\">1995<\/p>\n<\/td>\n<\/tr>\n<tr>\n<td width=\"77\">3340-94<\/td>\n<td width=\"432\">Platinum resistance thermometers; secondary standards; technical requirements<\/td>\n<td width=\"60\">\n<p align=\"center\">1995<\/p>\n<\/td>\n<\/tr>\n<tr>\n<td width=\"77\">3341-94<\/td>\n<td width=\"432\">Platinum resistance thermometers; secondary standards; test methods for verification<\/td>\n<td width=\"60\">\n<p align=\"center\">1995<\/p>\n<\/td>\n<\/tr>\n<tr>\n<td width=\"77\">3342-94<\/td>\n<td width=\"432\">Platinum resistance temperature sensors; test methods for verification ? calibration<\/td>\n<td width=\"60\">\n<p align=\"center\">1995<\/p>\n<\/td>\n<\/tr>\n<tr>\n<td width=\"77\">3721-93<\/td>\n<td width=\"432\">Electric heat meters; technical requirements<\/td>\n<td width=\"60\">\n<p align=\"center\">1993<\/p>\n<\/td>\n<\/tr>\n<tr>\n<td width=\"77\">3722-93<\/td>\n<td width=\"432\">Electrical heat meters; test methods for verification<\/td>\n<td width=\"60\">\n<p align=\"center\">1993<\/p>\n<\/td>\n<\/tr>\n<tr>\n<td width=\"77\">3723-03<\/td>\n<td width=\"432\">Steam heat meters; technical and metrological requirements, installation and operating requirements<\/td>\n<td width=\"60\">\n<p align=\"center\">2003<\/p>\n<\/td>\n<\/tr>\n<tr>\n<td width=\"77\">3724-03<\/td>\n<td width=\"432\">Steam heat meters; test methods for verification (type approval tests)<\/td>\n<td width=\"60\">\n<p align=\"center\">2003<\/p>\n<\/td>\n<\/tr>\n<tr>\n<td width=\"77\">4100-03<\/td>\n<td width=\"432\">Weight gauge continuity diagram<\/td>\n<td width=\"60\">\n<p align=\"center\">2003<\/p>\n<\/td>\n<\/tr>\n<tr>\n<td width=\"77\">4170-00<\/td>\n<td width=\"432\">General purpose belt scales; metrological and technical requirements<\/td>\n<td width=\"60\">\n<p align=\"center\">2000<\/p>\n<\/td>\n<\/tr>\n<tr>\n<td width=\"77\">4171-00<\/td>\n<td width=\"432\">Belt scales for general use; test methods for verification<\/td>\n<td width=\"60\">\n<p align=\"center\">2000<\/p>\n<\/td>\n<\/tr>\n<tr>\n<td width=\"77\">4180-99<\/td>\n<td width=\"432\">Scales with non-automatic operation for weighing patients for monitoring, diagnosis and treatment; metrological and technical requirements<\/td>\n<td width=\"60\">\n<p align=\"center\">1999<\/p>\n<\/td>\n<\/tr>\n<tr>\n<td width=\"77\">4181-99<\/td>\n<td width=\"432\">Scales with non-automatic operation for weighing patients for monitoring, diagnosis and treatment; test methods for verification<\/td>\n<td width=\"60\">\n<p align=\"center\">1999<\/p>\n<\/td>\n<\/tr>\n<tr>\n<td width=\"77\">4182-00<\/td>\n<td width=\"432\">Measuring equipment for determining wheel loads on road vehicles; metrological and technical requirements<\/td>\n<td width=\"60\">\n<p align=\"center\">2000<\/p>\n<\/td>\n<\/tr>\n<tr>\n<td width=\"77\">4183-00<\/td>\n<td width=\"432\">Measuring devices for determining wheel loads on road vehicles; test methods for verification<\/td>\n<td width=\"60\">\n<p align=\"center\">2000<\/p>\n<\/td>\n<\/tr>\n<tr>\n<td width=\"77\">4184-00<\/td>\n<td width=\"432\">Scales with automatic operation for determining the mass of rolling stock in motion; metrological and technical requirements<\/td>\n<td width=\"60\">\n<p align=\"center\">2000<\/p>\n<\/td>\n<\/tr>\n<tr>\n<td width=\"77\">4185-00<\/td>\n<td width=\"432\">Scales with automatic operation for determining the mass of rolling stock in motion; test methods for verification<\/td>\n<td width=\"60\">\n<p align=\"center\">2000<\/p>\n<\/td>\n<\/tr>\n<tr>\n<td width=\"77\">4651-99<\/td>\n<td width=\"432\">Instruments for measuring blood pressure by the indirect method; mercury and strain gauges; test methods for verification<\/td>\n<td width=\"60\">\n<p align=\"center\">2000<\/p>\n<\/td>\n<\/tr>\n<tr>\n<td width=\"77\">4653-00<\/td>\n<td width=\"432\">Instruments for measuring blood pressure by the indirect method; electronic tonometers; test methods for verification<\/td>\n<td width=\"60\">\n<p align=\"center\">2000<\/p>\n<\/td>\n<\/tr>\n<tr>\n<td width=\"77\">4654-01<\/td>\n<td width=\"432\">Pressure transmitters; technical and metrological requirements<\/td>\n<td width=\"60\">\n<p align=\"center\">2002<\/p>\n<\/td>\n<\/tr>\n<tr>\n<td width=\"77\">4655-01<\/td>\n<td width=\"432\">Pressure transducers; test methods for verification<\/td>\n<td width=\"60\">\n<p align=\"center\">2002<\/p>\n<\/td>\n<\/tr>\n<tr>\n<td width=\"77\">5210-08<\/td>\n<td width=\"432\">Tachographs with registration of the work activity of drivers of motor vehicles which are compulsorily equipped with them; test methods<\/td>\n<td width=\"60\">\n<p align=\"center\">2008<\/p>\n<\/td>\n<\/tr>\n<tr>\n<td width=\"77\">5211-08<\/td>\n<td width=\"432\">Tachographs with registration of the work activity of drivers of motor vehicles which are compulsorily equipped with them; technical and metrological requirements, installation requirements<\/td>\n<td width=\"60\">\n<p align=\"center\">2008<\/p>\n<\/td>\n<\/tr>\n<tr>\n<td width=\"77\">6161-93<\/td>\n<td width=\"432\">Glassware for haematological purposes; sedimentation pipette ? Westergren tube; test methods for verification<\/td>\n<td width=\"60\">\n<p align=\"center\">1993<\/p>\n<\/td>\n<\/tr>\n<tr>\n<td width=\"77\">6370-95<\/td>\n<td width=\"432\">Milk tanks; technical and metrological requirements<\/td>\n<td width=\"60\">\n<p align=\"center\">1995<\/p>\n<\/td>\n<\/tr>\n<tr>\n<td width=\"77\">6371-96<\/td>\n<td width=\"432\">Stationary storage tanks designed as measuring tanks; test methods for verification<\/td>\n<td width=\"60\">\n<p align=\"center\">1996<\/p>\n<\/td>\n<\/tr>\n<tr>\n<td width=\"77\">6620-94<\/td>\n<td width=\"432\">Drum water meters; test methods for verification<\/td>\n<td width=\"60\">\n<p align=\"center\">1995<\/p>\n<\/td>\n<\/tr>\n<tr>\n<td width=\"77\">6621-97<\/td>\n<td width=\"432\">Measurement of water flow in closed pipes, gauges for cold drinking water; test methods<\/td>\n<td width=\"60\">\n<p align=\"center\">1997<\/p>\n<\/td>\n<\/tr>\n<tr>\n<td width=\"77\">6622-97<\/td>\n<td width=\"432\">Measurement of water flow in closed pipes, gauges for cold drinking water; combination gauges; test methods<\/td>\n<td width=\"60\">\n<p align=\"center\">1997<\/p>\n<\/td>\n<\/tr>\n<tr>\n<td width=\"77\">6623-08<\/td>\n<td width=\"432\">Statistical sampling tests of cold water volume meters; procedure for conducting and evaluating tests<\/td>\n<td width=\"60\">\n<p align=\"center\">2008<\/p>\n<\/td>\n<\/tr>\n<tr>\n<td width=\"77\">6660-97<\/td>\n<td width=\"432\">Dispensers for measuring the flow volume of liquid fuels with a dynamic viscosity from 0.3 mPa.s to 20 mPa.s with a maximum flow rate of up to 300 dm<sup>\u00a03<\/sup>\u00a0\/min; test methods for verification<\/td>\n<td width=\"60\">\n<p align=\"center\">1997<\/p>\n<\/td>\n<\/tr>\n<tr>\n<td width=\"77\">6661-01<\/td>\n<td width=\"432\">Dispensers for measuring the volume of liquefied petroleum gases (LPG) and their mixtures with a maximum flow rate of up to 100 dm<sup>\u00a03<\/sup>\u00a0\/min<\/td>\n<td width=\"60\">\n<p align=\"center\">2001<\/p>\n<\/td>\n<\/tr>\n<tr>\n<td width=\"77\">6662-02<\/td>\n<td width=\"432\">Measuring systems for measuring the volume of liquids other than water dispensed or received installed on road tankers ? test methods for verification<\/td>\n<td width=\"60\">\n<p align=\"center\">2002<\/p>\n<\/td>\n<\/tr>\n<tr>\n<td width=\"77\">6664-01<\/td>\n<td width=\"432\">Vortex liquid quantity meters; metrological and technical requirements; installation and operating requirements<\/td>\n<td width=\"60\">\n<p align=\"center\">2002<\/p>\n<\/td>\n<\/tr>\n<tr>\n<td width=\"77\">6665-01<\/td>\n<td width=\"432\">Vortex liquid quantity gauges; test methods for verification<\/td>\n<td width=\"60\">\n<p align=\"center\">2002<\/p>\n<\/td>\n<\/tr>\n<tr>\n<td width=\"77\">6666-03<\/td>\n<td width=\"432\">Measuring assemblies for measuring the volume of fluid leaked into windscreen washers of motor vehicles; test methods for verification<\/td>\n<td width=\"60\">\n<p align=\"center\">2003<\/p>\n<\/td>\n<\/tr>\n<tr>\n<td width=\"77\">6667-03<\/td>\n<td width=\"432\">Dispensers for dispensing and measuring the flow of compressed natural gas (CNG dispensers); metrological and technical requirements<\/td>\n<td width=\"60\">\n<p align=\"center\">2003<\/p>\n<\/td>\n<\/tr>\n<tr>\n<td width=\"77\">6668-03<\/td>\n<td width=\"432\">Dispensers for dispensing and measuring the flow of compressed natural gas (CNG dispensers); test methods for verification<\/td>\n<td width=\"60\">\n<p align=\"center\">2003<\/p>\n<\/td>\n<\/tr>\n<tr>\n<td width=\"77\">6810-06<\/td>\n<td width=\"432\">Membrane gas meters with mechanical temperature compensation. Test methods for verification.<\/td>\n<td width=\"60\">\n<p align=\"center\">2006<\/p>\n<\/td>\n<\/tr>\n<tr>\n<td width=\"77\">6890-95<\/td>\n<td width=\"432\">Gas quantity converters; technical and metrological requirements<\/td>\n<td width=\"60\">\n<p align=\"center\">1995<\/p>\n<\/td>\n<\/tr>\n<tr>\n<td width=\"77\">6891-95<\/td>\n<td width=\"432\">Gas quantity converters; test methods for verification<\/td>\n<td width=\"60\">\n<p align=\"center\">1995<\/p>\n<\/td>\n<\/tr>\n<tr>\n<td width=\"77\">6892-95<\/td>\n<td width=\"432\">Gas quantity converters; abbreviated tests +\u00a0<a href=\"http:\/\/www.cmi.cz\/download.php?wdc=500\"><span>Change<\/span><\/a><span>\u00a0(DOC 24 kB)<\/span><\/td>\n<td width=\"60\">\n<p align=\"center\">1995<\/p>\n<\/td>\n<\/tr>\n<tr>\n<td width=\"77\">8520-00<\/td>\n<td width=\"432\">Moisture meters for cereals, oilseeds and pulses; metrological and technical requirements<\/td>\n<td width=\"60\">\n<p align=\"center\">2000<\/p>\n<\/td>\n<\/tr>\n<tr>\n<td width=\"77\">8521-00<\/td>\n<td width=\"432\">Moisture meters for cereals, oilseeds and pulses; test methods for verification<\/td>\n<td width=\"60\">\n<p align=\"center\">2000<\/p>\n<\/td>\n<\/tr>\n<\/tbody>\n<\/table>\n<p align=\"center\">Distribution is provided by CMI\u00a0\u00a0<a href=\"http:\/\/www.cmi.cz\/index.php?lang=1&amp;wdc=96\"><span>http:\/\/www.cmi.cz\/index.php?lang=1&amp;wdc=96<\/span><\/a><\/p>\n<p>&nbsp;<\/p>\n<p>&nbsp;<\/p>","protected":false},"excerpt":{"rendered":"<p>TPM \u010d\u00edslo N\u00e1zev Rok vyd\u00e1n\u00ed P\u0159edpisy nov\u00e9 a novelizovan\u00e9 v\u00a0aktu\u00e1ln\u00edm roce jsou zv\u00fdrazn\u011bny t\u00edmto podbarven\u00edm 0000-92 Rozd\u011blen\u00ed technick\u00fdch p\u0159edpis\u016f metrologick\u00fdch 1992 0050-92 Etalony. Vyjad\u0159ov\u00e1n\u00ed chyb a nejistot 1992 0051-93 Stanoven\u00ed nejistot p\u0159i m\u011b\u0159en\u00edch (2 d\u00edly) 1993 0860-95 P\u0159\u00edstroje pro m\u011b\u0159en\u00ed d\u00e9lky navinuteln\u00fdch materi\u00e1l\u016f (mod. OIML IR 66:1985) 1995 2270-95 M\u011b\u0159ic\u00ed transform\u00e1tory; z\u00e1sady pro v\u00fdb\u011br, mont\u00e1\u017e [&hellip;]<\/p>\n","protected":false},"author":5,"featured_media":0,"parent":165,"menu_order":0,"comment_status":"closed","ping_status":"closed","template":"fullwidth.php","meta":{"_acf_changed":false,"_seopress_robots_primary_cat":"","_seopress_titles_title":"","_seopress_titles_desc":"","_seopress_robots_index":"","_lmt_disableupdate":"","_lmt_disable":"","footnotes":""},"class_list":["post-938","page","type-page","status-publish","hentry"],"acf":[],"_links":{"self":[{"href":"https:\/\/unmz.gov.cz\/en\/wp-json\/wp\/v2\/pages\/938","targetHints":{"allow":["GET"]}}],"collection":[{"href":"https:\/\/unmz.gov.cz\/en\/wp-json\/wp\/v2\/pages"}],"about":[{"href":"https:\/\/unmz.gov.cz\/en\/wp-json\/wp\/v2\/types\/page"}],"author":[{"embeddable":true,"href":"https:\/\/unmz.gov.cz\/en\/wp-json\/wp\/v2\/users\/5"}],"replies":[{"embeddable":true,"href":"https:\/\/unmz.gov.cz\/en\/wp-json\/wp\/v2\/comments?post=938"}],"version-history":[{"count":0,"href":"https:\/\/unmz.gov.cz\/en\/wp-json\/wp\/v2\/pages\/938\/revisions"}],"up":[{"embeddable":true,"href":"https:\/\/unmz.gov.cz\/en\/wp-json\/wp\/v2\/pages\/165"}],"wp:attachment":[{"href":"https:\/\/unmz.gov.cz\/en\/wp-json\/wp\/v2\/media?parent=938"}],"curies":[{"name":"wp","href":"https:\/\/api.w.org\/{rel}","templated":true}]}}