{"id":946,"date":"2019-07-29T12:47:59","date_gmt":"2019-07-29T10:47:59","guid":{"rendered":"http:\/\/unmz-wp.e-bs.cz\/?page_id=946"},"modified":"2025-04-02T10:26:16","modified_gmt":"2025-04-02T08:26:16","slug":"information-for-authorised-metrology-centres","status":"publish","type":"page","link":"https:\/\/unmz.gov.cz\/en\/metrologie\/autorizace\/informace-pro-autorizovana-metrologicka-strediska\/","title":{"rendered":"Information for authorized metrological centres"},"content":{"rendered":"<p>1.\u00a0<a href=\"https:\/\/unmz.gov.cz\/en\/files\/metrology-2\/informace+pro+ams\/info-ams-stitektachogafu.pdf\/\" target=\"_blank\" rel=\"noopener noreferrer\">Placing the tachograph installation label<\/a>\u00a0(PDF 594 kB)<\/p>\n<p>2.\u00a0<a href=\"https:\/\/unmz.gov.cz\/en\/files\/metrology-2\/informace+pro+ams\/3.+informace+%c5%98o+k+zabezpe%c4%8den%c3%ad+dodr%c5%beov%c3%a1n%c3%ad+pa.pdf\/\" target=\"_blank\" rel=\"noopener noreferrer\">Information from the Director of the Metrology Department of the Ministry of Industry and Trade to ensure compliance with the conditions of authorisation of AMS performing verification of digital tachographs<\/a>\u00a0(PDF 835 kB)<\/p>\n<p>3.\u00a0<a href=\"https:\/\/unmz.gov.cz\/en\/files\/metrology-2\/informace+pro+ams\/zp%c5%afsob+hl%c3%a1%c5%a1en%c3%ad+o+po%c4%8dtu+ov%c4%9b%c5%99en%c3%bdch+m%c4%9b%c5%99idel.pdf\/\" target=\"_blank\" rel=\"noopener noreferrer\">Method of reporting the number of verified meters<\/a>\u00a0(PDF 315 kB),\u00a0<a href=\"https:\/\/unmz.gov.cz\/en\/files\/metrology-2\/informace+pro+ams\/prehledoverenychmeridel_vzor+2016.xlsx\/\" target=\"_blank\" rel=\"noopener noreferrer\">downloadable table in .xlsx format<\/a>\u00a0(15 kB),\u00a0<a href=\"https:\/\/unmz.gov.cz\/en\/files\/metrology-2\/informace+pro+ams\/prehledoverenychmeridel_vzor+2016.xls\/\" target=\"_blank\" rel=\"noopener noreferrer\">downloadable table in .xls format<\/a>\u00a0(55 kB)<\/p>\n<p>4.\u00a0<a href=\"https:\/\/unmz.gov.cz\/en\/files\/metrology-2\/informace+pro+ams\/informace+o+vyd%c3%a1n%c3%ad+mpm+21_16.pdf\/\" target=\"_blank\" rel=\"noopener noreferrer\">Information on the release of MPM 21-16<\/a>\u00a0(PDF 206 kB)<\/p>\n<p>5.\u00a0<a href=\"https:\/\/unmz.gov.cz\/en\/files\/metrology-2\/informace+pro+ams\/informace+mp+017.pdf\/\" target=\"_blank\" rel=\"noopener noreferrer\">Information on the issue of MP 017<\/a>\u00a0(PDF 420 kB)<\/p>\n<p>6.\u00a0<a href=\"https:\/\/unmz.gov.cz\/en\/files\/metrology-2\/informace+pro+ams\/informace+o+vyd%c3%a1n%c3%ad+mpm+10-17.pdf\/\" target=\"_blank\" rel=\"noopener noreferrer\">MPM 10-17 release information<\/a>\u00a0(PDF 63 kB)<\/p>\n<p>7. Information on the issue of MP 018 (<a href=\"https:\/\/unmz.gov.cz\/en\/files\/metrology-2\/informace+pro+ams\/informace+o+vyd%c3%a1n%c3%ad+mp+018.pdf\/\" target=\"_blank\" rel=\"noopener noreferrer\">PDF 67 kB<\/a>) (<a href=\"https:\/\/unmz.gov.cz\/en\/files\/metrology-2\/informace+pro+ams\/informace+o+vyd%c3%a1n%c3%ad+mp+018.doc\/\" target=\"_blank\" rel=\"noopener noreferrer\">DOC 124 kB<\/a>)<\/p>\n<p>8. Reporting the number of verified meters for 2017:\u00a0<a href=\"https:\/\/unmz.gov.cz\/en\/files\/metrology-2\/informace+pro+ams\/p%c5%99ehled+ams+ov%c4%9b%c5%99en%c3%bdch+m%c4%9b%c5%99idel_vzor+2017.xlsx\/\" target=\"_blank\" rel=\"noopener noreferrer\">Table<\/a>\u00a0download (.xlsx, 15 kB)<\/p>\n<p>9.\u00a0<a href=\"https:\/\/unmz.gov.cz\/en\/files\/metrology-2\/informace+pro+ams\/informace+o+vyd%c3%a1n%c3%ad+metrologick%c3%a9ho+p%c5%99edpisu+mp+021.pdf\/\" target=\"_blank\" rel=\"noopener noreferrer\">Information on the issue of MP 021<\/a>\u00a0(PDF 275 kB). Download the regulations:\u00a0<a href=\"https:\/\/unmz.gov.cz\/en\/files\/metrology-2\/informace+pro+ams\/mp_021_web.pdf\/\" target=\"_blank\" rel=\"noopener noreferrer\">MP 021<\/a>\u00a0(PDF 2,5 MB)<\/p>\n<p>10.\u00a0<a href=\"https:\/\/unmz.gov.cz\/en\/files\/metrology-2\/informace+pro+ams\/info+pro+ams+tg+2g.pdf\/\" target=\"_blank\" rel=\"noopener noreferrer\">Information on the introduction of TG 2G<\/a>\u00a0(PDF 27 kB)<\/p>\n<p>11. <a href=\"https:\/\/www.unmz.gov.cz\/wp-content\/uploads\/Informace-o-vyd\u00e1n\u00ed-MPM-10-20.pdf\">MPM 10-20 release information<\/a> + <a href=\"https:\/\/www.unmz.gov.cz\/wp-content\/uploads\/MPM-10-20.pdf\">MPM 10-20<\/a> + <a href=\"https:\/\/www.unmz.gov.cz\/wp-content\/uploads\/Vzory-\u017e\u00e1dost\u00ed-k-MPM-10-20.docx\">Specimen applications for MPM 10-20<\/a><\/p>\n<p>12. <a href=\"https:\/\/www.unmz.gov.cz\/wp-content\/uploads\/Sd\u011blen\u00ed-\u0158O-certifikace.pdf\">Communication from the Managing Authority on the certification of AMS staff<\/a><\/p>\n<p>13. <a href=\"https:\/\/www.unmz.gov.cz\/wp-content\/uploads\/Informace-pro-AMS-MP-018.pdf\">Information on the release of the updated version of the metrological regulation MP 018<\/a><\/p>\n<p style=\"padding-left: 40px;\">Download the regulations: <a href=\"https:\/\/www.cmi.cz\/sites\/all\/files\/public\/download\/Ostatni_sluzby\/Metrologicke_predpisy\/MP%20018_2021_web.pdf\">MP 018<\/a> (<span dir=\"ltr\" role=\"presentation\">Tachographs with registration of drivers' work activity<\/span><span dir=\"ltr\" role=\"presentation\"> \u00a0 \u00a0 motor vehicles that are compulsorily equipped with them - analogue and digital, <\/span><span dir=\"ltr\" role=\"presentation\">testing procedure for verification)<\/span><\/p>\n<p>14. <a href=\"https:\/\/www.unmz.gov.cz\/wp-content\/uploads\/info-MP-002.pdf\">Information on the release of the updated version of the metrology regulation MP 002<\/a><\/p>\n<p>15. <a href=\"https:\/\/www.unmz.gov.cz\/wp-content\/uploads\/Informace-o-vydani-pokynu-MPM-10-23.pdf\">Information on the release of MPM 10-23<\/a> + <a href=\"https:\/\/www.unmz.gov.cz\/wp-content\/uploads\/MPM-10-23pdf.pdf\">MPM 10-23<\/a> + <a href=\"https:\/\/www.unmz.gov.cz\/wp-content\/uploads\/Prilohy-k-MPM-10-23.docx\">Specimen applications for MPM 10-23<\/a><\/p>\n<p>16. <a href=\"https:\/\/www.unmz.gov.cz\/wp-content\/uploads\/Informace-o-vydani-pokynu-MPM-10-23-Z1.doc\">Information on the release of MPM 10-23 Z1<\/a> + <a href=\"https:\/\/www.unmz.gov.cz\/wp-content\/uploads\/MPM-10-23-Z1-Autorizace-subjektu.pdf\">MPM 10-23 Z1<\/a> + <a href=\"https:\/\/www.unmz.gov.cz\/wp-content\/uploads\/MPM-10-23-Z1-VZORY-2.docx\">Application templates for MPM 10-23 Z1<\/a><\/p>\n<p>17. <a href=\"https:\/\/www.unmz.gov.cz\/wp-content\/uploads\/Pokyn-k-overovani-\u201einteligentnich-tachografu-verze-2_sign-1.pdf\">Instruction of the Director of the Department of Metrology of \u00daNMZ Prague on the verification of \"Intelligent Tachographs Version 2<\/a><\/p>\n<p>18. <a href=\"https:\/\/www.unmz.gov.cz\/wp-content\/uploads\/Informace-pro-AMS-MP-018.pdf\">Information on the release of the updated version of the metrological regulation MP 018<\/a><\/p>\n<p>Download the regulations: <a href=\"https:\/\/unmz.gov.cz\/wp-content\/uploads\/mp-018_2024_web.pdf\">MP 018<\/a> (Tachographs with registration of the work activity of drivers of motor vehicles which are compulsorily equipped with them - analogue and digital, test procedure for verification)<\/p>\n<p>19. <a href=\"https:\/\/www.unmz.gov.cz\/wp-content\/uploads\/pokyn-ro-k-prezkusovani-sm.pdf\">Instruction of the Director of the Department of Metrology of \u00daNMZ Prague on testing of the specified measuring instrument<\/a><\/p>","protected":false},"excerpt":{"rendered":"<p>1.\u00a0Um\u00eds\u0165ov\u00e1n\u00ed instala\u010dn\u00edho \u0161t\u00edtku tachografu\u00a0(PDF 594 kB) 2.\u00a0Informace \u0159editele odboru metrologie \u00daNMZ k zabezpe\u010den\u00ed dodr\u017eov\u00e1n\u00ed podm\u00ednek autorizace AMS prov\u00e1d\u011bj\u00edc\u00edch ov\u011b\u0159ov\u00e1n\u00ed digit\u00e1ln\u00edch tachograf\u016f\u00a0(PDF 835 kB) 3.\u00a0Zp\u016fsob hl\u00e1\u0161en\u00ed po\u010dtu ov\u011b\u0159en\u00fdch m\u011b\u0159idel\u00a0(PDF 315 kB),\u00a0tabulka ke sta\u017een\u00ed ve form\u00e1tu .xlsx\u00a0(15 kB),\u00a0tabulka ke sta\u017een\u00ed ve form\u00e1tu .xls\u00a0(55 kB) 4.\u00a0Informace o vyd\u00e1n\u00ed MPM 21-16\u00a0(PDF 206 kB) 5.\u00a0Informace o vyd\u00e1n\u00ed MP 017\u00a0(PDF 420 [&hellip;]<\/p>\n","protected":false},"author":5,"featured_media":0,"parent":146,"menu_order":0,"comment_status":"closed","ping_status":"closed","template":"","meta":{"_acf_changed":false,"_seopress_robots_primary_cat":"","_seopress_titles_title":"","_seopress_titles_desc":"","_seopress_robots_index":"","_lmt_disableupdate":"no","_lmt_disable":"","footnotes":""},"class_list":["post-946","page","type-page","status-publish","hentry"],"acf":[],"_links":{"self":[{"href":"https:\/\/unmz.gov.cz\/en\/wp-json\/wp\/v2\/pages\/946","targetHints":{"allow":["GET"]}}],"collection":[{"href":"https:\/\/unmz.gov.cz\/en\/wp-json\/wp\/v2\/pages"}],"about":[{"href":"https:\/\/unmz.gov.cz\/en\/wp-json\/wp\/v2\/types\/page"}],"author":[{"embeddable":true,"href":"https:\/\/unmz.gov.cz\/en\/wp-json\/wp\/v2\/users\/5"}],"replies":[{"embeddable":true,"href":"https:\/\/unmz.gov.cz\/en\/wp-json\/wp\/v2\/comments?post=946"}],"version-history":[{"count":1,"href":"https:\/\/unmz.gov.cz\/en\/wp-json\/wp\/v2\/pages\/946\/revisions"}],"predecessor-version":[{"id":11115,"href":"https:\/\/unmz.gov.cz\/en\/wp-json\/wp\/v2\/pages\/946\/revisions\/11115"}],"up":[{"embeddable":true,"href":"https:\/\/unmz.gov.cz\/en\/wp-json\/wp\/v2\/pages\/146"}],"wp:attachment":[{"href":"https:\/\/unmz.gov.cz\/en\/wp-json\/wp\/v2\/media?parent=946"}],"curies":[{"name":"wp","href":"https:\/\/api.w.org\/{rel}","templated":true}]}}